{"id":1108,"date":"2025-09-23T08:57:35","date_gmt":"2025-09-23T08:57:35","guid":{"rendered":"http:\/\/8.218.239.88\/?post_type=product&#038;p=1108"},"modified":"2025-09-23T08:57:35","modified_gmt":"2025-09-23T08:57:35","slug":"12-8v-8ah-rechargeable-lifepo4-battery","status":"publish","type":"product","link":"https:\/\/www.gotopess.com\/pt\/produto\/bateria-12-8v-8ah-recarregavel-lifepo4\/","title":{"rendered":"Bateria LiFePO4 recarreg\u00e1vel de 12,8V 8Ah"},"content":{"rendered":"<p><img decoding=\"async\" class=\"aligncenter size-full wp-image-1109\" src=\"https:\/\/www.gotopess.com\/wp-content\/uploads\/2025\/09\/12.8V-8Ah-Rechargeable-LiFePO4-Battery_0-scaled.jpg\" alt=\"\" width=\"1810\" height=\"2560\" srcset=\"https:\/\/www.gotopess.com\/wp-content\/uploads\/2025\/09\/12.8V-8Ah-Rechargeable-LiFePO4-Battery_0-scaled.jpg 1810w, https:\/\/www.gotopess.com\/wp-content\/uploads\/2025\/09\/12.8V-8Ah-Rechargeable-LiFePO4-Battery_0-283x400.jpg 283w, https:\/\/www.gotopess.com\/wp-content\/uploads\/2025\/09\/12.8V-8Ah-Rechargeable-LiFePO4-Battery_0-566x800.jpg 566w, https:\/\/www.gotopess.com\/wp-content\/uploads\/2025\/09\/12.8V-8Ah-Rechargeable-LiFePO4-Battery_0-768x1086.jpg 768w, https:\/\/www.gotopess.com\/wp-content\/uploads\/2025\/09\/12.8V-8Ah-Rechargeable-LiFePO4-Battery_0-1086x1536.jpg 1086w, https:\/\/www.gotopess.com\/wp-content\/uploads\/2025\/09\/12.8V-8Ah-Rechargeable-LiFePO4-Battery_0-1448x2048.jpg 1448w, https:\/\/www.gotopess.com\/wp-content\/uploads\/2025\/09\/12.8V-8Ah-Rechargeable-LiFePO4-Battery_0-600x848.jpg 600w\" sizes=\"(max-width: 1810px) 100vw, 1810px\" \/> <img decoding=\"async\" class=\"aligncenter size-full wp-image-1111\" src=\"https:\/\/www.gotopess.com\/wp-content\/uploads\/2025\/09\/12.8V-8Ah-Rechargeable-LiFePO4-Battery_1-1-scaled.jpg\" alt=\"\" width=\"1810\" height=\"2560\" srcset=\"https:\/\/www.gotopess.com\/wp-content\/uploads\/2025\/09\/12.8V-8Ah-Rechargeable-LiFePO4-Battery_1-1-scaled.jpg 1810w, https:\/\/www.gotopess.com\/wp-content\/uploads\/2025\/09\/12.8V-8Ah-Rechargeable-LiFePO4-Battery_1-1-283x400.jpg 283w, https:\/\/www.gotopess.com\/wp-content\/uploads\/2025\/09\/12.8V-8Ah-Rechargeable-LiFePO4-Battery_1-1-566x800.jpg 566w, https:\/\/www.gotopess.com\/wp-content\/uploads\/2025\/09\/12.8V-8Ah-Rechargeable-LiFePO4-Battery_1-1-768x1086.jpg 768w, https:\/\/www.gotopess.com\/wp-content\/uploads\/2025\/09\/12.8V-8Ah-Rechargeable-LiFePO4-Battery_1-1-1086x1536.jpg 1086w, https:\/\/www.gotopess.com\/wp-content\/uploads\/2025\/09\/12.8V-8Ah-Rechargeable-LiFePO4-Battery_1-1-1448x2048.jpg 1448w, https:\/\/www.gotopess.com\/wp-content\/uploads\/2025\/09\/12.8V-8Ah-Rechargeable-LiFePO4-Battery_1-1-600x848.jpg 600w\" sizes=\"(max-width: 1810px) 100vw, 1810px\" \/><\/p>","protected":false},"excerpt":{"rendered":"<p>C\u00e9lulas cil\u00edndricas LiFePO4, alta consist\u00eancia, ciclo de vida superior a 6.000 vezes @80%DOD e muito mais seguran\u00e7a.<\/p>\n<p>Recipiente de ABS, substitui perfeitamente a bateria VRLA, desempenho de carga r\u00e1pida, ampla faixa de temperatura de -20~+55\u00b0 C, livre de manuten\u00e7\u00e3o<\/p>\n<p>Prote\u00e7\u00e3o independente para carga e descarga, prote\u00e7\u00e3o contra sobretens\u00e3o, baixa tens\u00e3o, sobretemperatura e curto-circuito<\/p>","protected":false},"featured_media":1113,"comment_status":"open","ping_status":"closed","template":"","meta":[],"product_brand":[145],"product_cat":[45,83,146],"product_tag":[99,103,105,183,181,186,184,106,102],"class_list":{"0":"post-1108","1":"product","2":"type-product","3":"status-publish","4":"has-post-thumbnail","6":"product_brand-gotopower","7":"product_cat-lifepo4-battery","8":"product_cat-lithium-lifepo4-battery","9":"product_cat-12v-lifepo4-battery","10":"product_tag-battery","11":"product_tag-boat","12":"product_tag-golf-cart","13":"product_tag-home","14":"product_tag-lithium-battery","15":"product_tag-marine","16":"product_tag-off-grid","17":"product_tag-rv","18":"product_tag-trolling-motor","20":"first","21":"instock","22":"downloadable","23":"shipping-taxable","24":"product-type-simple"},"_links":{"self":[{"href":"https:\/\/www.gotopess.com\/pt\/wp-json\/wp\/v2\/product\/1108","targetHints":{"allow":["GET"]}}],"collection":[{"href":"https:\/\/www.gotopess.com\/pt\/wp-json\/wp\/v2\/product"}],"about":[{"href":"https:\/\/www.gotopess.com\/pt\/wp-json\/wp\/v2\/types\/product"}],"replies":[{"embeddable":true,"href":"https:\/\/www.gotopess.com\/pt\/wp-json\/wp\/v2\/comments?post=1108"}],"wp:featuredmedia":[{"embeddable":true,"href":"https:\/\/www.gotopess.com\/pt\/wp-json\/wp\/v2\/media\/1113"}],"wp:attachment":[{"href":"https:\/\/www.gotopess.com\/pt\/wp-json\/wp\/v2\/media?parent=1108"}],"wp:term":[{"taxonomy":"product_brand","embeddable":true,"href":"https:\/\/www.gotopess.com\/pt\/wp-json\/wp\/v2\/product_brand?post=1108"},{"taxonomy":"product_cat","embeddable":true,"href":"https:\/\/www.gotopess.com\/pt\/wp-json\/wp\/v2\/product_cat?post=1108"},{"taxonomy":"product_tag","embeddable":true,"href":"https:\/\/www.gotopess.com\/pt\/wp-json\/wp\/v2\/product_tag?post=1108"}],"curies":[{"name":"wp","href":"https:\/\/api.w.org\/{rel}","templated":true}]}}