{"id":1177,"date":"2025-09-23T09:56:19","date_gmt":"2025-09-23T09:56:19","guid":{"rendered":"http:\/\/8.218.239.88\/?post_type=product&#038;p=1177"},"modified":"2025-10-18T21:05:54","modified_gmt":"2025-10-18T13:05:54","slug":"powerbox-pro","status":"publish","type":"product","link":"https:\/\/www.gotopess.com\/pt\/produto\/powerbox-pro\/","title":{"rendered":"Power Wallbox Pro"},"content":{"rendered":"<p><img decoding=\"async\" class=\"aligncenter size-full wp-image-2010\" src=\"https:\/\/www.gotopess.com\/wp-content\/uploads\/2025\/09\/Powerbox-Pro_0_1.webp\" alt=\"\" width=\"1358\" height=\"1920\" srcset=\"https:\/\/www.gotopess.com\/wp-content\/uploads\/2025\/09\/Powerbox-Pro_0_1.webp 1358w, https:\/\/www.gotopess.com\/wp-content\/uploads\/2025\/09\/Powerbox-Pro_0_1-283x400.webp 283w, https:\/\/www.gotopess.com\/wp-content\/uploads\/2025\/09\/Powerbox-Pro_0_1-566x800.webp 566w, https:\/\/www.gotopess.com\/wp-content\/uploads\/2025\/09\/Powerbox-Pro_0_1-768x1086.webp 768w, https:\/\/www.gotopess.com\/wp-content\/uploads\/2025\/09\/Powerbox-Pro_0_1-1086x1536.webp 1086w, https:\/\/www.gotopess.com\/wp-content\/uploads\/2025\/09\/Powerbox-Pro_0_1-8x12.webp 8w, https:\/\/www.gotopess.com\/wp-content\/uploads\/2025\/09\/Powerbox-Pro_0_1-600x848.webp 600w\" sizes=\"(max-width: 1358px) 100vw, 1358px\" \/> <img decoding=\"async\" class=\"aligncenter size-full wp-image-2011\" src=\"https:\/\/www.gotopess.com\/wp-content\/uploads\/2025\/09\/Powerbox-Pro_1_1.webp\" alt=\"\" width=\"1358\" height=\"1920\" srcset=\"https:\/\/www.gotopess.com\/wp-content\/uploads\/2025\/09\/Powerbox-Pro_1_1.webp 1358w, https:\/\/www.gotopess.com\/wp-content\/uploads\/2025\/09\/Powerbox-Pro_1_1-283x400.webp 283w, https:\/\/www.gotopess.com\/wp-content\/uploads\/2025\/09\/Powerbox-Pro_1_1-566x800.webp 566w, https:\/\/www.gotopess.com\/wp-content\/uploads\/2025\/09\/Powerbox-Pro_1_1-768x1086.webp 768w, https:\/\/www.gotopess.com\/wp-content\/uploads\/2025\/09\/Powerbox-Pro_1_1-1086x1536.webp 1086w, https:\/\/www.gotopess.com\/wp-content\/uploads\/2025\/09\/Powerbox-Pro_1_1-8x12.webp 8w, https:\/\/www.gotopess.com\/wp-content\/uploads\/2025\/09\/Powerbox-Pro_1_1-600x848.webp 600w\" sizes=\"(max-width: 1358px) 100vw, 1358px\" \/><\/p>","protected":false},"excerpt":{"rendered":"<p>O Powerbox Pro \u00e9 um produto de baixa tens\u00e3o projetado para cen\u00e1rios de armazenamento de energia dom\u00e9stica, suportando at\u00e9 50 unidades em paralelo e uma cobertura de energia de 10,24 kWh a 512 kWh. Alto n\u00edvel de prote\u00e7\u00e3o, alto desempenho de seguran\u00e7a, f\u00e1cil instala\u00e7\u00e3o e design elegante, o que o torna perfeitamente adequado para a casa moderna<\/p>\n<ul>\n<li>Expans\u00e3o flex\u00edvel: at\u00e9 50 unidades em paralelo Capacidade de 10,24 kWh-512 kWh<\/li>\n<li>Prote\u00e7\u00e3o IP65: sem medo de instala\u00e7\u00e3o externa, com forte adaptabilidade ambiental<\/li>\n<li>Seguran\u00e7a completa: Bloqueio de curto-circuito, resistente a surtos, seguro e confi\u00e1vel<\/li>\n<li>F\u00e1cil instala\u00e7\u00e3o: suporta instala\u00e7\u00f5es na parede e no ch\u00e3o, com alta utiliza\u00e7\u00e3o de espa\u00e7o<\/li>\n<li>Equaliza\u00e7\u00e3o da bateria: suporta a mistura de m\u00f3dulos com SOC diferente para garantir a vida \u00fatil da bateria<\/li>\n<\/ul>","protected":false},"featured_media":1180,"comment_status":"open","ping_status":"closed","template":"","meta":[],"product_brand":[145],"product_cat":[35,263,264],"product_tag":[183],"class_list":{"0":"post-1177","1":"product","2":"type-product","3":"status-publish","4":"has-post-thumbnail","6":"product_brand-gotopower","7":"product_cat-lifepo4-battery-energy-storage-system","8":"product_cat-residential-energy-storage-system","9":"product_cat-wall-box-ess","10":"product_tag-home","12":"first","13":"outofstock","14":"downloadable","15":"shipping-taxable","16":"product-type-simple"},"_links":{"self":[{"href":"https:\/\/www.gotopess.com\/pt\/wp-json\/wp\/v2\/product\/1177","targetHints":{"allow":["GET"]}}],"collection":[{"href":"https:\/\/www.gotopess.com\/pt\/wp-json\/wp\/v2\/product"}],"about":[{"href":"https:\/\/www.gotopess.com\/pt\/wp-json\/wp\/v2\/types\/product"}],"replies":[{"embeddable":true,"href":"https:\/\/www.gotopess.com\/pt\/wp-json\/wp\/v2\/comments?post=1177"}],"wp:featuredmedia":[{"embeddable":true,"href":"https:\/\/www.gotopess.com\/pt\/wp-json\/wp\/v2\/media\/1180"}],"wp:attachment":[{"href":"https:\/\/www.gotopess.com\/pt\/wp-json\/wp\/v2\/media?parent=1177"}],"wp:term":[{"taxonomy":"product_brand","embeddable":true,"href":"https:\/\/www.gotopess.com\/pt\/wp-json\/wp\/v2\/product_brand?post=1177"},{"taxonomy":"product_cat","embeddable":true,"href":"https:\/\/www.gotopess.com\/pt\/wp-json\/wp\/v2\/product_cat?post=1177"},{"taxonomy":"product_tag","embeddable":true,"href":"https:\/\/www.gotopess.com\/pt\/wp-json\/wp\/v2\/product_tag?post=1177"}],"curies":[{"name":"wp","href":"https:\/\/api.w.org\/{rel}","templated":true}]}}