{"id":1187,"date":"2025-09-23T10:08:13","date_gmt":"2025-09-23T10:08:13","guid":{"rendered":"http:\/\/8.218.239.88\/?post_type=product&#038;p=1187"},"modified":"2025-10-11T16:42:51","modified_gmt":"2025-10-11T16:42:51","slug":"vrla-replacement-li-ion-battery-12-8v-280ah-300ah-314ah","status":"publish","type":"product","link":"https:\/\/www.gotopess.com\/pt\/produto\/vrla-replacement-li-ion-battery-12-8v-280ah-300ah-314ah\/","title":{"rendered":"Bateria de \u00edon de l\u00edtio de reposi\u00e7\u00e3o VRLA 12,8V 280Ah 300Ah 314Ah"},"content":{"rendered":"<p><img decoding=\"async\" class=\"aligncenter size-full wp-image-1910\" src=\"https:\/\/www.gotopess.com\/wp-content\/uploads\/2025\/09\/VRLA-Replacement-Li-ion-Battery-12_0-scaled.webp\" alt=\"\" width=\"1810\" height=\"2560\" srcset=\"https:\/\/www.gotopess.com\/wp-content\/uploads\/2025\/09\/VRLA-Replacement-Li-ion-Battery-12_0-scaled.webp 1810w, https:\/\/www.gotopess.com\/wp-content\/uploads\/2025\/09\/VRLA-Replacement-Li-ion-Battery-12_0-283x400.webp 283w, https:\/\/www.gotopess.com\/wp-content\/uploads\/2025\/09\/VRLA-Replacement-Li-ion-Battery-12_0-566x800.webp 566w, https:\/\/www.gotopess.com\/wp-content\/uploads\/2025\/09\/VRLA-Replacement-Li-ion-Battery-12_0-768x1086.webp 768w, https:\/\/www.gotopess.com\/wp-content\/uploads\/2025\/09\/VRLA-Replacement-Li-ion-Battery-12_0-1086x1536.webp 1086w, https:\/\/www.gotopess.com\/wp-content\/uploads\/2025\/09\/VRLA-Replacement-Li-ion-Battery-12_0-1448x2048.webp 1448w, https:\/\/www.gotopess.com\/wp-content\/uploads\/2025\/09\/VRLA-Replacement-Li-ion-Battery-12_0-8x12.webp 8w, https:\/\/www.gotopess.com\/wp-content\/uploads\/2025\/09\/VRLA-Replacement-Li-ion-Battery-12_0-600x848.webp 600w\" sizes=\"(max-width: 1810px) 100vw, 1810px\" \/> <img decoding=\"async\" class=\"aligncenter size-full wp-image-1911\" src=\"https:\/\/www.gotopess.com\/wp-content\/uploads\/2025\/09\/VRLA-Replacement-Li-ion-Battery-12_1-scaled.webp\" alt=\"\" width=\"1810\" height=\"2560\" srcset=\"https:\/\/www.gotopess.com\/wp-content\/uploads\/2025\/09\/VRLA-Replacement-Li-ion-Battery-12_1-scaled.webp 1810w, https:\/\/www.gotopess.com\/wp-content\/uploads\/2025\/09\/VRLA-Replacement-Li-ion-Battery-12_1-283x400.webp 283w, https:\/\/www.gotopess.com\/wp-content\/uploads\/2025\/09\/VRLA-Replacement-Li-ion-Battery-12_1-566x800.webp 566w, https:\/\/www.gotopess.com\/wp-content\/uploads\/2025\/09\/VRLA-Replacement-Li-ion-Battery-12_1-768x1086.webp 768w, https:\/\/www.gotopess.com\/wp-content\/uploads\/2025\/09\/VRLA-Replacement-Li-ion-Battery-12_1-1086x1536.webp 1086w, https:\/\/www.gotopess.com\/wp-content\/uploads\/2025\/09\/VRLA-Replacement-Li-ion-Battery-12_1-1448x2048.webp 1448w, https:\/\/www.gotopess.com\/wp-content\/uploads\/2025\/09\/VRLA-Replacement-Li-ion-Battery-12_1-8x12.webp 8w, https:\/\/www.gotopess.com\/wp-content\/uploads\/2025\/09\/VRLA-Replacement-Li-ion-Battery-12_1-600x848.webp 600w\" sizes=\"(max-width: 1810px) 100vw, 1810px\" \/> <img decoding=\"async\" class=\"aligncenter size-full wp-image-1912\" src=\"https:\/\/www.gotopess.com\/wp-content\/uploads\/2025\/09\/VRLA-Replacement-Li-ion-Battery-12_2-1.webp\" alt=\"\" width=\"1810\" height=\"2560\" \/><\/p>","protected":false},"excerpt":{"rendered":"<ul>\n<li>Long life type prismatic LiFeP04 cells.cycle life over 6000 times,1P4SCell certification:lEC62619, UL1973,UL9540A,UN38.3,MSDS<\/li>\n<li>Case material ABS, replace VRLA battery.IP65 Class water-proof,Maintenance free.<\/li>\n<li>Integrated BMS inside.Independent protection for charge and discharge.+ OVP, LVP, OCP, OTP, LTP, 0TP, Short circuit protection.Optional parts, Heater parts, Blue-tooth module, LCD display<\/li>\n<\/ul>","protected":false},"featured_media":1917,"comment_status":"open","ping_status":"closed","template":"","meta":[],"product_brand":[145],"product_cat":[45,83,146],"product_tag":[99,101,103,105,183,186,184,106,102],"class_list":{"0":"post-1187","1":"product","2":"type-product","3":"status-publish","4":"has-post-thumbnail","6":"product_brand-gotopower","7":"product_cat-lifepo4-battery","8":"product_cat-lithium-lifepo4-battery","9":"product_cat-12v-lifepo4-battery","10":"product_tag-battery","11":"product_tag-bluetooth","12":"product_tag-boat","13":"product_tag-golf-cart","14":"product_tag-home","15":"product_tag-marine","16":"product_tag-off-grid","17":"product_tag-rv","18":"product_tag-trolling-motor","20":"first","21":"instock","22":"downloadable","23":"shipping-taxable","24":"product-type-simple"},"_links":{"self":[{"href":"https:\/\/www.gotopess.com\/pt\/wp-json\/wp\/v2\/product\/1187","targetHints":{"allow":["GET"]}}],"collection":[{"href":"https:\/\/www.gotopess.com\/pt\/wp-json\/wp\/v2\/product"}],"about":[{"href":"https:\/\/www.gotopess.com\/pt\/wp-json\/wp\/v2\/types\/product"}],"replies":[{"embeddable":true,"href":"https:\/\/www.gotopess.com\/pt\/wp-json\/wp\/v2\/comments?post=1187"}],"wp:featuredmedia":[{"embeddable":true,"href":"https:\/\/www.gotopess.com\/pt\/wp-json\/wp\/v2\/media\/1917"}],"wp:attachment":[{"href":"https:\/\/www.gotopess.com\/pt\/wp-json\/wp\/v2\/media?parent=1187"}],"wp:term":[{"taxonomy":"product_brand","embeddable":true,"href":"https:\/\/www.gotopess.com\/pt\/wp-json\/wp\/v2\/product_brand?post=1187"},{"taxonomy":"product_cat","embeddable":true,"href":"https:\/\/www.gotopess.com\/pt\/wp-json\/wp\/v2\/product_cat?post=1187"},{"taxonomy":"product_tag","embeddable":true,"href":"https:\/\/www.gotopess.com\/pt\/wp-json\/wp\/v2\/product_tag?post=1187"}],"curies":[{"name":"wp","href":"https:\/\/api.w.org\/{rel}","templated":true}]}}