{"id":1211,"date":"2025-09-23T12:09:47","date_gmt":"2025-09-23T12:09:47","guid":{"rendered":"http:\/\/8.218.239.88\/?post_type=product&#038;p=1211"},"modified":"2025-10-19T16:22:55","modified_gmt":"2025-10-19T08:22:55","slug":"commercial-and-industrial-energy-storage-all-in-one-261kwh-265kwh-418kwh-506kwh","status":"publish","type":"product","link":"https:\/\/www.gotopess.com\/pt\/produto\/commercial-and-industrial-energy-storage-all-in-one-261kwh-265kwh-418kwh-506kwh\/","title":{"rendered":"Armazenamento de energia comercial e industrial All-in-One 261KWh\/ 265KWh\/418KWh\/506KWh"},"content":{"rendered":"<p><img decoding=\"async\" class=\"aligncenter size-full wp-image-1213\" src=\"https:\/\/www.gotopess.com\/wp-content\/uploads\/2025\/09\/Commercial-and-Industrial-Energy-Storage2.jpg\" alt=\"\" width=\"1718\" height=\"2551\" srcset=\"https:\/\/www.gotopess.com\/wp-content\/uploads\/2025\/09\/Commercial-and-Industrial-Energy-Storage2.jpg 1718w, https:\/\/www.gotopess.com\/wp-content\/uploads\/2025\/09\/Commercial-and-Industrial-Energy-Storage2-269x400.jpg 269w, https:\/\/www.gotopess.com\/wp-content\/uploads\/2025\/09\/Commercial-and-Industrial-Energy-Storage2-539x800.jpg 539w, https:\/\/www.gotopess.com\/wp-content\/uploads\/2025\/09\/Commercial-and-Industrial-Energy-Storage2-768x1140.jpg 768w, https:\/\/www.gotopess.com\/wp-content\/uploads\/2025\/09\/Commercial-and-Industrial-Energy-Storage2-1034x1536.jpg 1034w, https:\/\/www.gotopess.com\/wp-content\/uploads\/2025\/09\/Commercial-and-Industrial-Energy-Storage2-1379x2048.jpg 1379w, https:\/\/www.gotopess.com\/wp-content\/uploads\/2025\/09\/Commercial-and-Industrial-Energy-Storage2-600x891.jpg 600w\" sizes=\"(max-width: 1718px) 100vw, 1718px\" \/> <img decoding=\"async\" class=\"aligncenter size-full wp-image-1214\" src=\"https:\/\/www.gotopess.com\/wp-content\/uploads\/2025\/09\/Commercial-and-Industrial-Energy-Storage3.jpg\" alt=\"\" width=\"1718\" height=\"2551\" srcset=\"https:\/\/www.gotopess.com\/wp-content\/uploads\/2025\/09\/Commercial-and-Industrial-Energy-Storage3.jpg 1718w, https:\/\/www.gotopess.com\/wp-content\/uploads\/2025\/09\/Commercial-and-Industrial-Energy-Storage3-269x400.jpg 269w, https:\/\/www.gotopess.com\/wp-content\/uploads\/2025\/09\/Commercial-and-Industrial-Energy-Storage3-539x800.jpg 539w, https:\/\/www.gotopess.com\/wp-content\/uploads\/2025\/09\/Commercial-and-Industrial-Energy-Storage3-768x1140.jpg 768w, https:\/\/www.gotopess.com\/wp-content\/uploads\/2025\/09\/Commercial-and-Industrial-Energy-Storage3-1034x1536.jpg 1034w, https:\/\/www.gotopess.com\/wp-content\/uploads\/2025\/09\/Commercial-and-Industrial-Energy-Storage3-1379x2048.jpg 1379w, https:\/\/www.gotopess.com\/wp-content\/uploads\/2025\/09\/Commercial-and-Industrial-Energy-Storage3-600x891.jpg 600w\" sizes=\"(max-width: 1718px) 100vw, 1718px\" \/><\/p>","protected":false},"excerpt":{"rendered":"<ul>\n<li>Design altamente integrado e modular para facilitar a manuten\u00e7\u00e3o<\/li>\n<li>Implementa\u00e7\u00e3o sob demanda e suporte para uso paralelo de v\u00e1rios gabinetes<\/li>\n<li>Prote\u00e7\u00e3o el\u00e9trica m\u00faltipla, aviso ativo, prote\u00e7\u00e3o ativa<\/li>\n<li>Suporta comuta\u00e7\u00e3o de VF\/PQ fora da rede e sem interrup\u00e7\u00f5es<\/li>\n<li>Suporte a loT, plataforma de nuvem<\/li>\n<li>Sistema de fonte de alimenta\u00e7\u00e3o dupla integrada AC\/DC<\/li>\n<\/ul>","protected":false},"featured_media":2398,"comment_status":"open","ping_status":"closed","template":"","meta":[],"product_brand":[145],"product_cat":[35,82],"product_tag":[209,207,205,259],"class_list":{"0":"post-1211","1":"product","2":"type-product","3":"status-publish","4":"has-post-thumbnail","6":"product_brand-gotopower","7":"product_cat-lifepo4-battery-energy-storage-system","8":"product_cat-commercial-industrial-battery-energy-storage-system","9":"product_tag-all-in-one","10":"product_tag-commercial-ess","11":"product_tag-ess","12":"product_tag-industrial-energy-storage","14":"first","15":"instock","16":"shipping-taxable","17":"product-type-simple"},"_links":{"self":[{"href":"https:\/\/www.gotopess.com\/pt\/wp-json\/wp\/v2\/product\/1211","targetHints":{"allow":["GET"]}}],"collection":[{"href":"https:\/\/www.gotopess.com\/pt\/wp-json\/wp\/v2\/product"}],"about":[{"href":"https:\/\/www.gotopess.com\/pt\/wp-json\/wp\/v2\/types\/product"}],"replies":[{"embeddable":true,"href":"https:\/\/www.gotopess.com\/pt\/wp-json\/wp\/v2\/comments?post=1211"}],"wp:featuredmedia":[{"embeddable":true,"href":"https:\/\/www.gotopess.com\/pt\/wp-json\/wp\/v2\/media\/2398"}],"wp:attachment":[{"href":"https:\/\/www.gotopess.com\/pt\/wp-json\/wp\/v2\/media?parent=1211"}],"wp:term":[{"taxonomy":"product_brand","embeddable":true,"href":"https:\/\/www.gotopess.com\/pt\/wp-json\/wp\/v2\/product_brand?post=1211"},{"taxonomy":"product_cat","embeddable":true,"href":"https:\/\/www.gotopess.com\/pt\/wp-json\/wp\/v2\/product_cat?post=1211"},{"taxonomy":"product_tag","embeddable":true,"href":"https:\/\/www.gotopess.com\/pt\/wp-json\/wp\/v2\/product_tag?post=1211"}],"curies":[{"name":"wp","href":"https:\/\/api.w.org\/{rel}","templated":true}]}}