{"id":1216,"date":"2025-09-23T12:22:18","date_gmt":"2025-09-23T12:22:18","guid":{"rendered":"http:\/\/8.218.239.88\/?post_type=product&#038;p=1216"},"modified":"2025-10-17T18:05:08","modified_gmt":"2025-10-17T10:05:08","slug":"liquid-cooled-pack","status":"publish","type":"product","link":"https:\/\/www.gotopess.com\/pt\/produto\/liquid-cooled-pack\/","title":{"rendered":"Conjunto de baterias com resfriamento l\u00edquido -314 para sistema de armazenamento de energia em cont\u00eaineres"},"content":{"rendered":"<p><img decoding=\"async\" class=\"aligncenter size-full wp-image-1218\" src=\"https:\/\/www.gotopess.com\/wp-content\/uploads\/2025\/09\/Liquid-Cooled-PACK.jpg\" alt=\"\" width=\"1718\" height=\"2551\" srcset=\"https:\/\/www.gotopess.com\/wp-content\/uploads\/2025\/09\/Liquid-Cooled-PACK.jpg 1718w, https:\/\/www.gotopess.com\/wp-content\/uploads\/2025\/09\/Liquid-Cooled-PACK-269x400.jpg 269w, https:\/\/www.gotopess.com\/wp-content\/uploads\/2025\/09\/Liquid-Cooled-PACK-539x800.jpg 539w, https:\/\/www.gotopess.com\/wp-content\/uploads\/2025\/09\/Liquid-Cooled-PACK-768x1140.jpg 768w, https:\/\/www.gotopess.com\/wp-content\/uploads\/2025\/09\/Liquid-Cooled-PACK-1034x1536.jpg 1034w, https:\/\/www.gotopess.com\/wp-content\/uploads\/2025\/09\/Liquid-Cooled-PACK-1379x2048.jpg 1379w, https:\/\/www.gotopess.com\/wp-content\/uploads\/2025\/09\/Liquid-Cooled-PACK-600x891.jpg 600w\" sizes=\"(max-width: 1718px) 100vw, 1718px\" \/><\/p>","protected":false},"excerpt":{"rendered":"<ul>\n<li>Compact design, module width only 750mm<\/li>\n<li>Aquisi\u00e7\u00e3o de temperatura multicanal<\/li>\n<li>Self-sealing water connections for safety and reliability<\/li>\n<li>Projeto de BMS destac\u00e1vel<\/li>\n<li>Prote\u00e7\u00e3o de fus\u00edveis em n\u00edvel de pacote<\/li>\n<li>Equaliza\u00e7\u00e3o ativa em n\u00edvel de c\u00e9lula<\/li>\n<li>Prote\u00e7\u00e3o por fus\u00edvel no n\u00edvel do pacote<\/li>\n<\/ul>","protected":false},"featured_media":2306,"comment_status":"open","ping_status":"closed","template":"","meta":[],"product_brand":[145],"product_cat":[35,81],"product_tag":[207,206,205],"class_list":{"0":"post-1216","1":"product","2":"type-product","3":"status-publish","4":"has-post-thumbnail","6":"product_brand-gotopower","7":"product_cat-lifepo4-battery-energy-storage-system","8":"product_cat-containerized-solution-battery-energy-storage-system","9":"product_tag-commercial-ess","10":"product_tag-energy-storage","11":"product_tag-ess","13":"first","14":"instock","15":"shipping-taxable","16":"product-type-simple"},"_links":{"self":[{"href":"https:\/\/www.gotopess.com\/pt\/wp-json\/wp\/v2\/product\/1216","targetHints":{"allow":["GET"]}}],"collection":[{"href":"https:\/\/www.gotopess.com\/pt\/wp-json\/wp\/v2\/product"}],"about":[{"href":"https:\/\/www.gotopess.com\/pt\/wp-json\/wp\/v2\/types\/product"}],"replies":[{"embeddable":true,"href":"https:\/\/www.gotopess.com\/pt\/wp-json\/wp\/v2\/comments?post=1216"}],"wp:featuredmedia":[{"embeddable":true,"href":"https:\/\/www.gotopess.com\/pt\/wp-json\/wp\/v2\/media\/2306"}],"wp:attachment":[{"href":"https:\/\/www.gotopess.com\/pt\/wp-json\/wp\/v2\/media?parent=1216"}],"wp:term":[{"taxonomy":"product_brand","embeddable":true,"href":"https:\/\/www.gotopess.com\/pt\/wp-json\/wp\/v2\/product_brand?post=1216"},{"taxonomy":"product_cat","embeddable":true,"href":"https:\/\/www.gotopess.com\/pt\/wp-json\/wp\/v2\/product_cat?post=1216"},{"taxonomy":"product_tag","embeddable":true,"href":"https:\/\/www.gotopess.com\/pt\/wp-json\/wp\/v2\/product_tag?post=1216"}],"curies":[{"name":"wp","href":"https:\/\/api.w.org\/{rel}","templated":true}]}}