{"id":1219,"date":"2025-09-23T12:22:52","date_gmt":"2025-09-23T12:22:52","guid":{"rendered":"http:\/\/8.218.239.88\/?post_type=product&#038;p=1219"},"modified":"2025-10-18T23:44:42","modified_gmt":"2025-10-18T15:44:42","slug":"air-cooling-314-pack-for-containerized-energy-storage-system","status":"publish","type":"product","link":"https:\/\/www.gotopess.com\/pt\/produto\/air-cooling-314-pack-for-containerized-energy-storage-system\/","title":{"rendered":"Pacote de resfriamento a ar -314 para sistema de armazenamento de energia em cont\u00eaineres"},"content":{"rendered":"<p><img decoding=\"async\" class=\"aligncenter wp-image-1220 size-full\" src=\"https:\/\/www.gotopess.com\/wp-content\/uploads\/2025\/09\/Air-Cooled-PACK-e1760801824237.jpg\" alt=\"\" width=\"1718\" height=\"2317\" srcset=\"https:\/\/www.gotopess.com\/wp-content\/uploads\/2025\/09\/Air-Cooled-PACK-e1760801824237.jpg 1718w, https:\/\/www.gotopess.com\/wp-content\/uploads\/2025\/09\/Air-Cooled-PACK-e1760801824237-297x400.jpg 297w, https:\/\/www.gotopess.com\/wp-content\/uploads\/2025\/09\/Air-Cooled-PACK-e1760801824237-593x800.jpg 593w, https:\/\/www.gotopess.com\/wp-content\/uploads\/2025\/09\/Air-Cooled-PACK-e1760801824237-768x1036.jpg 768w, https:\/\/www.gotopess.com\/wp-content\/uploads\/2025\/09\/Air-Cooled-PACK-e1760801824237-1139x1536.jpg 1139w, https:\/\/www.gotopess.com\/wp-content\/uploads\/2025\/09\/Air-Cooled-PACK-e1760801824237-1519x2048.jpg 1519w, https:\/\/www.gotopess.com\/wp-content\/uploads\/2025\/09\/Air-Cooled-PACK-e1760801824237-600x809.jpg 600w, https:\/\/www.gotopess.com\/wp-content\/uploads\/2025\/09\/Air-Cooled-PACK-e1760801824237-9x12.jpg 9w\" sizes=\"(max-width: 1718px) 100vw, 1718px\" \/><\/p>","protected":false},"excerpt":{"rendered":"<ul>\n<li>Fun\u00e7\u00e3o inteligente de controle de velocidade de convers\u00e3o de frequ\u00eancia do ventilador<\/li>\n<li>Aquisi\u00e7\u00e3o de temperatura multicanal<\/li>\n<li>Carca\u00e7a totalmente em pl\u00e1stico com excelente capacidade de isolamento<\/li>\n<li>Design modular, configura\u00e7\u00e3o flex\u00edvel<\/li>\n<li>Projeto de duto de ar separado<\/li>\n<li>Tecnologia de montagem de n\u00facleo CTP<\/li>\n<li>Equaliza\u00e7\u00e3o ativa em n\u00edvel de c\u00e9lula<\/li>\n<li>Gabinete \u00e0 prova de fogo com classifica\u00e7\u00e3o 5VA<\/li>\n<\/ul>","protected":false},"featured_media":2308,"comment_status":"open","ping_status":"closed","template":"","meta":[],"product_brand":[145],"product_cat":[35,81],"product_tag":[207,206,205],"class_list":{"0":"post-1219","1":"product","2":"type-product","3":"status-publish","4":"has-post-thumbnail","6":"product_brand-gotopower","7":"product_cat-lifepo4-battery-energy-storage-system","8":"product_cat-containerized-solution-battery-energy-storage-system","9":"product_tag-commercial-ess","10":"product_tag-energy-storage","11":"product_tag-ess","13":"first","14":"instock","15":"shipping-taxable","16":"product-type-simple"},"_links":{"self":[{"href":"https:\/\/www.gotopess.com\/pt\/wp-json\/wp\/v2\/product\/1219","targetHints":{"allow":["GET"]}}],"collection":[{"href":"https:\/\/www.gotopess.com\/pt\/wp-json\/wp\/v2\/product"}],"about":[{"href":"https:\/\/www.gotopess.com\/pt\/wp-json\/wp\/v2\/types\/product"}],"replies":[{"embeddable":true,"href":"https:\/\/www.gotopess.com\/pt\/wp-json\/wp\/v2\/comments?post=1219"}],"wp:featuredmedia":[{"embeddable":true,"href":"https:\/\/www.gotopess.com\/pt\/wp-json\/wp\/v2\/media\/2308"}],"wp:attachment":[{"href":"https:\/\/www.gotopess.com\/pt\/wp-json\/wp\/v2\/media?parent=1219"}],"wp:term":[{"taxonomy":"product_brand","embeddable":true,"href":"https:\/\/www.gotopess.com\/pt\/wp-json\/wp\/v2\/product_brand?post=1219"},{"taxonomy":"product_cat","embeddable":true,"href":"https:\/\/www.gotopess.com\/pt\/wp-json\/wp\/v2\/product_cat?post=1219"},{"taxonomy":"product_tag","embeddable":true,"href":"https:\/\/www.gotopess.com\/pt\/wp-json\/wp\/v2\/product_tag?post=1219"}],"curies":[{"name":"wp","href":"https:\/\/api.w.org\/{rel}","templated":true}]}}