{"id":1461,"date":"2025-09-29T03:50:06","date_gmt":"2025-09-29T03:50:06","guid":{"rendered":"http:\/\/8.218.239.88\/?post_type=product&#038;p=1461"},"modified":"2025-10-17T01:48:24","modified_gmt":"2025-10-16T17:48:24","slug":"51-2v-100ah-gt-wall-box","status":"publish","type":"product","link":"https:\/\/www.gotopess.com\/pt\/produto\/51-2v-100ah-gt-wall-box\/","title":{"rendered":"Caixa de parede da bateria de 51,2V 100Ah GT-WESS48100 LiFePO4"},"content":{"rendered":"<p><img decoding=\"async\" class=\"aligncenter size-full wp-image-1938\" src=\"https:\/\/www.gotopess.com\/wp-content\/uploads\/2025\/09\/51.2V-100Ah-GT-WESS48100-LiFePO4-Battery-Wall-Box-scaled.jpg\" alt=\"\" width=\"1810\" height=\"2560\" srcset=\"https:\/\/www.gotopess.com\/wp-content\/uploads\/2025\/09\/51.2V-100Ah-GT-WESS48100-LiFePO4-Battery-Wall-Box-scaled.jpg 1810w, https:\/\/www.gotopess.com\/wp-content\/uploads\/2025\/09\/51.2V-100Ah-GT-WESS48100-LiFePO4-Battery-Wall-Box-283x400.jpg 283w, https:\/\/www.gotopess.com\/wp-content\/uploads\/2025\/09\/51.2V-100Ah-GT-WESS48100-LiFePO4-Battery-Wall-Box-566x800.jpg 566w, https:\/\/www.gotopess.com\/wp-content\/uploads\/2025\/09\/51.2V-100Ah-GT-WESS48100-LiFePO4-Battery-Wall-Box-768x1086.jpg 768w, https:\/\/www.gotopess.com\/wp-content\/uploads\/2025\/09\/51.2V-100Ah-GT-WESS48100-LiFePO4-Battery-Wall-Box-1086x1536.jpg 1086w, https:\/\/www.gotopess.com\/wp-content\/uploads\/2025\/09\/51.2V-100Ah-GT-WESS48100-LiFePO4-Battery-Wall-Box-1448x2048.jpg 1448w, https:\/\/www.gotopess.com\/wp-content\/uploads\/2025\/09\/51.2V-100Ah-GT-WESS48100-LiFePO4-Battery-Wall-Box-8x12.jpg 8w, https:\/\/www.gotopess.com\/wp-content\/uploads\/2025\/09\/51.2V-100Ah-GT-WESS48100-LiFePO4-Battery-Wall-Box-600x848.jpg 600w\" sizes=\"(max-width: 1810px) 100vw, 1810px\" \/><img decoding=\"async\" class=\"aligncenter size-full wp-image-1937\" src=\"https:\/\/www.gotopess.com\/wp-content\/uploads\/2025\/09\/51.2V-100Ah-GT-WESS48100-LiFePO4-Battery-Wall-Box_1-scaled.jpg\" alt=\"\" width=\"1810\" height=\"2560\" srcset=\"https:\/\/www.gotopess.com\/wp-content\/uploads\/2025\/09\/51.2V-100Ah-GT-WESS48100-LiFePO4-Battery-Wall-Box_1-scaled.jpg 1810w, https:\/\/www.gotopess.com\/wp-content\/uploads\/2025\/09\/51.2V-100Ah-GT-WESS48100-LiFePO4-Battery-Wall-Box_1-283x400.jpg 283w, https:\/\/www.gotopess.com\/wp-content\/uploads\/2025\/09\/51.2V-100Ah-GT-WESS48100-LiFePO4-Battery-Wall-Box_1-566x800.jpg 566w, https:\/\/www.gotopess.com\/wp-content\/uploads\/2025\/09\/51.2V-100Ah-GT-WESS48100-LiFePO4-Battery-Wall-Box_1-768x1086.jpg 768w, https:\/\/www.gotopess.com\/wp-content\/uploads\/2025\/09\/51.2V-100Ah-GT-WESS48100-LiFePO4-Battery-Wall-Box_1-1086x1536.jpg 1086w, https:\/\/www.gotopess.com\/wp-content\/uploads\/2025\/09\/51.2V-100Ah-GT-WESS48100-LiFePO4-Battery-Wall-Box_1-1448x2048.jpg 1448w, https:\/\/www.gotopess.com\/wp-content\/uploads\/2025\/09\/51.2V-100Ah-GT-WESS48100-LiFePO4-Battery-Wall-Box_1-8x12.jpg 8w, https:\/\/www.gotopess.com\/wp-content\/uploads\/2025\/09\/51.2V-100Ah-GT-WESS48100-LiFePO4-Battery-Wall-Box_1-600x848.jpg 600w\" sizes=\"(max-width: 1810px) 100vw, 1810px\" \/> <img decoding=\"async\" class=\"aligncenter size-full wp-image-1471\" src=\"https:\/\/www.gotopess.com\/wp-content\/uploads\/2025\/09\/51.2V100-1.png\" alt=\"\" width=\"1920\" height=\"1326\" srcset=\"https:\/\/www.gotopess.com\/wp-content\/uploads\/2025\/09\/51.2V100-1.png 1920w, https:\/\/www.gotopess.com\/wp-content\/uploads\/2025\/09\/51.2V100-1-579x400.png 579w, https:\/\/www.gotopess.com\/wp-content\/uploads\/2025\/09\/51.2V100-1-1158x800.png 1158w, https:\/\/www.gotopess.com\/wp-content\/uploads\/2025\/09\/51.2V100-1-768x530.png 768w, https:\/\/www.gotopess.com\/wp-content\/uploads\/2025\/09\/51.2V100-1-1536x1061.png 1536w, https:\/\/www.gotopess.com\/wp-content\/uploads\/2025\/09\/51.2V100-1-600x414.png 600w\" sizes=\"(max-width: 1920px) 100vw, 1920px\" \/><img decoding=\"async\" class=\"aligncenter size-full wp-image-1468\" src=\"https:\/\/www.gotopess.com\/wp-content\/uploads\/2025\/09\/51.2V100-2-1.jpg\" alt=\"\" width=\"1920\" height=\"1326\" srcset=\"https:\/\/www.gotopess.com\/wp-content\/uploads\/2025\/09\/51.2V100-2-1.jpg 1920w, https:\/\/www.gotopess.com\/wp-content\/uploads\/2025\/09\/51.2V100-2-1-579x400.jpg 579w, https:\/\/www.gotopess.com\/wp-content\/uploads\/2025\/09\/51.2V100-2-1-1158x800.jpg 1158w, https:\/\/www.gotopess.com\/wp-content\/uploads\/2025\/09\/51.2V100-2-1-768x530.jpg 768w, https:\/\/www.gotopess.com\/wp-content\/uploads\/2025\/09\/51.2V100-2-1-1536x1061.jpg 1536w, https:\/\/www.gotopess.com\/wp-content\/uploads\/2025\/09\/51.2V100-2-1-600x414.jpg 600w\" sizes=\"(max-width: 1920px) 100vw, 1920px\" \/> <img decoding=\"async\" class=\"aligncenter size-full wp-image-1469\" src=\"https:\/\/www.gotopess.com\/wp-content\/uploads\/2025\/09\/51.2V100.545-1.jpg\" alt=\"\" width=\"1920\" height=\"1326\" srcset=\"https:\/\/www.gotopess.com\/wp-content\/uploads\/2025\/09\/51.2V100.545-1.jpg 1920w, https:\/\/www.gotopess.com\/wp-content\/uploads\/2025\/09\/51.2V100.545-1-579x400.jpg 579w, https:\/\/www.gotopess.com\/wp-content\/uploads\/2025\/09\/51.2V100.545-1-1158x800.jpg 1158w, https:\/\/www.gotopess.com\/wp-content\/uploads\/2025\/09\/51.2V100.545-1-768x530.jpg 768w, https:\/\/www.gotopess.com\/wp-content\/uploads\/2025\/09\/51.2V100.545-1-1536x1061.jpg 1536w, https:\/\/www.gotopess.com\/wp-content\/uploads\/2025\/09\/51.2V100.545-1-600x414.jpg 600w\" sizes=\"(max-width: 1920px) 100vw, 1920px\" \/> <img decoding=\"async\" class=\"aligncenter size-full wp-image-1470\" src=\"https:\/\/www.gotopess.com\/wp-content\/uploads\/2025\/09\/51.2V100-1.jpg\" alt=\"\" width=\"1920\" height=\"1326\" srcset=\"https:\/\/www.gotopess.com\/wp-content\/uploads\/2025\/09\/51.2V100-1.jpg 1920w, https:\/\/www.gotopess.com\/wp-content\/uploads\/2025\/09\/51.2V100-1-579x400.jpg 579w, https:\/\/www.gotopess.com\/wp-content\/uploads\/2025\/09\/51.2V100-1-1158x800.jpg 1158w, https:\/\/www.gotopess.com\/wp-content\/uploads\/2025\/09\/51.2V100-1-768x530.jpg 768w, https:\/\/www.gotopess.com\/wp-content\/uploads\/2025\/09\/51.2V100-1-1536x1061.jpg 1536w, https:\/\/www.gotopess.com\/wp-content\/uploads\/2025\/09\/51.2V100-1-600x414.jpg 600w\" sizes=\"(max-width: 1920px) 100vw, 1920px\" \/><\/p>","protected":false},"excerpt":{"rendered":"<ul>\n<li>Constru\u00eddo para o sistema de armazenamento de energia.<\/li>\n<li>Oferece um pacote de baterias padr\u00e3o bem projetado e de alto desempenho.<\/li>\n<li>A bateria \u00e9 compacta, f\u00e1cil de instalar, n\u00e3o requer manuten\u00e7\u00e3o e pode ser instalada em paralelo no sistema de armazenamento de energia para aumentar sua capacidade.<\/li>\n<li>\u00c9 amplamente utilizado em aplica\u00e7\u00f5es dom\u00e9sticas, pequenos sistemas de armazenamento de energia comerciais e industriais, entre outros.<\/li>\n<\/ul>","protected":false},"featured_media":1521,"comment_status":"open","ping_status":"closed","template":"","meta":[],"product_brand":[145],"product_cat":[35,263,264],"product_tag":[209,99,210,207,206,205,181,220],"class_list":{"0":"post-1461","1":"product","2":"type-product","3":"status-publish","4":"has-post-thumbnail","6":"product_brand-gotopower","7":"product_cat-lifepo4-battery-energy-storage-system","8":"product_cat-residential-energy-storage-system","9":"product_cat-wall-box-ess","10":"product_tag-all-in-one","11":"product_tag-battery","12":"product_tag-bms","13":"product_tag-commercial-ess","14":"product_tag-energy-storage","15":"product_tag-ess","16":"product_tag-lithium-battery","17":"product_tag-wall-box","19":"first","20":"instock","21":"downloadable","22":"shipping-taxable","23":"product-type-simple"},"_links":{"self":[{"href":"https:\/\/www.gotopess.com\/pt\/wp-json\/wp\/v2\/product\/1461","targetHints":{"allow":["GET"]}}],"collection":[{"href":"https:\/\/www.gotopess.com\/pt\/wp-json\/wp\/v2\/product"}],"about":[{"href":"https:\/\/www.gotopess.com\/pt\/wp-json\/wp\/v2\/types\/product"}],"replies":[{"embeddable":true,"href":"https:\/\/www.gotopess.com\/pt\/wp-json\/wp\/v2\/comments?post=1461"}],"wp:featuredmedia":[{"embeddable":true,"href":"https:\/\/www.gotopess.com\/pt\/wp-json\/wp\/v2\/media\/1521"}],"wp:attachment":[{"href":"https:\/\/www.gotopess.com\/pt\/wp-json\/wp\/v2\/media?parent=1461"}],"wp:term":[{"taxonomy":"product_brand","embeddable":true,"href":"https:\/\/www.gotopess.com\/pt\/wp-json\/wp\/v2\/product_brand?post=1461"},{"taxonomy":"product_cat","embeddable":true,"href":"https:\/\/www.gotopess.com\/pt\/wp-json\/wp\/v2\/product_cat?post=1461"},{"taxonomy":"product_tag","embeddable":true,"href":"https:\/\/www.gotopess.com\/pt\/wp-json\/wp\/v2\/product_tag?post=1461"}],"curies":[{"name":"wp","href":"https:\/\/api.w.org\/{rel}","templated":true}]}}