{"id":1486,"date":"2025-09-29T04:42:08","date_gmt":"2025-09-29T04:42:08","guid":{"rendered":"http:\/\/8.218.239.88\/?post_type=product&#038;p=1486"},"modified":"2025-10-17T17:33:31","modified_gmt":"2025-10-17T09:33:31","slug":"51-2v-100ah-gt-rack-lithium-battery","status":"publish","type":"product","link":"https:\/\/www.gotopess.com\/pt\/produto\/51-2v-100ah-gt-rack-lithium-battery-2\/","title":{"rendered":"Bateria de l\u00edtio para rack GT-ESS48100 de 51,2 V e 100 Ah"},"content":{"rendered":"<p><img decoding=\"async\" class=\"aligncenter size-full wp-image-1923\" src=\"https:\/\/www.gotopess.com\/wp-content\/uploads\/2025\/09\/51.2V-100Ah-GT-ESS48100-Rack-Lithium-Battery_0.webp\" alt=\"\" width=\"1358\" height=\"1920\" srcset=\"https:\/\/www.gotopess.com\/wp-content\/uploads\/2025\/09\/51.2V-100Ah-GT-ESS48100-Rack-Lithium-Battery_0.webp 1358w, https:\/\/www.gotopess.com\/wp-content\/uploads\/2025\/09\/51.2V-100Ah-GT-ESS48100-Rack-Lithium-Battery_0-283x400.webp 283w, https:\/\/www.gotopess.com\/wp-content\/uploads\/2025\/09\/51.2V-100Ah-GT-ESS48100-Rack-Lithium-Battery_0-566x800.webp 566w, https:\/\/www.gotopess.com\/wp-content\/uploads\/2025\/09\/51.2V-100Ah-GT-ESS48100-Rack-Lithium-Battery_0-768x1086.webp 768w, https:\/\/www.gotopess.com\/wp-content\/uploads\/2025\/09\/51.2V-100Ah-GT-ESS48100-Rack-Lithium-Battery_0-1086x1536.webp 1086w, https:\/\/www.gotopess.com\/wp-content\/uploads\/2025\/09\/51.2V-100Ah-GT-ESS48100-Rack-Lithium-Battery_0-8x12.webp 8w, https:\/\/www.gotopess.com\/wp-content\/uploads\/2025\/09\/51.2V-100Ah-GT-ESS48100-Rack-Lithium-Battery_0-600x848.webp 600w\" sizes=\"(max-width: 1358px) 100vw, 1358px\" \/> <img decoding=\"async\" class=\"aligncenter size-full wp-image-1924\" src=\"https:\/\/www.gotopess.com\/wp-content\/uploads\/2025\/09\/51.2V-100Ah-GT-ESS48100-Rack-Lithium-Battery_1.webp\" alt=\"\" width=\"1358\" height=\"1920\" srcset=\"https:\/\/www.gotopess.com\/wp-content\/uploads\/2025\/09\/51.2V-100Ah-GT-ESS48100-Rack-Lithium-Battery_1.webp 1358w, https:\/\/www.gotopess.com\/wp-content\/uploads\/2025\/09\/51.2V-100Ah-GT-ESS48100-Rack-Lithium-Battery_1-283x400.webp 283w, https:\/\/www.gotopess.com\/wp-content\/uploads\/2025\/09\/51.2V-100Ah-GT-ESS48100-Rack-Lithium-Battery_1-566x800.webp 566w, https:\/\/www.gotopess.com\/wp-content\/uploads\/2025\/09\/51.2V-100Ah-GT-ESS48100-Rack-Lithium-Battery_1-768x1086.webp 768w, https:\/\/www.gotopess.com\/wp-content\/uploads\/2025\/09\/51.2V-100Ah-GT-ESS48100-Rack-Lithium-Battery_1-1086x1536.webp 1086w, https:\/\/www.gotopess.com\/wp-content\/uploads\/2025\/09\/51.2V-100Ah-GT-ESS48100-Rack-Lithium-Battery_1-8x12.webp 8w, https:\/\/www.gotopess.com\/wp-content\/uploads\/2025\/09\/51.2V-100Ah-GT-ESS48100-Rack-Lithium-Battery_1-600x848.webp 600w\" sizes=\"(max-width: 1358px) 100vw, 1358px\" \/><img decoding=\"async\" class=\"aligncenter size-full wp-image-1487\" src=\"https:\/\/www.gotopess.com\/wp-content\/uploads\/2025\/09\/51.2V100-3.png\" alt=\"\" width=\"1920\" height=\"1326\" srcset=\"https:\/\/www.gotopess.com\/wp-content\/uploads\/2025\/09\/51.2V100-3.png 1920w, https:\/\/www.gotopess.com\/wp-content\/uploads\/2025\/09\/51.2V100-3-579x400.png 579w, https:\/\/www.gotopess.com\/wp-content\/uploads\/2025\/09\/51.2V100-3-1158x800.png 1158w, https:\/\/www.gotopess.com\/wp-content\/uploads\/2025\/09\/51.2V100-3-768x530.png 768w, https:\/\/www.gotopess.com\/wp-content\/uploads\/2025\/09\/51.2V100-3-1536x1061.png 1536w, https:\/\/www.gotopess.com\/wp-content\/uploads\/2025\/09\/51.2V100-3-600x414.png 600w\" sizes=\"(max-width: 1920px) 100vw, 1920px\" \/> <img decoding=\"async\" class=\"aligncenter size-full wp-image-1488\" src=\"https:\/\/www.gotopess.com\/wp-content\/uploads\/2025\/09\/51.2V100.429.jpg\" alt=\"\" width=\"1920\" height=\"1326\" srcset=\"https:\/\/www.gotopess.com\/wp-content\/uploads\/2025\/09\/51.2V100.429.jpg 1920w, https:\/\/www.gotopess.com\/wp-content\/uploads\/2025\/09\/51.2V100.429-579x400.jpg 579w, https:\/\/www.gotopess.com\/wp-content\/uploads\/2025\/09\/51.2V100.429-1158x800.jpg 1158w, https:\/\/www.gotopess.com\/wp-content\/uploads\/2025\/09\/51.2V100.429-768x530.jpg 768w, https:\/\/www.gotopess.com\/wp-content\/uploads\/2025\/09\/51.2V100.429-1536x1061.jpg 1536w, https:\/\/www.gotopess.com\/wp-content\/uploads\/2025\/09\/51.2V100.429-600x414.jpg 600w\" sizes=\"(max-width: 1920px) 100vw, 1920px\" \/> <img decoding=\"async\" class=\"aligncenter size-full wp-image-1489\" src=\"https:\/\/www.gotopess.com\/wp-content\/uploads\/2025\/09\/51.2V100.430.jpg\" alt=\"\" width=\"1920\" height=\"1326\" srcset=\"https:\/\/www.gotopess.com\/wp-content\/uploads\/2025\/09\/51.2V100.430.jpg 1920w, https:\/\/www.gotopess.com\/wp-content\/uploads\/2025\/09\/51.2V100.430-579x400.jpg 579w, https:\/\/www.gotopess.com\/wp-content\/uploads\/2025\/09\/51.2V100.430-1158x800.jpg 1158w, https:\/\/www.gotopess.com\/wp-content\/uploads\/2025\/09\/51.2V100.430-768x530.jpg 768w, https:\/\/www.gotopess.com\/wp-content\/uploads\/2025\/09\/51.2V100.430-1536x1061.jpg 1536w, https:\/\/www.gotopess.com\/wp-content\/uploads\/2025\/09\/51.2V100.430-600x414.jpg 600w\" sizes=\"(max-width: 1920px) 100vw, 1920px\" \/> <img decoding=\"async\" class=\"aligncenter size-full wp-image-1490\" src=\"https:\/\/www.gotopess.com\/wp-content\/uploads\/2025\/09\/51.2V100-3.jpg\" alt=\"\" width=\"1920\" height=\"1326\" srcset=\"https:\/\/www.gotopess.com\/wp-content\/uploads\/2025\/09\/51.2V100-3.jpg 1920w, https:\/\/www.gotopess.com\/wp-content\/uploads\/2025\/09\/51.2V100-3-579x400.jpg 579w, https:\/\/www.gotopess.com\/wp-content\/uploads\/2025\/09\/51.2V100-3-1158x800.jpg 1158w, https:\/\/www.gotopess.com\/wp-content\/uploads\/2025\/09\/51.2V100-3-768x530.jpg 768w, https:\/\/www.gotopess.com\/wp-content\/uploads\/2025\/09\/51.2V100-3-1536x1061.jpg 1536w, https:\/\/www.gotopess.com\/wp-content\/uploads\/2025\/09\/51.2V100-3-600x414.jpg 600w\" sizes=\"(max-width: 1920px) 100vw, 1920px\" \/> <img decoding=\"async\" class=\"aligncenter size-full wp-image-1491\" src=\"https:\/\/www.gotopess.com\/wp-content\/uploads\/2025\/09\/51.2V100-2.png\" alt=\"\" width=\"1920\" height=\"1326\" srcset=\"https:\/\/www.gotopess.com\/wp-content\/uploads\/2025\/09\/51.2V100-2.png 1920w, https:\/\/www.gotopess.com\/wp-content\/uploads\/2025\/09\/51.2V100-2-579x400.png 579w, https:\/\/www.gotopess.com\/wp-content\/uploads\/2025\/09\/51.2V100-2-1158x800.png 1158w, https:\/\/www.gotopess.com\/wp-content\/uploads\/2025\/09\/51.2V100-2-768x530.png 768w, https:\/\/www.gotopess.com\/wp-content\/uploads\/2025\/09\/51.2V100-2-1536x1061.png 1536w, https:\/\/www.gotopess.com\/wp-content\/uploads\/2025\/09\/51.2V100-2-600x414.png 600w\" sizes=\"(max-width: 1920px) 100vw, 1920px\" \/><\/p>","protected":false},"excerpt":{"rendered":"<p><strong>Born for Home Storage, a solu\u00e7\u00e3o de energia com o melhor valor para sua casa e fora da rede<\/strong><\/p>\n<ul>\n<li><strong>Chassi 3U, f\u00e1cil de instalar<\/strong>: Conecte diretamente em um gabinete de rack de servidor 3U ou use o componente de empilhamento personalizado LiTime.<\/li>\n<li><strong>Tela sens\u00edvel ao toque inteligente de 3,5 polegadas e indicadores LED<\/strong>Visualiza\u00e7\u00e3o dos dados da bateria e ajuste das configura\u00e7\u00f5es. As luzes de LED podem indicar o SOC da bateria, os alarmes e o status operacional.<\/li>\n<li><strong>Alojamento SPCC<\/strong>: tornam a bateria um inv\u00f3lucro robusto e dur\u00e1vel e melhor dissipa\u00e7\u00e3o de calor.<\/li>\n<li><strong>C\u00e9lulas LiFePO4 de grau EV superior<\/strong>C\u00e9lulas LiFePO4 de grau EV mais leves, mais seguras e mais eficientes, mais de 4000 ciclos @100%DOD e mais de 10 anos de vida \u00fatil da bateria.<\/li>\n<li><strong>5,12kWh de alta energia e 5,12kW de carga de energia<\/strong>Um \u00e9 equivalente a 4*12V100Ah baterias de l\u00edtio<\/li>\n<li><strong>M\u00e1ximo de 16 em paralelo<\/strong>: alcan\u00e7ar 81,92 kWh de energia de expans\u00e3o<\/li>\n<li><strong>Comunica\u00e7\u00f5es fortes<\/strong>Suporte a CAN bus\/RS485, compat\u00edvel com a maioria dos carregadores de inversores solares do mercado, como LiTime, Victron, SMA, DEYE, GoodWe e Growatt<\/li>\n<\/ul>","protected":false},"featured_media":1678,"comment_status":"open","ping_status":"closed","template":"","meta":[],"product_brand":[145],"product_cat":[35,263,266],"product_tag":[207,206,205,181,222],"class_list":{"0":"post-1486","1":"product","2":"type-product","3":"status-publish","4":"has-post-thumbnail","6":"product_brand-gotopower","7":"product_cat-lifepo4-battery-energy-storage-system","8":"product_cat-residential-energy-storage-system","9":"product_cat-rack-mounted-ess","10":"product_tag-commercial-ess","11":"product_tag-energy-storage","12":"product_tag-ess","13":"product_tag-lithium-battery","14":"product_tag-rack","16":"first","17":"instock","18":"downloadable","19":"shipping-taxable","20":"product-type-simple"},"_links":{"self":[{"href":"https:\/\/www.gotopess.com\/pt\/wp-json\/wp\/v2\/product\/1486","targetHints":{"allow":["GET"]}}],"collection":[{"href":"https:\/\/www.gotopess.com\/pt\/wp-json\/wp\/v2\/product"}],"about":[{"href":"https:\/\/www.gotopess.com\/pt\/wp-json\/wp\/v2\/types\/product"}],"replies":[{"embeddable":true,"href":"https:\/\/www.gotopess.com\/pt\/wp-json\/wp\/v2\/comments?post=1486"}],"wp:featuredmedia":[{"embeddable":true,"href":"https:\/\/www.gotopess.com\/pt\/wp-json\/wp\/v2\/media\/1678"}],"wp:attachment":[{"href":"https:\/\/www.gotopess.com\/pt\/wp-json\/wp\/v2\/media?parent=1486"}],"wp:term":[{"taxonomy":"product_brand","embeddable":true,"href":"https:\/\/www.gotopess.com\/pt\/wp-json\/wp\/v2\/product_brand?post=1486"},{"taxonomy":"product_cat","embeddable":true,"href":"https:\/\/www.gotopess.com\/pt\/wp-json\/wp\/v2\/product_cat?post=1486"},{"taxonomy":"product_tag","embeddable":true,"href":"https:\/\/www.gotopess.com\/pt\/wp-json\/wp\/v2\/product_tag?post=1486"}],"curies":[{"name":"wp","href":"https:\/\/api.w.org\/{rel}","templated":true}]}}