{"id":1548,"date":"2025-09-30T10:31:26","date_gmt":"2025-09-30T10:31:26","guid":{"rendered":"http:\/\/8.218.239.88\/?post_type=product&#038;p=1548"},"modified":"2025-10-17T01:40:12","modified_gmt":"2025-10-16T17:40:12","slug":"gt-w5kwh-indoor-floor-mounted-lithium-battery","status":"publish","type":"product","link":"https:\/\/www.gotopess.com\/pt\/produto\/gt-w5kwh-indoor-floor-mounted-lithium-battery\/","title":{"rendered":"GT-W5KWH Bateria de l\u00edtio interna montada no piso"},"content":{"rendered":"<p><img decoding=\"async\" class=\"aligncenter size-full wp-image-1994\" src=\"https:\/\/www.gotopess.com\/wp-content\/uploads\/2025\/09\/GT-W5KWH-51_0.webp\" alt=\"\" width=\"1358\" height=\"1920\" srcset=\"https:\/\/www.gotopess.com\/wp-content\/uploads\/2025\/09\/GT-W5KWH-51_0.webp 1358w, https:\/\/www.gotopess.com\/wp-content\/uploads\/2025\/09\/GT-W5KWH-51_0-283x400.webp 283w, https:\/\/www.gotopess.com\/wp-content\/uploads\/2025\/09\/GT-W5KWH-51_0-566x800.webp 566w, https:\/\/www.gotopess.com\/wp-content\/uploads\/2025\/09\/GT-W5KWH-51_0-768x1086.webp 768w, https:\/\/www.gotopess.com\/wp-content\/uploads\/2025\/09\/GT-W5KWH-51_0-1086x1536.webp 1086w, https:\/\/www.gotopess.com\/wp-content\/uploads\/2025\/09\/GT-W5KWH-51_0-8x12.webp 8w, https:\/\/www.gotopess.com\/wp-content\/uploads\/2025\/09\/GT-W5KWH-51_0-600x848.webp 600w\" sizes=\"(max-width: 1358px) 100vw, 1358px\" \/> <img decoding=\"async\" class=\"aligncenter size-full wp-image-1995\" src=\"https:\/\/www.gotopess.com\/wp-content\/uploads\/2025\/09\/GT-W5KWH-51_1.webp\" alt=\"\" width=\"1358\" height=\"1920\" srcset=\"https:\/\/www.gotopess.com\/wp-content\/uploads\/2025\/09\/GT-W5KWH-51_1.webp 1358w, https:\/\/www.gotopess.com\/wp-content\/uploads\/2025\/09\/GT-W5KWH-51_1-283x400.webp 283w, https:\/\/www.gotopess.com\/wp-content\/uploads\/2025\/09\/GT-W5KWH-51_1-566x800.webp 566w, https:\/\/www.gotopess.com\/wp-content\/uploads\/2025\/09\/GT-W5KWH-51_1-768x1086.webp 768w, https:\/\/www.gotopess.com\/wp-content\/uploads\/2025\/09\/GT-W5KWH-51_1-1086x1536.webp 1086w, https:\/\/www.gotopess.com\/wp-content\/uploads\/2025\/09\/GT-W5KWH-51_1-8x12.webp 8w, https:\/\/www.gotopess.com\/wp-content\/uploads\/2025\/09\/GT-W5KWH-51_1-600x848.webp 600w\" sizes=\"(max-width: 1358px) 100vw, 1358px\" \/><img decoding=\"async\" class=\"aligncenter size-full wp-image-1552\" src=\"https:\/\/www.gotopess.com\/wp-content\/uploads\/2025\/09\/5KWH-Indoor-Floor-Mounted-Battery-Systems-Gotopower4.webp\" alt=\"\" width=\"1920\" height=\"1080\" srcset=\"https:\/\/www.gotopess.com\/wp-content\/uploads\/2025\/09\/5KWH-Indoor-Floor-Mounted-Battery-Systems-Gotopower4.webp 1920w, https:\/\/www.gotopess.com\/wp-content\/uploads\/2025\/09\/5KWH-Indoor-Floor-Mounted-Battery-Systems-Gotopower4-711x400.webp 711w, https:\/\/www.gotopess.com\/wp-content\/uploads\/2025\/09\/5KWH-Indoor-Floor-Mounted-Battery-Systems-Gotopower4-1400x788.webp 1400w, https:\/\/www.gotopess.com\/wp-content\/uploads\/2025\/09\/5KWH-Indoor-Floor-Mounted-Battery-Systems-Gotopower4-768x432.webp 768w, https:\/\/www.gotopess.com\/wp-content\/uploads\/2025\/09\/5KWH-Indoor-Floor-Mounted-Battery-Systems-Gotopower4-1536x864.webp 1536w, https:\/\/www.gotopess.com\/wp-content\/uploads\/2025\/09\/5KWH-Indoor-Floor-Mounted-Battery-Systems-Gotopower4-18x10.webp 18w, https:\/\/www.gotopess.com\/wp-content\/uploads\/2025\/09\/5KWH-Indoor-Floor-Mounted-Battery-Systems-Gotopower4-600x338.webp 600w\" sizes=\"(max-width: 1920px) 100vw, 1920px\" \/> <img decoding=\"async\" class=\"aligncenter size-full wp-image-1551\" src=\"https:\/\/www.gotopess.com\/wp-content\/uploads\/2025\/09\/5KWH-Indoor-Floor-Mounted-Battery-Systems-Gotopower3.webp\" alt=\"\" width=\"1920\" height=\"1080\" srcset=\"https:\/\/www.gotopess.com\/wp-content\/uploads\/2025\/09\/5KWH-Indoor-Floor-Mounted-Battery-Systems-Gotopower3.webp 1920w, https:\/\/www.gotopess.com\/wp-content\/uploads\/2025\/09\/5KWH-Indoor-Floor-Mounted-Battery-Systems-Gotopower3-711x400.webp 711w, https:\/\/www.gotopess.com\/wp-content\/uploads\/2025\/09\/5KWH-Indoor-Floor-Mounted-Battery-Systems-Gotopower3-1400x788.webp 1400w, https:\/\/www.gotopess.com\/wp-content\/uploads\/2025\/09\/5KWH-Indoor-Floor-Mounted-Battery-Systems-Gotopower3-768x432.webp 768w, https:\/\/www.gotopess.com\/wp-content\/uploads\/2025\/09\/5KWH-Indoor-Floor-Mounted-Battery-Systems-Gotopower3-1536x864.webp 1536w, https:\/\/www.gotopess.com\/wp-content\/uploads\/2025\/09\/5KWH-Indoor-Floor-Mounted-Battery-Systems-Gotopower3-18x10.webp 18w, https:\/\/www.gotopess.com\/wp-content\/uploads\/2025\/09\/5KWH-Indoor-Floor-Mounted-Battery-Systems-Gotopower3-600x338.webp 600w\" sizes=\"(max-width: 1920px) 100vw, 1920px\" \/> <img decoding=\"async\" class=\"aligncenter size-full wp-image-1550\" src=\"https:\/\/www.gotopess.com\/wp-content\/uploads\/2025\/09\/5KWH-Indoor-Floor-Mounted-Battery-Systems-Gotopower2.webp\" alt=\"\" width=\"1920\" height=\"1080\" srcset=\"https:\/\/www.gotopess.com\/wp-content\/uploads\/2025\/09\/5KWH-Indoor-Floor-Mounted-Battery-Systems-Gotopower2.webp 1920w, https:\/\/www.gotopess.com\/wp-content\/uploads\/2025\/09\/5KWH-Indoor-Floor-Mounted-Battery-Systems-Gotopower2-711x400.webp 711w, https:\/\/www.gotopess.com\/wp-content\/uploads\/2025\/09\/5KWH-Indoor-Floor-Mounted-Battery-Systems-Gotopower2-1400x788.webp 1400w, https:\/\/www.gotopess.com\/wp-content\/uploads\/2025\/09\/5KWH-Indoor-Floor-Mounted-Battery-Systems-Gotopower2-768x432.webp 768w, https:\/\/www.gotopess.com\/wp-content\/uploads\/2025\/09\/5KWH-Indoor-Floor-Mounted-Battery-Systems-Gotopower2-1536x864.webp 1536w, https:\/\/www.gotopess.com\/wp-content\/uploads\/2025\/09\/5KWH-Indoor-Floor-Mounted-Battery-Systems-Gotopower2-18x10.webp 18w, https:\/\/www.gotopess.com\/wp-content\/uploads\/2025\/09\/5KWH-Indoor-Floor-Mounted-Battery-Systems-Gotopower2-600x338.webp 600w\" sizes=\"(max-width: 1920px) 100vw, 1920px\" \/> <img decoding=\"async\" class=\"aligncenter size-full wp-image-1549\" src=\"https:\/\/www.gotopess.com\/wp-content\/uploads\/2025\/09\/5KWH-Indoor-Floor-Mounted-Battery-Systems-Gotopower1.webp\" alt=\"\" width=\"1920\" height=\"1080\" srcset=\"https:\/\/www.gotopess.com\/wp-content\/uploads\/2025\/09\/5KWH-Indoor-Floor-Mounted-Battery-Systems-Gotopower1.webp 1920w, https:\/\/www.gotopess.com\/wp-content\/uploads\/2025\/09\/5KWH-Indoor-Floor-Mounted-Battery-Systems-Gotopower1-711x400.webp 711w, https:\/\/www.gotopess.com\/wp-content\/uploads\/2025\/09\/5KWH-Indoor-Floor-Mounted-Battery-Systems-Gotopower1-1400x788.webp 1400w, https:\/\/www.gotopess.com\/wp-content\/uploads\/2025\/09\/5KWH-Indoor-Floor-Mounted-Battery-Systems-Gotopower1-768x432.webp 768w, https:\/\/www.gotopess.com\/wp-content\/uploads\/2025\/09\/5KWH-Indoor-Floor-Mounted-Battery-Systems-Gotopower1-1536x864.webp 1536w, https:\/\/www.gotopess.com\/wp-content\/uploads\/2025\/09\/5KWH-Indoor-Floor-Mounted-Battery-Systems-Gotopower1-18x10.webp 18w, https:\/\/www.gotopess.com\/wp-content\/uploads\/2025\/09\/5KWH-Indoor-Floor-Mounted-Battery-Systems-Gotopower1-600x338.webp 600w\" sizes=\"(max-width: 1920px) 100vw, 1920px\" \/><\/p>","protected":false},"excerpt":{"rendered":"<ul>\n<li>Constru\u00eddo para o sistema de armazenamento de energia.<\/li>\n<li>Oferece um pacote de baterias padr\u00e3o bem projetado e de alto desempenho.<\/li>\n<li>A bateria \u00e9 compacta, f\u00e1cil de instalar, n\u00e3o requer manuten\u00e7\u00e3o e pode ser instalada em paralelo no sistema de armazenamento de energia para aumentar sua capacidade.<\/li>\n<li>\u00c9 amplamente utilizado em aplica\u00e7\u00f5es dom\u00e9sticas, pequenos sistemas de armazenamento de energia comerciais e industriais, entre outros.<\/li>\n<\/ul>","protected":false},"featured_media":1993,"comment_status":"open","ping_status":"closed","template":"","meta":[],"product_brand":[145],"product_cat":[35,263,267],"product_tag":[207,206,205,232,181],"class_list":{"0":"post-1548","1":"product","2":"type-product","3":"status-publish","4":"has-post-thumbnail","6":"product_brand-gotopower","7":"product_cat-lifepo4-battery-energy-storage-system","8":"product_cat-residential-energy-storage-system","9":"product_cat-floor-mounted-ess","10":"product_tag-commercial-ess","11":"product_tag-energy-storage","12":"product_tag-ess","13":"product_tag-floor-mounted","14":"product_tag-lithium-battery","16":"first","17":"instock","18":"downloadable","19":"shipping-taxable","20":"product-type-simple"},"_links":{"self":[{"href":"https:\/\/www.gotopess.com\/pt\/wp-json\/wp\/v2\/product\/1548","targetHints":{"allow":["GET"]}}],"collection":[{"href":"https:\/\/www.gotopess.com\/pt\/wp-json\/wp\/v2\/product"}],"about":[{"href":"https:\/\/www.gotopess.com\/pt\/wp-json\/wp\/v2\/types\/product"}],"replies":[{"embeddable":true,"href":"https:\/\/www.gotopess.com\/pt\/wp-json\/wp\/v2\/comments?post=1548"}],"wp:featuredmedia":[{"embeddable":true,"href":"https:\/\/www.gotopess.com\/pt\/wp-json\/wp\/v2\/media\/1993"}],"wp:attachment":[{"href":"https:\/\/www.gotopess.com\/pt\/wp-json\/wp\/v2\/media?parent=1548"}],"wp:term":[{"taxonomy":"product_brand","embeddable":true,"href":"https:\/\/www.gotopess.com\/pt\/wp-json\/wp\/v2\/product_brand?post=1548"},{"taxonomy":"product_cat","embeddable":true,"href":"https:\/\/www.gotopess.com\/pt\/wp-json\/wp\/v2\/product_cat?post=1548"},{"taxonomy":"product_tag","embeddable":true,"href":"https:\/\/www.gotopess.com\/pt\/wp-json\/wp\/v2\/product_tag?post=1548"}],"curies":[{"name":"wp","href":"https:\/\/api.w.org\/{rel}","templated":true}]}}