{"id":1949,"date":"2025-10-09T13:14:50","date_gmt":"2025-10-09T13:14:50","guid":{"rendered":"http:\/\/8.218.239.88\/?post_type=product&#038;p=1949"},"modified":"2025-10-22T22:55:07","modified_gmt":"2025-10-22T14:55:07","slug":"51-2v-300ah-gt-wess48300-floor-mounted-lithium-battery","status":"publish","type":"product","link":"https:\/\/www.gotopess.com\/pt\/produto\/51-2v-300ah-gt-wess48300-floor-mounted-lithium-battery\/","title":{"rendered":"GT-WESS48300 Bateria de l\u00edtio montada no piso 51.2V 300Ah"},"content":{"rendered":"<p><img decoding=\"async\" class=\"aligncenter size-full wp-image-2504\" src=\"https:\/\/www.gotopess.com\/wp-content\/uploads\/2025\/10\/GT-WESS48300_0-scaled.webp\" alt=\"\" width=\"1810\" height=\"2560\" srcset=\"https:\/\/www.gotopess.com\/wp-content\/uploads\/2025\/10\/GT-WESS48300_0-scaled.webp 1810w, https:\/\/www.gotopess.com\/wp-content\/uploads\/2025\/10\/GT-WESS48300_0-283x400.webp 283w, https:\/\/www.gotopess.com\/wp-content\/uploads\/2025\/10\/GT-WESS48300_0-566x800.webp 566w, https:\/\/www.gotopess.com\/wp-content\/uploads\/2025\/10\/GT-WESS48300_0-768x1086.webp 768w, https:\/\/www.gotopess.com\/wp-content\/uploads\/2025\/10\/GT-WESS48300_0-1086x1536.webp 1086w, https:\/\/www.gotopess.com\/wp-content\/uploads\/2025\/10\/GT-WESS48300_0-1448x2048.webp 1448w, https:\/\/www.gotopess.com\/wp-content\/uploads\/2025\/10\/GT-WESS48300_0-8x12.webp 8w, https:\/\/www.gotopess.com\/wp-content\/uploads\/2025\/10\/GT-WESS48300_0-600x848.webp 600w\" sizes=\"(max-width: 1810px) 100vw, 1810px\" \/> <img decoding=\"async\" class=\"aligncenter size-full wp-image-2505\" src=\"https:\/\/www.gotopess.com\/wp-content\/uploads\/2025\/10\/GT-WESS48300_1-scaled.webp\" alt=\"\" width=\"1810\" height=\"2560\" srcset=\"https:\/\/www.gotopess.com\/wp-content\/uploads\/2025\/10\/GT-WESS48300_1-scaled.webp 1810w, https:\/\/www.gotopess.com\/wp-content\/uploads\/2025\/10\/GT-WESS48300_1-283x400.webp 283w, https:\/\/www.gotopess.com\/wp-content\/uploads\/2025\/10\/GT-WESS48300_1-566x800.webp 566w, https:\/\/www.gotopess.com\/wp-content\/uploads\/2025\/10\/GT-WESS48300_1-768x1086.webp 768w, https:\/\/www.gotopess.com\/wp-content\/uploads\/2025\/10\/GT-WESS48300_1-1086x1536.webp 1086w, https:\/\/www.gotopess.com\/wp-content\/uploads\/2025\/10\/GT-WESS48300_1-1448x2048.webp 1448w, https:\/\/www.gotopess.com\/wp-content\/uploads\/2025\/10\/GT-WESS48300_1-8x12.webp 8w, https:\/\/www.gotopess.com\/wp-content\/uploads\/2025\/10\/GT-WESS48300_1-600x848.webp 600w\" sizes=\"(max-width: 1810px) 100vw, 1810px\" \/><\/p>","protected":false},"excerpt":{"rendered":"<div class=\"page\" title=\"P\u00e1gina 1\">\n<div class=\"layoutArea\">\n<div class=\"column\">\n<ul>\n<li>Design de m\u00f3dulo, expans\u00e3o flex\u00edvel<\/li>\n<li>Tier One, composi\u00e7\u00e3o da c\u00e9lula LiFePO4<\/li>\n<li>Design compacto, economia de espa\u00e7o<\/li>\n<li>Combina\u00e7\u00e3o com os principais inversores<\/li>\n<li>6000 ciclos @ 80% DOD<\/li>\n<li>Aplica\u00e7\u00f5es residenciais e comerciais<\/li>\n<\/ul>\n<\/div>\n<\/div>\n<\/div>","protected":false},"featured_media":2506,"comment_status":"open","ping_status":"closed","template":"","meta":[],"product_brand":[145],"product_cat":[45,83,150,35,263,267],"product_tag":[101,207,206,205,232,181],"class_list":{"0":"post-1949","1":"product","2":"type-product","3":"status-publish","4":"has-post-thumbnail","6":"product_brand-gotopower","7":"product_cat-lifepo4-battery","8":"product_cat-lithium-lifepo4-battery","9":"product_cat-48v-lifepo4-battery","10":"product_cat-lifepo4-battery-energy-storage-system","11":"product_cat-residential-energy-storage-system","12":"product_cat-floor-mounted-ess","13":"product_tag-bluetooth","14":"product_tag-commercial-ess","15":"product_tag-energy-storage","16":"product_tag-ess","17":"product_tag-floor-mounted","18":"product_tag-lithium-battery","20":"first","21":"instock","22":"downloadable","23":"shipping-taxable","24":"product-type-simple"},"_links":{"self":[{"href":"https:\/\/www.gotopess.com\/pt\/wp-json\/wp\/v2\/product\/1949","targetHints":{"allow":["GET"]}}],"collection":[{"href":"https:\/\/www.gotopess.com\/pt\/wp-json\/wp\/v2\/product"}],"about":[{"href":"https:\/\/www.gotopess.com\/pt\/wp-json\/wp\/v2\/types\/product"}],"replies":[{"embeddable":true,"href":"https:\/\/www.gotopess.com\/pt\/wp-json\/wp\/v2\/comments?post=1949"}],"wp:featuredmedia":[{"embeddable":true,"href":"https:\/\/www.gotopess.com\/pt\/wp-json\/wp\/v2\/media\/2506"}],"wp:attachment":[{"href":"https:\/\/www.gotopess.com\/pt\/wp-json\/wp\/v2\/media?parent=1949"}],"wp:term":[{"taxonomy":"product_brand","embeddable":true,"href":"https:\/\/www.gotopess.com\/pt\/wp-json\/wp\/v2\/product_brand?post=1949"},{"taxonomy":"product_cat","embeddable":true,"href":"https:\/\/www.gotopess.com\/pt\/wp-json\/wp\/v2\/product_cat?post=1949"},{"taxonomy":"product_tag","embeddable":true,"href":"https:\/\/www.gotopess.com\/pt\/wp-json\/wp\/v2\/product_tag?post=1949"}],"curies":[{"name":"wp","href":"https:\/\/api.w.org\/{rel}","templated":true}]}}