{"id":2081,"date":"2025-10-14T08:25:29","date_gmt":"2025-10-14T08:25:29","guid":{"rendered":"https:\/\/www.gotopess.com\/?post_type=product&#038;p=2081"},"modified":"2025-10-27T21:08:00","modified_gmt":"2025-10-27T13:08:00","slug":"60240kw-dc-ev-charger-standard-series-for-eu","status":"publish","type":"product","link":"https:\/\/www.gotopess.com\/pt\/produto\/60240kw-dc-ev-charger-standard-series-for-eu\/","title":{"rendered":"Carregador de EV CC de 60~240kW S\u00e9rie Padr\u00e3o Certificado pela UE"},"content":{"rendered":"<p data-wp-editing=\"1\"><img decoding=\"async\" class=\"aligncenter size-full wp-image-2269\" src=\"https:\/\/www.gotopess.com\/wp-content\/uploads\/2025\/10\/60240kW-DC-EV-Charger-Standard-Series-Eu-Certified-Gotopower-scaled.webp\" alt=\"\" width=\"1886\" height=\"2560\" srcset=\"https:\/\/www.gotopess.com\/wp-content\/uploads\/2025\/10\/60240kW-DC-EV-Charger-Standard-Series-Eu-Certified-Gotopower-scaled.webp 1886w, https:\/\/www.gotopess.com\/wp-content\/uploads\/2025\/10\/60240kW-DC-EV-Charger-Standard-Series-Eu-Certified-Gotopower-295x400.webp 295w, https:\/\/www.gotopess.com\/wp-content\/uploads\/2025\/10\/60240kW-DC-EV-Charger-Standard-Series-Eu-Certified-Gotopower-589x800.webp 589w, https:\/\/www.gotopess.com\/wp-content\/uploads\/2025\/10\/60240kW-DC-EV-Charger-Standard-Series-Eu-Certified-Gotopower-768x1042.webp 768w, https:\/\/www.gotopess.com\/wp-content\/uploads\/2025\/10\/60240kW-DC-EV-Charger-Standard-Series-Eu-Certified-Gotopower-1132x1536.webp 1132w, https:\/\/www.gotopess.com\/wp-content\/uploads\/2025\/10\/60240kW-DC-EV-Charger-Standard-Series-Eu-Certified-Gotopower-1509x2048.webp 1509w, https:\/\/www.gotopess.com\/wp-content\/uploads\/2025\/10\/60240kW-DC-EV-Charger-Standard-Series-Eu-Certified-Gotopower-9x12.webp 9w, https:\/\/www.gotopess.com\/wp-content\/uploads\/2025\/10\/60240kW-DC-EV-Charger-Standard-Series-Eu-Certified-Gotopower-600x814.webp 600w\" sizes=\"(max-width: 1886px) 100vw, 1886px\" \/><img decoding=\"async\" class=\"aligncenter size-full wp-image-2268\" src=\"https:\/\/www.gotopess.com\/wp-content\/uploads\/2025\/10\/60240kW-DC-EV-Charger-Standard-Series-Eu-Certified-Goto-power-1-scaled.webp\" alt=\"\" width=\"1886\" height=\"2560\" srcset=\"https:\/\/www.gotopess.com\/wp-content\/uploads\/2025\/10\/60240kW-DC-EV-Charger-Standard-Series-Eu-Certified-Goto-power-1-scaled.webp 1886w, https:\/\/www.gotopess.com\/wp-content\/uploads\/2025\/10\/60240kW-DC-EV-Charger-Standard-Series-Eu-Certified-Goto-power-1-295x400.webp 295w, https:\/\/www.gotopess.com\/wp-content\/uploads\/2025\/10\/60240kW-DC-EV-Charger-Standard-Series-Eu-Certified-Goto-power-1-589x800.webp 589w, https:\/\/www.gotopess.com\/wp-content\/uploads\/2025\/10\/60240kW-DC-EV-Charger-Standard-Series-Eu-Certified-Goto-power-1-768x1042.webp 768w, https:\/\/www.gotopess.com\/wp-content\/uploads\/2025\/10\/60240kW-DC-EV-Charger-Standard-Series-Eu-Certified-Goto-power-1-1132x1536.webp 1132w, https:\/\/www.gotopess.com\/wp-content\/uploads\/2025\/10\/60240kW-DC-EV-Charger-Standard-Series-Eu-Certified-Goto-power-1-1509x2048.webp 1509w, https:\/\/www.gotopess.com\/wp-content\/uploads\/2025\/10\/60240kW-DC-EV-Charger-Standard-Series-Eu-Certified-Goto-power-1-9x12.webp 9w, https:\/\/www.gotopess.com\/wp-content\/uploads\/2025\/10\/60240kW-DC-EV-Charger-Standard-Series-Eu-Certified-Goto-power-1-600x814.webp 600w\" sizes=\"(max-width: 1886px) 100vw, 1886px\" \/> <img decoding=\"async\" class=\"aligncenter size-full wp-image-2239\" src=\"https:\/\/www.gotopess.com\/wp-content\/uploads\/2025\/10\/Gotopower-Cloud-Platform-App-and-Web-Portal-12-scaled.webp\" alt=\"\" width=\"1886\" height=\"2560\" srcset=\"https:\/\/www.gotopess.com\/wp-content\/uploads\/2025\/10\/Gotopower-Cloud-Platform-App-and-Web-Portal-12-scaled.webp 1886w, https:\/\/www.gotopess.com\/wp-content\/uploads\/2025\/10\/Gotopower-Cloud-Platform-App-and-Web-Portal-12-295x400.webp 295w, https:\/\/www.gotopess.com\/wp-content\/uploads\/2025\/10\/Gotopower-Cloud-Platform-App-and-Web-Portal-12-589x800.webp 589w, https:\/\/www.gotopess.com\/wp-content\/uploads\/2025\/10\/Gotopower-Cloud-Platform-App-and-Web-Portal-12-768x1042.webp 768w, https:\/\/www.gotopess.com\/wp-content\/uploads\/2025\/10\/Gotopower-Cloud-Platform-App-and-Web-Portal-12-1132x1536.webp 1132w, https:\/\/www.gotopess.com\/wp-content\/uploads\/2025\/10\/Gotopower-Cloud-Platform-App-and-Web-Portal-12-1509x2048.webp 1509w, https:\/\/www.gotopess.com\/wp-content\/uploads\/2025\/10\/Gotopower-Cloud-Platform-App-and-Web-Portal-12-9x12.webp 9w, https:\/\/www.gotopess.com\/wp-content\/uploads\/2025\/10\/Gotopower-Cloud-Platform-App-and-Web-Portal-12-600x814.webp 600w\" sizes=\"(max-width: 1886px) 100vw, 1886px\" \/> <img decoding=\"async\" class=\"aligncenter size-full wp-image-2238\" src=\"https:\/\/www.gotopess.com\/wp-content\/uploads\/2025\/10\/Gotopower-Cloud-Platform-App-and-Web-Portal-1--scaled.webp\" alt=\"\" width=\"1886\" height=\"2560\" srcset=\"https:\/\/www.gotopess.com\/wp-content\/uploads\/2025\/10\/Gotopower-Cloud-Platform-App-and-Web-Portal-1--scaled.webp 1886w, https:\/\/www.gotopess.com\/wp-content\/uploads\/2025\/10\/Gotopower-Cloud-Platform-App-and-Web-Portal-1--295x400.webp 295w, https:\/\/www.gotopess.com\/wp-content\/uploads\/2025\/10\/Gotopower-Cloud-Platform-App-and-Web-Portal-1--589x800.webp 589w, https:\/\/www.gotopess.com\/wp-content\/uploads\/2025\/10\/Gotopower-Cloud-Platform-App-and-Web-Portal-1--768x1042.webp 768w, https:\/\/www.gotopess.com\/wp-content\/uploads\/2025\/10\/Gotopower-Cloud-Platform-App-and-Web-Portal-1--1132x1536.webp 1132w, https:\/\/www.gotopess.com\/wp-content\/uploads\/2025\/10\/Gotopower-Cloud-Platform-App-and-Web-Portal-1--1509x2048.webp 1509w, https:\/\/www.gotopess.com\/wp-content\/uploads\/2025\/10\/Gotopower-Cloud-Platform-App-and-Web-Portal-1--9x12.webp 9w, https:\/\/www.gotopess.com\/wp-content\/uploads\/2025\/10\/Gotopower-Cloud-Platform-App-and-Web-Portal-1--600x814.webp 600w\" sizes=\"(max-width: 1886px) 100vw, 1886px\" \/><\/p>","protected":false},"excerpt":{"rendered":"<p>A s\u00e9rie Standard do carregador de EV CC de 60-240kW da Gotopower foi projetada para o mercado europeu e apresenta compatibilidade com CCS2 para carregamento ultrarr\u00e1pido. Ideal para esta\u00e7\u00f5es de carregamento p\u00fablicas, operadores de frotas e uso comercial. Aumente a efici\u00eancia com solu\u00e7\u00f5es de carregamento confi\u00e1veis, inteligentes e preparadas para o futuro.<\/p>\n<ul>\n<li>Gerenciamento inteligente de energia<\/li>\n<li>M\u00f3dulos de energia otimizados<\/li>\n<li>Diagn\u00f3stico remoto e OTA<\/li>\n<li>Alto tempo de atividade (&gt;98,5%)<\/li>\n<\/ul>","protected":false},"featured_media":2613,"comment_status":"open","ping_status":"closed","template":"","meta":[],"product_brand":[145],"product_cat":[240],"product_tag":[245,243,241,244,242],"class_list":{"0":"post-2081","1":"product","2":"type-product","3":"status-publish","4":"has-post-thumbnail","6":"product_brand-gotopower","7":"product_cat-ev-charger","8":"product_tag-dc-charger","9":"product_tag-dc-charger-eu","10":"product_tag-ev-charger","11":"product_tag-ev-charger-station","12":"product_tag-ev-charging","14":"first","15":"instock","16":"shipping-taxable","17":"product-type-simple"},"_links":{"self":[{"href":"https:\/\/www.gotopess.com\/pt\/wp-json\/wp\/v2\/product\/2081","targetHints":{"allow":["GET"]}}],"collection":[{"href":"https:\/\/www.gotopess.com\/pt\/wp-json\/wp\/v2\/product"}],"about":[{"href":"https:\/\/www.gotopess.com\/pt\/wp-json\/wp\/v2\/types\/product"}],"replies":[{"embeddable":true,"href":"https:\/\/www.gotopess.com\/pt\/wp-json\/wp\/v2\/comments?post=2081"}],"wp:featuredmedia":[{"embeddable":true,"href":"https:\/\/www.gotopess.com\/pt\/wp-json\/wp\/v2\/media\/2613"}],"wp:attachment":[{"href":"https:\/\/www.gotopess.com\/pt\/wp-json\/wp\/v2\/media?parent=2081"}],"wp:term":[{"taxonomy":"product_brand","embeddable":true,"href":"https:\/\/www.gotopess.com\/pt\/wp-json\/wp\/v2\/product_brand?post=2081"},{"taxonomy":"product_cat","embeddable":true,"href":"https:\/\/www.gotopess.com\/pt\/wp-json\/wp\/v2\/product_cat?post=2081"},{"taxonomy":"product_tag","embeddable":true,"href":"https:\/\/www.gotopess.com\/pt\/wp-json\/wp\/v2\/product_tag?post=2081"}],"curies":[{"name":"wp","href":"https:\/\/api.w.org\/{rel}","templated":true}]}}