{"id":2166,"date":"2025-10-15T09:02:32","date_gmt":"2025-10-15T09:02:32","guid":{"rendered":"https:\/\/www.gotopess.com\/?post_type=product&#038;p=2166"},"modified":"2025-10-27T21:20:25","modified_gmt":"2025-10-27T13:20:25","slug":"22kw-ac-ev-charger-series-for-residential-scenarios-eu-certified","status":"publish","type":"product","link":"https:\/\/www.gotopess.com\/pt\/produto\/22kw-ac-ev-charger-series-for-residential-scenarios-eu-certified\/","title":{"rendered":"S\u00e9rie de carregadores AC EV de 22kW para cen\u00e1rios residenciais Certifica\u00e7\u00e3o da UE"},"content":{"rendered":"<p><img decoding=\"async\" class=\"alignnone size-full wp-image-2167 aligncenter\" src=\"https:\/\/www.gotopess.com\/wp-content\/uploads\/2025\/10\/Gotopower-22kW-AC-EV-Charger-Series-for-Residential-Scenarios-Eu-Certified1.webp\" alt=\"\" width=\"1024\" height=\"641\" srcset=\"https:\/\/www.gotopess.com\/wp-content\/uploads\/2025\/10\/Gotopower-22kW-AC-EV-Charger-Series-for-Residential-Scenarios-Eu-Certified1.webp 1024w, https:\/\/www.gotopess.com\/wp-content\/uploads\/2025\/10\/Gotopower-22kW-AC-EV-Charger-Series-for-Residential-Scenarios-Eu-Certified1-639x400.webp 639w, https:\/\/www.gotopess.com\/wp-content\/uploads\/2025\/10\/Gotopower-22kW-AC-EV-Charger-Series-for-Residential-Scenarios-Eu-Certified1-768x481.webp 768w, https:\/\/www.gotopess.com\/wp-content\/uploads\/2025\/10\/Gotopower-22kW-AC-EV-Charger-Series-for-Residential-Scenarios-Eu-Certified1-18x12.webp 18w, https:\/\/www.gotopess.com\/wp-content\/uploads\/2025\/10\/Gotopower-22kW-AC-EV-Charger-Series-for-Residential-Scenarios-Eu-Certified1-600x376.webp 600w\" sizes=\"(max-width: 1024px) 100vw, 1024px\" \/> <img decoding=\"async\" class=\"alignnone size-full wp-image-2168 aligncenter\" src=\"https:\/\/www.gotopess.com\/wp-content\/uploads\/2025\/10\/Gotopower-22kW-AC-EV-Charger-Series-for-Residential-Scenarios-Eu-Certified2.webp\" alt=\"\" width=\"1024\" height=\"364\" srcset=\"https:\/\/www.gotopess.com\/wp-content\/uploads\/2025\/10\/Gotopower-22kW-AC-EV-Charger-Series-for-Residential-Scenarios-Eu-Certified2.webp 1024w, https:\/\/www.gotopess.com\/wp-content\/uploads\/2025\/10\/Gotopower-22kW-AC-EV-Charger-Series-for-Residential-Scenarios-Eu-Certified2-800x284.webp 800w, https:\/\/www.gotopess.com\/wp-content\/uploads\/2025\/10\/Gotopower-22kW-AC-EV-Charger-Series-for-Residential-Scenarios-Eu-Certified2-768x273.webp 768w, https:\/\/www.gotopess.com\/wp-content\/uploads\/2025\/10\/Gotopower-22kW-AC-EV-Charger-Series-for-Residential-Scenarios-Eu-Certified2-18x6.webp 18w, https:\/\/www.gotopess.com\/wp-content\/uploads\/2025\/10\/Gotopower-22kW-AC-EV-Charger-Series-for-Residential-Scenarios-Eu-Certified2-600x213.webp 600w\" sizes=\"(max-width: 1024px) 100vw, 1024px\" \/> <img decoding=\"async\" class=\"alignnone size-full wp-image-2169 aligncenter\" src=\"https:\/\/www.gotopess.com\/wp-content\/uploads\/2025\/10\/Gotopower-22kW-AC-EV-Charger-Series-for-Residential-Scenarios-Eu-Certified3.webp\" alt=\"\" width=\"1024\" height=\"378\" srcset=\"https:\/\/www.gotopess.com\/wp-content\/uploads\/2025\/10\/Gotopower-22kW-AC-EV-Charger-Series-for-Residential-Scenarios-Eu-Certified3.webp 1024w, https:\/\/www.gotopess.com\/wp-content\/uploads\/2025\/10\/Gotopower-22kW-AC-EV-Charger-Series-for-Residential-Scenarios-Eu-Certified3-800x295.webp 800w, https:\/\/www.gotopess.com\/wp-content\/uploads\/2025\/10\/Gotopower-22kW-AC-EV-Charger-Series-for-Residential-Scenarios-Eu-Certified3-768x284.webp 768w, https:\/\/www.gotopess.com\/wp-content\/uploads\/2025\/10\/Gotopower-22kW-AC-EV-Charger-Series-for-Residential-Scenarios-Eu-Certified3-18x7.webp 18w, https:\/\/www.gotopess.com\/wp-content\/uploads\/2025\/10\/Gotopower-22kW-AC-EV-Charger-Series-for-Residential-Scenarios-Eu-Certified3-600x221.webp 600w\" sizes=\"(max-width: 1024px) 100vw, 1024px\" \/> <img decoding=\"async\" class=\"alignnone size-full wp-image-2170 aligncenter\" src=\"https:\/\/www.gotopess.com\/wp-content\/uploads\/2025\/10\/Gotopower-22kW-AC-EV-Charger-Series-for-Residential-Scenarios-Eu-Certified4.webp\" alt=\"\" width=\"1243\" height=\"1536\" srcset=\"https:\/\/www.gotopess.com\/wp-content\/uploads\/2025\/10\/Gotopower-22kW-AC-EV-Charger-Series-for-Residential-Scenarios-Eu-Certified4.webp 1243w, https:\/\/www.gotopess.com\/wp-content\/uploads\/2025\/10\/Gotopower-22kW-AC-EV-Charger-Series-for-Residential-Scenarios-Eu-Certified4-324x400.webp 324w, https:\/\/www.gotopess.com\/wp-content\/uploads\/2025\/10\/Gotopower-22kW-AC-EV-Charger-Series-for-Residential-Scenarios-Eu-Certified4-647x800.webp 647w, https:\/\/www.gotopess.com\/wp-content\/uploads\/2025\/10\/Gotopower-22kW-AC-EV-Charger-Series-for-Residential-Scenarios-Eu-Certified4-768x949.webp 768w, https:\/\/www.gotopess.com\/wp-content\/uploads\/2025\/10\/Gotopower-22kW-AC-EV-Charger-Series-for-Residential-Scenarios-Eu-Certified4-10x12.webp 10w, https:\/\/www.gotopess.com\/wp-content\/uploads\/2025\/10\/Gotopower-22kW-AC-EV-Charger-Series-for-Residential-Scenarios-Eu-Certified4-600x741.webp 600w\" sizes=\"(max-width: 1243px) 100vw, 1243px\" \/> <img decoding=\"async\" class=\"alignnone size-full wp-image-2171 aligncenter\" src=\"https:\/\/www.gotopess.com\/wp-content\/uploads\/2025\/10\/Gotopower-22kW-AC-EV-Charger-Series-for-Residential-Scenarios-Eu-Certified5.webp\" alt=\"\" width=\"1173\" height=\"1536\" srcset=\"https:\/\/www.gotopess.com\/wp-content\/uploads\/2025\/10\/Gotopower-22kW-AC-EV-Charger-Series-for-Residential-Scenarios-Eu-Certified5.webp 1173w, https:\/\/www.gotopess.com\/wp-content\/uploads\/2025\/10\/Gotopower-22kW-AC-EV-Charger-Series-for-Residential-Scenarios-Eu-Certified5-305x400.webp 305w, https:\/\/www.gotopess.com\/wp-content\/uploads\/2025\/10\/Gotopower-22kW-AC-EV-Charger-Series-for-Residential-Scenarios-Eu-Certified5-611x800.webp 611w, https:\/\/www.gotopess.com\/wp-content\/uploads\/2025\/10\/Gotopower-22kW-AC-EV-Charger-Series-for-Residential-Scenarios-Eu-Certified5-768x1006.webp 768w, https:\/\/www.gotopess.com\/wp-content\/uploads\/2025\/10\/Gotopower-22kW-AC-EV-Charger-Series-for-Residential-Scenarios-Eu-Certified5-9x12.webp 9w, https:\/\/www.gotopess.com\/wp-content\/uploads\/2025\/10\/Gotopower-22kW-AC-EV-Charger-Series-for-Residential-Scenarios-Eu-Certified5-600x786.webp 600w\" sizes=\"(max-width: 1173px) 100vw, 1173px\" \/><\/p>","protected":false},"excerpt":{"rendered":"<p>Gotopower 22kW AC EV charger series provides efficient charging solutions for European homes &amp; businesses. Type 2 connector, smart app control, EU-certified. Perfect for overnight charging at home or workplace installations.<\/p>\n<ul>\n<li>Carregamento inteligente e configura\u00e7\u00e3o flex\u00edvel<\/li>\n<li>Autentica\u00e7\u00e3o inteligente, plug &amp; chargeGerenciamento de cart\u00f5es RFID\/aplicativos<\/li>\n<li>Gerenciamento inteligente de carga<\/li>\n<li>Wi-Fi, Bluetooth, 4G, Ethernet, conectividade RS485<\/li>\n<li>Prote\u00e7\u00e3o IP65<\/li>\n<\/ul>","protected":false},"featured_media":2631,"comment_status":"open","ping_status":"closed","template":"","meta":[],"product_brand":[145],"product_cat":[240],"product_tag":[249,246,241,242,248,247],"class_list":{"0":"post-2166","1":"product","2":"type-product","3":"status-publish","4":"has-post-thumbnail","6":"product_brand-gotopower","7":"product_cat-ev-charger","8":"product_tag-ac-ev-charger","9":"product_tag-eu-certified","10":"product_tag-ev-charger","11":"product_tag-ev-charging","12":"product_tag-home-charging-pile","13":"product_tag-smart-ev-charger","15":"first","16":"instock","17":"shipping-taxable","18":"product-type-simple"},"_links":{"self":[{"href":"https:\/\/www.gotopess.com\/pt\/wp-json\/wp\/v2\/product\/2166","targetHints":{"allow":["GET"]}}],"collection":[{"href":"https:\/\/www.gotopess.com\/pt\/wp-json\/wp\/v2\/product"}],"about":[{"href":"https:\/\/www.gotopess.com\/pt\/wp-json\/wp\/v2\/types\/product"}],"replies":[{"embeddable":true,"href":"https:\/\/www.gotopess.com\/pt\/wp-json\/wp\/v2\/comments?post=2166"}],"wp:featuredmedia":[{"embeddable":true,"href":"https:\/\/www.gotopess.com\/pt\/wp-json\/wp\/v2\/media\/2631"}],"wp:attachment":[{"href":"https:\/\/www.gotopess.com\/pt\/wp-json\/wp\/v2\/media?parent=2166"}],"wp:term":[{"taxonomy":"product_brand","embeddable":true,"href":"https:\/\/www.gotopess.com\/pt\/wp-json\/wp\/v2\/product_brand?post=2166"},{"taxonomy":"product_cat","embeddable":true,"href":"https:\/\/www.gotopess.com\/pt\/wp-json\/wp\/v2\/product_cat?post=2166"},{"taxonomy":"product_tag","embeddable":true,"href":"https:\/\/www.gotopess.com\/pt\/wp-json\/wp\/v2\/product_tag?post=2166"}],"curies":[{"name":"wp","href":"https:\/\/api.w.org\/{rel}","templated":true}]}}