{"id":2184,"date":"2025-10-15T09:34:46","date_gmt":"2025-10-15T09:34:46","guid":{"rendered":"https:\/\/www.gotopess.com\/?post_type=product&#038;p=2184"},"modified":"2025-10-27T20:47:45","modified_gmt":"2025-10-27T12:47:45","slug":"720kw-max-high-power-charger-series-for-commercial-industrial-scenarios","status":"publish","type":"product","link":"https:\/\/www.gotopess.com\/pt\/produto\/serie-de-carregadores-de-alta-potencia-de-720kw-max-para-cenarios-comerciais-e-industriais\/","title":{"rendered":"S\u00e9rie de carregadores de alta pot\u00eancia de 720kW Max para cen\u00e1rios comerciais e industriais"},"content":{"rendered":"<p><img decoding=\"async\" class=\"aligncenter size-full wp-image-2605\" src=\"https:\/\/www.gotopess.com\/wp-content\/uploads\/2025\/10\/720kW-Max-High-Power-Charger-Series-for-Commercial-Industrial-Scenarios-1.webp\" alt=\"\" width=\"1920\" height=\"540\" srcset=\"https:\/\/www.gotopess.com\/wp-content\/uploads\/2025\/10\/720kW-Max-High-Power-Charger-Series-for-Commercial-Industrial-Scenarios-1.webp 1920w, https:\/\/www.gotopess.com\/wp-content\/uploads\/2025\/10\/720kW-Max-High-Power-Charger-Series-for-Commercial-Industrial-Scenarios-1-800x225.webp 800w, https:\/\/www.gotopess.com\/wp-content\/uploads\/2025\/10\/720kW-Max-High-Power-Charger-Series-for-Commercial-Industrial-Scenarios-1-1400x394.webp 1400w, https:\/\/www.gotopess.com\/wp-content\/uploads\/2025\/10\/720kW-Max-High-Power-Charger-Series-for-Commercial-Industrial-Scenarios-1-768x216.webp 768w, https:\/\/www.gotopess.com\/wp-content\/uploads\/2025\/10\/720kW-Max-High-Power-Charger-Series-for-Commercial-Industrial-Scenarios-1-1536x432.webp 1536w, https:\/\/www.gotopess.com\/wp-content\/uploads\/2025\/10\/720kW-Max-High-Power-Charger-Series-for-Commercial-Industrial-Scenarios-1-18x5.webp 18w, https:\/\/www.gotopess.com\/wp-content\/uploads\/2025\/10\/720kW-Max-High-Power-Charger-Series-for-Commercial-Industrial-Scenarios-1-600x169.webp 600w\" sizes=\"(max-width: 1920px) 100vw, 1920px\" \/><img decoding=\"async\" class=\"aligncenter size-full wp-image-2233\" src=\"https:\/\/www.gotopess.com\/wp-content\/uploads\/2025\/10\/Gotopower-720kW-Max-High-Power-Charger-Series-for-Commercial-Industrial-Scenarios_11-scaled.webp\" alt=\"\" width=\"1886\" height=\"2560\" srcset=\"https:\/\/www.gotopess.com\/wp-content\/uploads\/2025\/10\/Gotopower-720kW-Max-High-Power-Charger-Series-for-Commercial-Industrial-Scenarios_11-scaled.webp 1886w, https:\/\/www.gotopess.com\/wp-content\/uploads\/2025\/10\/Gotopower-720kW-Max-High-Power-Charger-Series-for-Commercial-Industrial-Scenarios_11-295x400.webp 295w, https:\/\/www.gotopess.com\/wp-content\/uploads\/2025\/10\/Gotopower-720kW-Max-High-Power-Charger-Series-for-Commercial-Industrial-Scenarios_11-589x800.webp 589w, https:\/\/www.gotopess.com\/wp-content\/uploads\/2025\/10\/Gotopower-720kW-Max-High-Power-Charger-Series-for-Commercial-Industrial-Scenarios_11-768x1042.webp 768w, https:\/\/www.gotopess.com\/wp-content\/uploads\/2025\/10\/Gotopower-720kW-Max-High-Power-Charger-Series-for-Commercial-Industrial-Scenarios_11-1132x1536.webp 1132w, https:\/\/www.gotopess.com\/wp-content\/uploads\/2025\/10\/Gotopower-720kW-Max-High-Power-Charger-Series-for-Commercial-Industrial-Scenarios_11-1509x2048.webp 1509w, https:\/\/www.gotopess.com\/wp-content\/uploads\/2025\/10\/Gotopower-720kW-Max-High-Power-Charger-Series-for-Commercial-Industrial-Scenarios_11-9x12.webp 9w, https:\/\/www.gotopess.com\/wp-content\/uploads\/2025\/10\/Gotopower-720kW-Max-High-Power-Charger-Series-for-Commercial-Industrial-Scenarios_11-600x814.webp 600w\" sizes=\"(max-width: 1886px) 100vw, 1886px\" \/> <img decoding=\"async\" class=\"aligncenter size-full wp-image-2234\" src=\"https:\/\/www.gotopess.com\/wp-content\/uploads\/2025\/10\/Gotopower-720kW-Max-High-Power-Charger-Series-for-Commercial-Industrial-Scenarios_12-scaled.webp\" alt=\"\" width=\"1886\" height=\"2560\" srcset=\"https:\/\/www.gotopess.com\/wp-content\/uploads\/2025\/10\/Gotopower-720kW-Max-High-Power-Charger-Series-for-Commercial-Industrial-Scenarios_12-scaled.webp 1886w, https:\/\/www.gotopess.com\/wp-content\/uploads\/2025\/10\/Gotopower-720kW-Max-High-Power-Charger-Series-for-Commercial-Industrial-Scenarios_12-295x400.webp 295w, https:\/\/www.gotopess.com\/wp-content\/uploads\/2025\/10\/Gotopower-720kW-Max-High-Power-Charger-Series-for-Commercial-Industrial-Scenarios_12-589x800.webp 589w, https:\/\/www.gotopess.com\/wp-content\/uploads\/2025\/10\/Gotopower-720kW-Max-High-Power-Charger-Series-for-Commercial-Industrial-Scenarios_12-768x1042.webp 768w, https:\/\/www.gotopess.com\/wp-content\/uploads\/2025\/10\/Gotopower-720kW-Max-High-Power-Charger-Series-for-Commercial-Industrial-Scenarios_12-1132x1536.webp 1132w, https:\/\/www.gotopess.com\/wp-content\/uploads\/2025\/10\/Gotopower-720kW-Max-High-Power-Charger-Series-for-Commercial-Industrial-Scenarios_12-1509x2048.webp 1509w, https:\/\/www.gotopess.com\/wp-content\/uploads\/2025\/10\/Gotopower-720kW-Max-High-Power-Charger-Series-for-Commercial-Industrial-Scenarios_12-9x12.webp 9w, https:\/\/www.gotopess.com\/wp-content\/uploads\/2025\/10\/Gotopower-720kW-Max-High-Power-Charger-Series-for-Commercial-Industrial-Scenarios_12-600x814.webp 600w\" sizes=\"(max-width: 1886px) 100vw, 1886px\" \/> <img decoding=\"async\" class=\"aligncenter size-full wp-image-2235\" src=\"https:\/\/www.gotopess.com\/wp-content\/uploads\/2025\/10\/Gotopower-720kW-Max-High-Power-Charger-Series-for-Commercial-Industrial-Scenarios_13-scaled.webp\" alt=\"\" width=\"1886\" height=\"2560\" srcset=\"https:\/\/www.gotopess.com\/wp-content\/uploads\/2025\/10\/Gotopower-720kW-Max-High-Power-Charger-Series-for-Commercial-Industrial-Scenarios_13-scaled.webp 1886w, https:\/\/www.gotopess.com\/wp-content\/uploads\/2025\/10\/Gotopower-720kW-Max-High-Power-Charger-Series-for-Commercial-Industrial-Scenarios_13-295x400.webp 295w, https:\/\/www.gotopess.com\/wp-content\/uploads\/2025\/10\/Gotopower-720kW-Max-High-Power-Charger-Series-for-Commercial-Industrial-Scenarios_13-589x800.webp 589w, https:\/\/www.gotopess.com\/wp-content\/uploads\/2025\/10\/Gotopower-720kW-Max-High-Power-Charger-Series-for-Commercial-Industrial-Scenarios_13-768x1042.webp 768w, https:\/\/www.gotopess.com\/wp-content\/uploads\/2025\/10\/Gotopower-720kW-Max-High-Power-Charger-Series-for-Commercial-Industrial-Scenarios_13-1132x1536.webp 1132w, https:\/\/www.gotopess.com\/wp-content\/uploads\/2025\/10\/Gotopower-720kW-Max-High-Power-Charger-Series-for-Commercial-Industrial-Scenarios_13-1509x2048.webp 1509w, https:\/\/www.gotopess.com\/wp-content\/uploads\/2025\/10\/Gotopower-720kW-Max-High-Power-Charger-Series-for-Commercial-Industrial-Scenarios_13-9x12.webp 9w, https:\/\/www.gotopess.com\/wp-content\/uploads\/2025\/10\/Gotopower-720kW-Max-High-Power-Charger-Series-for-Commercial-Industrial-Scenarios_13-600x814.webp 600w\" sizes=\"(max-width: 1886px) 100vw, 1886px\" \/> <img decoding=\"async\" class=\"aligncenter size-full wp-image-2236\" src=\"https:\/\/www.gotopess.com\/wp-content\/uploads\/2025\/10\/Gotopower-720kW-Max-High-Power-Charger-Series-for-Commercial-Industrial-Scenarios_14-scaled.webp\" alt=\"\" width=\"1886\" height=\"2560\" srcset=\"https:\/\/www.gotopess.com\/wp-content\/uploads\/2025\/10\/Gotopower-720kW-Max-High-Power-Charger-Series-for-Commercial-Industrial-Scenarios_14-scaled.webp 1886w, https:\/\/www.gotopess.com\/wp-content\/uploads\/2025\/10\/Gotopower-720kW-Max-High-Power-Charger-Series-for-Commercial-Industrial-Scenarios_14-295x400.webp 295w, https:\/\/www.gotopess.com\/wp-content\/uploads\/2025\/10\/Gotopower-720kW-Max-High-Power-Charger-Series-for-Commercial-Industrial-Scenarios_14-589x800.webp 589w, https:\/\/www.gotopess.com\/wp-content\/uploads\/2025\/10\/Gotopower-720kW-Max-High-Power-Charger-Series-for-Commercial-Industrial-Scenarios_14-768x1042.webp 768w, https:\/\/www.gotopess.com\/wp-content\/uploads\/2025\/10\/Gotopower-720kW-Max-High-Power-Charger-Series-for-Commercial-Industrial-Scenarios_14-1132x1536.webp 1132w, https:\/\/www.gotopess.com\/wp-content\/uploads\/2025\/10\/Gotopower-720kW-Max-High-Power-Charger-Series-for-Commercial-Industrial-Scenarios_14-1509x2048.webp 1509w, https:\/\/www.gotopess.com\/wp-content\/uploads\/2025\/10\/Gotopower-720kW-Max-High-Power-Charger-Series-for-Commercial-Industrial-Scenarios_14-9x12.webp 9w, https:\/\/www.gotopess.com\/wp-content\/uploads\/2025\/10\/Gotopower-720kW-Max-High-Power-Charger-Series-for-Commercial-Industrial-Scenarios_14-600x814.webp 600w\" sizes=\"(max-width: 1886px) 100vw, 1886px\" \/><img decoding=\"async\" class=\"aligncenter size-full wp-image-2238\" src=\"https:\/\/www.gotopess.com\/wp-content\/uploads\/2025\/10\/Gotopower-Cloud-Platform-App-and-Web-Portal-1--scaled.webp\" alt=\"\" width=\"1886\" height=\"2560\" srcset=\"https:\/\/www.gotopess.com\/wp-content\/uploads\/2025\/10\/Gotopower-Cloud-Platform-App-and-Web-Portal-1--scaled.webp 1886w, https:\/\/www.gotopess.com\/wp-content\/uploads\/2025\/10\/Gotopower-Cloud-Platform-App-and-Web-Portal-1--295x400.webp 295w, https:\/\/www.gotopess.com\/wp-content\/uploads\/2025\/10\/Gotopower-Cloud-Platform-App-and-Web-Portal-1--589x800.webp 589w, https:\/\/www.gotopess.com\/wp-content\/uploads\/2025\/10\/Gotopower-Cloud-Platform-App-and-Web-Portal-1--768x1042.webp 768w, https:\/\/www.gotopess.com\/wp-content\/uploads\/2025\/10\/Gotopower-Cloud-Platform-App-and-Web-Portal-1--1132x1536.webp 1132w, https:\/\/www.gotopess.com\/wp-content\/uploads\/2025\/10\/Gotopower-Cloud-Platform-App-and-Web-Portal-1--1509x2048.webp 1509w, https:\/\/www.gotopess.com\/wp-content\/uploads\/2025\/10\/Gotopower-Cloud-Platform-App-and-Web-Portal-1--9x12.webp 9w, https:\/\/www.gotopess.com\/wp-content\/uploads\/2025\/10\/Gotopower-Cloud-Platform-App-and-Web-Portal-1--600x814.webp 600w\" sizes=\"(max-width: 1886px) 100vw, 1886px\" \/> <img decoding=\"async\" class=\"aligncenter size-full wp-image-2239\" src=\"https:\/\/www.gotopess.com\/wp-content\/uploads\/2025\/10\/Gotopower-Cloud-Platform-App-and-Web-Portal-12-scaled.webp\" alt=\"\" width=\"1886\" height=\"2560\" srcset=\"https:\/\/www.gotopess.com\/wp-content\/uploads\/2025\/10\/Gotopower-Cloud-Platform-App-and-Web-Portal-12-scaled.webp 1886w, https:\/\/www.gotopess.com\/wp-content\/uploads\/2025\/10\/Gotopower-Cloud-Platform-App-and-Web-Portal-12-295x400.webp 295w, https:\/\/www.gotopess.com\/wp-content\/uploads\/2025\/10\/Gotopower-Cloud-Platform-App-and-Web-Portal-12-589x800.webp 589w, https:\/\/www.gotopess.com\/wp-content\/uploads\/2025\/10\/Gotopower-Cloud-Platform-App-and-Web-Portal-12-768x1042.webp 768w, https:\/\/www.gotopess.com\/wp-content\/uploads\/2025\/10\/Gotopower-Cloud-Platform-App-and-Web-Portal-12-1132x1536.webp 1132w, https:\/\/www.gotopess.com\/wp-content\/uploads\/2025\/10\/Gotopower-Cloud-Platform-App-and-Web-Portal-12-1509x2048.webp 1509w, https:\/\/www.gotopess.com\/wp-content\/uploads\/2025\/10\/Gotopower-Cloud-Platform-App-and-Web-Portal-12-9x12.webp 9w, https:\/\/www.gotopess.com\/wp-content\/uploads\/2025\/10\/Gotopower-Cloud-Platform-App-and-Web-Portal-12-600x814.webp 600w\" sizes=\"(max-width: 1886px) 100vw, 1886px\" \/><img decoding=\"async\" class=\"aligncenter size-full wp-image-2230\" src=\"https:\/\/www.gotopess.com\/wp-content\/uploads\/2025\/10\/720kW-Max-High-Power-Charger-Series-for-Commercial-Industrial-Scenarios8.webp\" alt=\"\" width=\"2048\" height=\"1390\" srcset=\"https:\/\/www.gotopess.com\/wp-content\/uploads\/2025\/10\/720kW-Max-High-Power-Charger-Series-for-Commercial-Industrial-Scenarios8.webp 2048w, https:\/\/www.gotopess.com\/wp-content\/uploads\/2025\/10\/720kW-Max-High-Power-Charger-Series-for-Commercial-Industrial-Scenarios8-589x400.webp 589w, https:\/\/www.gotopess.com\/wp-content\/uploads\/2025\/10\/720kW-Max-High-Power-Charger-Series-for-Commercial-Industrial-Scenarios8-1179x800.webp 1179w, https:\/\/www.gotopess.com\/wp-content\/uploads\/2025\/10\/720kW-Max-High-Power-Charger-Series-for-Commercial-Industrial-Scenarios8-768x521.webp 768w, https:\/\/www.gotopess.com\/wp-content\/uploads\/2025\/10\/720kW-Max-High-Power-Charger-Series-for-Commercial-Industrial-Scenarios8-1536x1043.webp 1536w, https:\/\/www.gotopess.com\/wp-content\/uploads\/2025\/10\/720kW-Max-High-Power-Charger-Series-for-Commercial-Industrial-Scenarios8-18x12.webp 18w, https:\/\/www.gotopess.com\/wp-content\/uploads\/2025\/10\/720kW-Max-High-Power-Charger-Series-for-Commercial-Industrial-Scenarios8-600x407.webp 600w\" sizes=\"(max-width: 2048px) 100vw, 2048px\" \/><\/p>\n<p>&nbsp;<\/p>\n<p>&nbsp;<\/p>","protected":false},"excerpt":{"rendered":"<ul>\n<li>Compatibilidade com o mercado: Compat\u00edvel com o mercado europeu<\/li>\n<li>Desempenho de carregamento: Interface CCS2, compat\u00edvel com carregamento ultrarr\u00e1pido<\/li>\n<li>Fun\u00e7\u00f5es inteligentes: Gerenciamento inteligente de energia, otimiza\u00e7\u00e3o do m\u00f3dulo de energia, diagn\u00f3stico remoto, atualiza\u00e7\u00e3o OTA<\/li>\n<li>Confiabilidade: alta disponibilidade (&gt;98,5%)<\/li>\n<\/ul>","protected":false},"featured_media":2601,"comment_status":"open","ping_status":"closed","template":"","meta":[],"product_brand":[145],"product_cat":[240],"product_tag":[250,246,241,242,251],"class_list":{"0":"post-2184","1":"product","2":"type-product","3":"status-publish","4":"has-post-thumbnail","6":"product_brand-gotopower","7":"product_cat-ev-charger","8":"product_tag-business-charging-pile","9":"product_tag-eu-certified","10":"product_tag-ev-charger","11":"product_tag-ev-charging","12":"product_tag-high-power-charger","14":"first","15":"instock","16":"shipping-taxable","17":"product-type-simple"},"_links":{"self":[{"href":"https:\/\/www.gotopess.com\/pt\/wp-json\/wp\/v2\/product\/2184","targetHints":{"allow":["GET"]}}],"collection":[{"href":"https:\/\/www.gotopess.com\/pt\/wp-json\/wp\/v2\/product"}],"about":[{"href":"https:\/\/www.gotopess.com\/pt\/wp-json\/wp\/v2\/types\/product"}],"replies":[{"embeddable":true,"href":"https:\/\/www.gotopess.com\/pt\/wp-json\/wp\/v2\/comments?post=2184"}],"wp:featuredmedia":[{"embeddable":true,"href":"https:\/\/www.gotopess.com\/pt\/wp-json\/wp\/v2\/media\/2601"}],"wp:attachment":[{"href":"https:\/\/www.gotopess.com\/pt\/wp-json\/wp\/v2\/media?parent=2184"}],"wp:term":[{"taxonomy":"product_brand","embeddable":true,"href":"https:\/\/www.gotopess.com\/pt\/wp-json\/wp\/v2\/product_brand?post=2184"},{"taxonomy":"product_cat","embeddable":true,"href":"https:\/\/www.gotopess.com\/pt\/wp-json\/wp\/v2\/product_cat?post=2184"},{"taxonomy":"product_tag","embeddable":true,"href":"https:\/\/www.gotopess.com\/pt\/wp-json\/wp\/v2\/product_tag?post=2184"}],"curies":[{"name":"wp","href":"https:\/\/api.w.org\/{rel}","templated":true}]}}