{"id":2276,"date":"2025-09-23T10:11:23","date_gmt":"2025-09-23T02:11:23","guid":{"rendered":"https:\/\/www.gotopess.com\/?post_type=product&#038;p=2276"},"modified":"2025-10-19T20:07:02","modified_gmt":"2025-10-19T12:07:02","slug":"gt-125kw-261kwh-liquid-cooled-energy-storage-cabinet","status":"publish","type":"product","link":"https:\/\/www.gotopess.com\/pt\/produto\/gt-125kw-261kwh-gabinete-de-armazenamento-de-energia-com-resfriamento-a-liquido\/","title":{"rendered":"Gabinete de armazenamento de energia com resfriamento l\u00edquido GT-125KW\/261KWh"},"content":{"rendered":"<p><img decoding=\"async\" class=\"aligncenter size-full wp-image-2277\" src=\"https:\/\/www.gotopess.com\/wp-content\/uploads\/2025\/10\/GT-125KW261KWh_0-scaled.webp\" alt=\"\" width=\"1810\" height=\"2560\" srcset=\"https:\/\/www.gotopess.com\/wp-content\/uploads\/2025\/10\/GT-125KW261KWh_0-scaled.webp 1810w, https:\/\/www.gotopess.com\/wp-content\/uploads\/2025\/10\/GT-125KW261KWh_0-283x400.webp 283w, https:\/\/www.gotopess.com\/wp-content\/uploads\/2025\/10\/GT-125KW261KWh_0-566x800.webp 566w, https:\/\/www.gotopess.com\/wp-content\/uploads\/2025\/10\/GT-125KW261KWh_0-768x1086.webp 768w, https:\/\/www.gotopess.com\/wp-content\/uploads\/2025\/10\/GT-125KW261KWh_0-1086x1536.webp 1086w, https:\/\/www.gotopess.com\/wp-content\/uploads\/2025\/10\/GT-125KW261KWh_0-1448x2048.webp 1448w, https:\/\/www.gotopess.com\/wp-content\/uploads\/2025\/10\/GT-125KW261KWh_0-8x12.webp 8w, https:\/\/www.gotopess.com\/wp-content\/uploads\/2025\/10\/GT-125KW261KWh_0-600x848.webp 600w\" sizes=\"(max-width: 1810px) 100vw, 1810px\" \/> <img decoding=\"async\" class=\"aligncenter size-full wp-image-2278\" src=\"https:\/\/www.gotopess.com\/wp-content\/uploads\/2025\/10\/GT-125KW261KWh_1-scaled.webp\" alt=\"\" width=\"1810\" height=\"2560\" srcset=\"https:\/\/www.gotopess.com\/wp-content\/uploads\/2025\/10\/GT-125KW261KWh_1-scaled.webp 1810w, https:\/\/www.gotopess.com\/wp-content\/uploads\/2025\/10\/GT-125KW261KWh_1-283x400.webp 283w, https:\/\/www.gotopess.com\/wp-content\/uploads\/2025\/10\/GT-125KW261KWh_1-566x800.webp 566w, https:\/\/www.gotopess.com\/wp-content\/uploads\/2025\/10\/GT-125KW261KWh_1-768x1086.webp 768w, https:\/\/www.gotopess.com\/wp-content\/uploads\/2025\/10\/GT-125KW261KWh_1-1086x1536.webp 1086w, https:\/\/www.gotopess.com\/wp-content\/uploads\/2025\/10\/GT-125KW261KWh_1-1448x2048.webp 1448w, https:\/\/www.gotopess.com\/wp-content\/uploads\/2025\/10\/GT-125KW261KWh_1-8x12.webp 8w, https:\/\/www.gotopess.com\/wp-content\/uploads\/2025\/10\/GT-125KW261KWh_1-600x848.webp 600w\" sizes=\"(max-width: 1810px) 100vw, 1810px\" \/><\/p>","protected":false},"excerpt":{"rendered":"<p><strong>Redu\u00e7\u00e3o de ru\u00eddo pelo 50%, adequado para grandes edif\u00edcios comerciais, parques e outras \u00e1reas<\/strong><\/p>\n<ul>\n<li>Projeto modular de bloco de energia, pe\u00e7as de reposi\u00e7\u00e3o modulares, manuten\u00e7\u00e3o mais conveniente.<\/li>\n<li>Dados, v\u00eddeo, acesso de alta velocidade \u00e0 nuvem, extin\u00e7\u00e3o remota e ativa de inc\u00eandios, para obter um verdadeiro atendimento aut\u00f4nomo<\/li>\n<li>Prote\u00e7\u00e3o contra inc\u00eandio em v\u00e1rias camadas, supress\u00e3o r\u00e1pida de fuga t\u00e9rmica.<\/li>\n<li>Design de ruptura superior para evitar o risco de explos\u00e3o Eficiente e flex\u00edvel, alta densidade de energia, sem gabinete de jun\u00e7\u00e3o, economizando espa\u00e7o no ch\u00e3o<\/li>\n<li>F\u00e1cil instala\u00e7\u00e3o, a funda\u00e7\u00e3o do equipamento n\u00e3o precisa de projeto de escava\u00e7\u00e3o, economizando o custo de constru\u00e7\u00e3o civil do local<\/li>\n<li>Resfriamento l\u00edquido, maior vida \u00fatil do sistema, menor consumo de energia auxiliar.<\/li>\n<\/ul>","protected":false},"featured_media":1212,"comment_status":"open","ping_status":"closed","template":"","meta":[],"product_brand":[145],"product_cat":[35,82],"product_tag":[209,207,205,259],"class_list":{"0":"post-2276","1":"product","2":"type-product","3":"status-publish","4":"has-post-thumbnail","6":"product_brand-gotopower","7":"product_cat-lifepo4-battery-energy-storage-system","8":"product_cat-commercial-industrial-battery-energy-storage-system","9":"product_tag-all-in-one","10":"product_tag-commercial-ess","11":"product_tag-ess","12":"product_tag-industrial-energy-storage","14":"first","15":"instock","16":"downloadable","17":"shipping-taxable","18":"product-type-simple"},"_links":{"self":[{"href":"https:\/\/www.gotopess.com\/pt\/wp-json\/wp\/v2\/product\/2276","targetHints":{"allow":["GET"]}}],"collection":[{"href":"https:\/\/www.gotopess.com\/pt\/wp-json\/wp\/v2\/product"}],"about":[{"href":"https:\/\/www.gotopess.com\/pt\/wp-json\/wp\/v2\/types\/product"}],"replies":[{"embeddable":true,"href":"https:\/\/www.gotopess.com\/pt\/wp-json\/wp\/v2\/comments?post=2276"}],"wp:featuredmedia":[{"embeddable":true,"href":"https:\/\/www.gotopess.com\/pt\/wp-json\/wp\/v2\/media\/1212"}],"wp:attachment":[{"href":"https:\/\/www.gotopess.com\/pt\/wp-json\/wp\/v2\/media?parent=2276"}],"wp:term":[{"taxonomy":"product_brand","embeddable":true,"href":"https:\/\/www.gotopess.com\/pt\/wp-json\/wp\/v2\/product_brand?post=2276"},{"taxonomy":"product_cat","embeddable":true,"href":"https:\/\/www.gotopess.com\/pt\/wp-json\/wp\/v2\/product_cat?post=2276"},{"taxonomy":"product_tag","embeddable":true,"href":"https:\/\/www.gotopess.com\/pt\/wp-json\/wp\/v2\/product_tag?post=2276"}],"curies":[{"name":"wp","href":"https:\/\/api.w.org\/{rel}","templated":true}]}}