{"id":2286,"date":"2025-10-17T10:30:35","date_gmt":"2025-10-17T02:30:35","guid":{"rendered":"https:\/\/www.gotopess.com\/?post_type=product&#038;p=2286"},"modified":"2025-10-18T01:48:20","modified_gmt":"2025-10-17T17:48:20","slug":"energy-management-system-cloud-diagnostic-platform-gotopower","status":"publish","type":"product","link":"https:\/\/www.gotopess.com\/pt\/produto\/sistema-de-gerenciamento-de-energia-sistema-de-diagnostico-em-nuvem-plataforma-gotopower\/","title":{"rendered":"Plataforma de diagn\u00f3stico de EMS e nuvem"},"content":{"rendered":"<p><img decoding=\"async\" class=\"aligncenter size-full wp-image-2290\" src=\"https:\/\/www.gotopess.com\/wp-content\/uploads\/2025\/10\/Gotopower-Battery-Energy-Storage-System-EMS.webp\" alt=\"\" width=\"1718\" height=\"2551\" srcset=\"https:\/\/www.gotopess.com\/wp-content\/uploads\/2025\/10\/Gotopower-Battery-Energy-Storage-System-EMS.webp 1718w, https:\/\/www.gotopess.com\/wp-content\/uploads\/2025\/10\/Gotopower-Battery-Energy-Storage-System-EMS-269x400.webp 269w, https:\/\/www.gotopess.com\/wp-content\/uploads\/2025\/10\/Gotopower-Battery-Energy-Storage-System-EMS-539x800.webp 539w, https:\/\/www.gotopess.com\/wp-content\/uploads\/2025\/10\/Gotopower-Battery-Energy-Storage-System-EMS-768x1140.webp 768w, https:\/\/www.gotopess.com\/wp-content\/uploads\/2025\/10\/Gotopower-Battery-Energy-Storage-System-EMS-1034x1536.webp 1034w, https:\/\/www.gotopess.com\/wp-content\/uploads\/2025\/10\/Gotopower-Battery-Energy-Storage-System-EMS-1379x2048.webp 1379w, https:\/\/www.gotopess.com\/wp-content\/uploads\/2025\/10\/Gotopower-Battery-Energy-Storage-System-EMS-8x12.webp 8w, https:\/\/www.gotopess.com\/wp-content\/uploads\/2025\/10\/Gotopower-Battery-Energy-Storage-System-EMS-600x891.webp 600w\" sizes=\"(max-width: 1718px) 100vw, 1718px\" \/> <img decoding=\"async\" class=\"aligncenter size-full wp-image-2291\" src=\"https:\/\/www.gotopess.com\/wp-content\/uploads\/2025\/10\/Gotopower-Cloud-Diagnostic-Platform.webp\" alt=\"\" width=\"1718\" height=\"2551\" srcset=\"https:\/\/www.gotopess.com\/wp-content\/uploads\/2025\/10\/Gotopower-Cloud-Diagnostic-Platform.webp 1718w, https:\/\/www.gotopess.com\/wp-content\/uploads\/2025\/10\/Gotopower-Cloud-Diagnostic-Platform-269x400.webp 269w, https:\/\/www.gotopess.com\/wp-content\/uploads\/2025\/10\/Gotopower-Cloud-Diagnostic-Platform-539x800.webp 539w, https:\/\/www.gotopess.com\/wp-content\/uploads\/2025\/10\/Gotopower-Cloud-Diagnostic-Platform-768x1140.webp 768w, https:\/\/www.gotopess.com\/wp-content\/uploads\/2025\/10\/Gotopower-Cloud-Diagnostic-Platform-1034x1536.webp 1034w, https:\/\/www.gotopess.com\/wp-content\/uploads\/2025\/10\/Gotopower-Cloud-Diagnostic-Platform-1379x2048.webp 1379w, https:\/\/www.gotopess.com\/wp-content\/uploads\/2025\/10\/Gotopower-Cloud-Diagnostic-Platform-8x12.webp 8w, https:\/\/www.gotopess.com\/wp-content\/uploads\/2025\/10\/Gotopower-Cloud-Diagnostic-Platform-600x891.webp 600w\" sizes=\"(max-width: 1718px) 100vw, 1718px\" \/><\/p>","protected":false},"excerpt":{"rendered":"<p>O Gotopower EMS adota uma plataforma de hardware de servidor de n\u00edvel industrial, atendendo tanto ao gerenciamento de energia baseado em nuvem quanto aos servi\u00e7os de gerenciamento de energia localizados. Ele oferece fun\u00e7\u00f5es como controle de frequ\u00eancia prim\u00e1ria, controle de AGC e controle de pico\/vale no n\u00edvel superior, enquanto fornece fun\u00e7\u00f5es como manuten\u00e7\u00e3o de SOC e aloca\u00e7\u00e3o de energia de PCS no n\u00edvel inferior. Ele pode exibir o status da opera\u00e7\u00e3o atual do sistema em tempo real, al\u00e9m de incorporar o gerenciamento de autoridade em v\u00e1rios n\u00edveis, oferecer suporte \u00e0 criptografia de informa\u00e7\u00f5es do sistema e atender aos requisitos de seguran\u00e7a da rede<\/p>","protected":false},"featured_media":2331,"comment_status":"open","ping_status":"closed","template":"","meta":[],"product_brand":[145],"product_cat":[35,80,163],"product_tag":[269,268],"class_list":{"0":"post-2286","1":"product","2":"type-product","3":"status-publish","4":"has-post-thumbnail","6":"product_brand-gotopower","7":"product_cat-lifepo4-battery-energy-storage-system","8":"product_cat-power-management","9":"product_cat-monitor-energy-products","10":"product_tag-battery-energy-storage-cloud-platform","11":"product_tag-ems","13":"first","14":"instock","15":"shipping-taxable","16":"product-type-simple"},"_links":{"self":[{"href":"https:\/\/www.gotopess.com\/pt\/wp-json\/wp\/v2\/product\/2286","targetHints":{"allow":["GET"]}}],"collection":[{"href":"https:\/\/www.gotopess.com\/pt\/wp-json\/wp\/v2\/product"}],"about":[{"href":"https:\/\/www.gotopess.com\/pt\/wp-json\/wp\/v2\/types\/product"}],"replies":[{"embeddable":true,"href":"https:\/\/www.gotopess.com\/pt\/wp-json\/wp\/v2\/comments?post=2286"}],"wp:featuredmedia":[{"embeddable":true,"href":"https:\/\/www.gotopess.com\/pt\/wp-json\/wp\/v2\/media\/2331"}],"wp:attachment":[{"href":"https:\/\/www.gotopess.com\/pt\/wp-json\/wp\/v2\/media?parent=2286"}],"wp:term":[{"taxonomy":"product_brand","embeddable":true,"href":"https:\/\/www.gotopess.com\/pt\/wp-json\/wp\/v2\/product_brand?post=2286"},{"taxonomy":"product_cat","embeddable":true,"href":"https:\/\/www.gotopess.com\/pt\/wp-json\/wp\/v2\/product_cat?post=2286"},{"taxonomy":"product_tag","embeddable":true,"href":"https:\/\/www.gotopess.com\/pt\/wp-json\/wp\/v2\/product_tag?post=2286"}],"curies":[{"name":"wp","href":"https:\/\/api.w.org\/{rel}","templated":true}]}}