{"id":2362,"date":"2025-10-19T00:14:14","date_gmt":"2025-10-18T16:14:14","guid":{"rendered":"https:\/\/www.gotopess.com\/?post_type=product&#038;p=2362"},"modified":"2025-10-19T00:40:52","modified_gmt":"2025-10-18T16:40:52","slug":"12v-300ah-high-temperature-long-life-deep-cycle-hybrid-gel-battery","status":"publish","type":"product","link":"https:\/\/www.gotopess.com\/pt\/produto\/bateria-hibrida-de-gel-12v-300ah-high-temperature-long-life-deep-cycle-hybrid-battery\/","title":{"rendered":"Bateria GEL h\u00edbrida de ciclo profundo de alta temperatura e longa vida \u00fatil de 12V 300Ah"},"content":{"rendered":"<p><img decoding=\"async\" class=\"aligncenter size-full wp-image-2363\" src=\"https:\/\/www.gotopess.com\/wp-content\/uploads\/2025\/10\/High-Temperature-Long-Life0ADeep-cycle-GEL-battery5-scaled.webp\" alt=\"\" width=\"1810\" height=\"2560\" srcset=\"https:\/\/www.gotopess.com\/wp-content\/uploads\/2025\/10\/High-Temperature-Long-Life0ADeep-cycle-GEL-battery5-scaled.webp 1810w, https:\/\/www.gotopess.com\/wp-content\/uploads\/2025\/10\/High-Temperature-Long-Life0ADeep-cycle-GEL-battery5-283x400.webp 283w, https:\/\/www.gotopess.com\/wp-content\/uploads\/2025\/10\/High-Temperature-Long-Life0ADeep-cycle-GEL-battery5-566x800.webp 566w, https:\/\/www.gotopess.com\/wp-content\/uploads\/2025\/10\/High-Temperature-Long-Life0ADeep-cycle-GEL-battery5-768x1086.webp 768w, https:\/\/www.gotopess.com\/wp-content\/uploads\/2025\/10\/High-Temperature-Long-Life0ADeep-cycle-GEL-battery5-1086x1536.webp 1086w, https:\/\/www.gotopess.com\/wp-content\/uploads\/2025\/10\/High-Temperature-Long-Life0ADeep-cycle-GEL-battery5-1448x2048.webp 1448w, https:\/\/www.gotopess.com\/wp-content\/uploads\/2025\/10\/High-Temperature-Long-Life0ADeep-cycle-GEL-battery5-8x12.webp 8w, https:\/\/www.gotopess.com\/wp-content\/uploads\/2025\/10\/High-Temperature-Long-Life0ADeep-cycle-GEL-battery5-600x848.webp 600w\" sizes=\"(max-width: 1810px) 100vw, 1810px\" \/> <img decoding=\"async\" class=\"aligncenter size-full wp-image-2364\" src=\"https:\/\/www.gotopess.com\/wp-content\/uploads\/2025\/10\/High-Temperature-Long-Life0ADeep-cycle-GEL-battery6-scaled.webp\" alt=\"\" width=\"1810\" height=\"2560\" srcset=\"https:\/\/www.gotopess.com\/wp-content\/uploads\/2025\/10\/High-Temperature-Long-Life0ADeep-cycle-GEL-battery6-scaled.webp 1810w, https:\/\/www.gotopess.com\/wp-content\/uploads\/2025\/10\/High-Temperature-Long-Life0ADeep-cycle-GEL-battery6-283x400.webp 283w, https:\/\/www.gotopess.com\/wp-content\/uploads\/2025\/10\/High-Temperature-Long-Life0ADeep-cycle-GEL-battery6-566x800.webp 566w, https:\/\/www.gotopess.com\/wp-content\/uploads\/2025\/10\/High-Temperature-Long-Life0ADeep-cycle-GEL-battery6-768x1086.webp 768w, https:\/\/www.gotopess.com\/wp-content\/uploads\/2025\/10\/High-Temperature-Long-Life0ADeep-cycle-GEL-battery6-1086x1536.webp 1086w, https:\/\/www.gotopess.com\/wp-content\/uploads\/2025\/10\/High-Temperature-Long-Life0ADeep-cycle-GEL-battery6-1448x2048.webp 1448w, https:\/\/www.gotopess.com\/wp-content\/uploads\/2025\/10\/High-Temperature-Long-Life0ADeep-cycle-GEL-battery6-8x12.webp 8w, https:\/\/www.gotopess.com\/wp-content\/uploads\/2025\/10\/High-Temperature-Long-Life0ADeep-cycle-GEL-battery6-600x848.webp 600w\" sizes=\"(max-width: 1810px) 100vw, 1810px\" \/><\/p>","protected":false},"excerpt":{"rendered":"<p>A s\u00e9rie Gotopower DC-MG (Deep Cycle GEL) \u00e9 uma bateria h\u00edbrida de GEL com 20 anos de vida \u00fatil de projeto flutuante, ideal para aplica\u00e7\u00f5es de espera ou de descarga c\u00edclica frequente em ambientes extremos. Com o uso de grades fortes, chumbo de alta pureza e eletr\u00f3lito de gel patenteado, a s\u00e9rie DC-MG oferece excelente capacidade de recupera\u00e7\u00e3o ap\u00f3s descarga profunda em uso de descarga c\u00edclica frequente e pode fornecer 550 ciclos a 100% DOD. Adequada para sistemas solares e e\u00f3licos, CATV, mar\u00edtimos, RV e UPS de carga profunda, telecomunica\u00e7\u00f5es, etc.<\/p>","protected":false},"featured_media":2365,"comment_status":"open","ping_status":"closed","template":"","meta":[],"product_brand":[145],"product_cat":[45,85,158],"product_tag":[279,280,282,281],"class_list":{"0":"post-2362","1":"product","2":"type-product","3":"status-publish","4":"has-post-thumbnail","6":"product_brand-gotopower","7":"product_cat-lifepo4-battery","8":"product_cat-lead-acid","9":"product_cat-gel-tech","10":"product_tag-deep-cycle","11":"product_tag-gel-battery","12":"product_tag-hybrid-gel-battery","13":"product_tag-rechargeable-gel-battery","15":"first","16":"instock","17":"downloadable","18":"shipping-taxable","19":"product-type-simple"},"_links":{"self":[{"href":"https:\/\/www.gotopess.com\/pt\/wp-json\/wp\/v2\/product\/2362","targetHints":{"allow":["GET"]}}],"collection":[{"href":"https:\/\/www.gotopess.com\/pt\/wp-json\/wp\/v2\/product"}],"about":[{"href":"https:\/\/www.gotopess.com\/pt\/wp-json\/wp\/v2\/types\/product"}],"replies":[{"embeddable":true,"href":"https:\/\/www.gotopess.com\/pt\/wp-json\/wp\/v2\/comments?post=2362"}],"wp:featuredmedia":[{"embeddable":true,"href":"https:\/\/www.gotopess.com\/pt\/wp-json\/wp\/v2\/media\/2365"}],"wp:attachment":[{"href":"https:\/\/www.gotopess.com\/pt\/wp-json\/wp\/v2\/media?parent=2362"}],"wp:term":[{"taxonomy":"product_brand","embeddable":true,"href":"https:\/\/www.gotopess.com\/pt\/wp-json\/wp\/v2\/product_brand?post=2362"},{"taxonomy":"product_cat","embeddable":true,"href":"https:\/\/www.gotopess.com\/pt\/wp-json\/wp\/v2\/product_cat?post=2362"},{"taxonomy":"product_tag","embeddable":true,"href":"https:\/\/www.gotopess.com\/pt\/wp-json\/wp\/v2\/product_tag?post=2362"}],"curies":[{"name":"wp","href":"https:\/\/api.w.org\/{rel}","templated":true}]}}