{"id":2372,"date":"2025-10-19T12:17:06","date_gmt":"2025-10-19T04:17:06","guid":{"rendered":"https:\/\/www.gotopess.com\/?post_type=product&#038;p=2372"},"modified":"2025-10-19T12:21:03","modified_gmt":"2025-10-19T04:21:03","slug":"tisc-liquid-cooled-pack-for-containerized-energy-storage-system","status":"publish","type":"product","link":"https:\/\/www.gotopess.com\/pt\/produto\/tisc-liquid-cooled-pack-for-containerized-energy-storage-system\/","title":{"rendered":"PACK resfriado a l\u00edquido TiSC para sistema de armazenamento de energia em cont\u00eaineres"},"content":{"rendered":"<p><img decoding=\"async\" class=\"aligncenter size-full wp-image-2373\" src=\"https:\/\/www.gotopess.com\/wp-content\/uploads\/2025\/10\/TiSC-Liquid-Cooled-PACK-for-Containerized-Energy-Storage-System-Gotoper.webp\" alt=\"\" width=\"1718\" height=\"2551\" srcset=\"https:\/\/www.gotopess.com\/wp-content\/uploads\/2025\/10\/TiSC-Liquid-Cooled-PACK-for-Containerized-Energy-Storage-System-Gotoper.webp 1718w, https:\/\/www.gotopess.com\/wp-content\/uploads\/2025\/10\/TiSC-Liquid-Cooled-PACK-for-Containerized-Energy-Storage-System-Gotoper-269x400.webp 269w, https:\/\/www.gotopess.com\/wp-content\/uploads\/2025\/10\/TiSC-Liquid-Cooled-PACK-for-Containerized-Energy-Storage-System-Gotoper-539x800.webp 539w, https:\/\/www.gotopess.com\/wp-content\/uploads\/2025\/10\/TiSC-Liquid-Cooled-PACK-for-Containerized-Energy-Storage-System-Gotoper-768x1140.webp 768w, https:\/\/www.gotopess.com\/wp-content\/uploads\/2025\/10\/TiSC-Liquid-Cooled-PACK-for-Containerized-Energy-Storage-System-Gotoper-1034x1536.webp 1034w, https:\/\/www.gotopess.com\/wp-content\/uploads\/2025\/10\/TiSC-Liquid-Cooled-PACK-for-Containerized-Energy-Storage-System-Gotoper-1379x2048.webp 1379w, https:\/\/www.gotopess.com\/wp-content\/uploads\/2025\/10\/TiSC-Liquid-Cooled-PACK-for-Containerized-Energy-Storage-System-Gotoper-8x12.webp 8w, https:\/\/www.gotopess.com\/wp-content\/uploads\/2025\/10\/TiSC-Liquid-Cooled-PACK-for-Containerized-Energy-Storage-System-Gotoper-600x891.webp 600w\" sizes=\"(max-width: 1718px) 100vw, 1718px\" \/><\/p>","protected":false},"excerpt":{"rendered":"<div class=\"page\" title=\"P\u00e1gina 9\">\n<div class=\"layoutArea\">\n<div class=\"column\">\n<ul>\n<li>Design compacto, largura do m\u00f3dulo de apenas 120 mm<\/li>\n<li>Aquisi\u00e7\u00e3o de temperatura multicanal<\/li>\n<li>Projeto de BMS destac\u00e1vel<\/li>\n<li>Prote\u00e7\u00e3o de fus\u00edveis em n\u00edvel de pacote<\/li>\n<li>Equaliza\u00e7\u00e3o ativa em n\u00edvel de c\u00e9lula<\/li>\n<li>Prote\u00e7\u00e3o por fus\u00edvel no n\u00edvel do pacote<\/li>\n<li>Conex\u00f5es de \u00e1gua autovedantes para seguran\u00e7a e confiabilidade<\/li>\n<\/ul>\n<\/div>\n<\/div>\n<\/div>","protected":false},"featured_media":2312,"comment_status":"open","ping_status":"closed","template":"","meta":[],"product_brand":[145],"product_cat":[35,81],"product_tag":[207,285,206,205,272],"class_list":{"0":"post-2372","1":"product","2":"type-product","3":"status-publish","4":"has-post-thumbnail","6":"product_brand-gotopower","7":"product_cat-lifepo4-battery-energy-storage-system","8":"product_cat-containerized-solution-battery-energy-storage-system","9":"product_tag-commercial-ess","10":"product_tag-containerized-energy-storage-system","11":"product_tag-energy-storage","12":"product_tag-ess","13":"product_tag-liquid-cooling","15":"first","16":"instock","17":"shipping-taxable","18":"product-type-simple"},"_links":{"self":[{"href":"https:\/\/www.gotopess.com\/pt\/wp-json\/wp\/v2\/product\/2372","targetHints":{"allow":["GET"]}}],"collection":[{"href":"https:\/\/www.gotopess.com\/pt\/wp-json\/wp\/v2\/product"}],"about":[{"href":"https:\/\/www.gotopess.com\/pt\/wp-json\/wp\/v2\/types\/product"}],"replies":[{"embeddable":true,"href":"https:\/\/www.gotopess.com\/pt\/wp-json\/wp\/v2\/comments?post=2372"}],"wp:featuredmedia":[{"embeddable":true,"href":"https:\/\/www.gotopess.com\/pt\/wp-json\/wp\/v2\/media\/2312"}],"wp:attachment":[{"href":"https:\/\/www.gotopess.com\/pt\/wp-json\/wp\/v2\/media?parent=2372"}],"wp:term":[{"taxonomy":"product_brand","embeddable":true,"href":"https:\/\/www.gotopess.com\/pt\/wp-json\/wp\/v2\/product_brand?post=2372"},{"taxonomy":"product_cat","embeddable":true,"href":"https:\/\/www.gotopess.com\/pt\/wp-json\/wp\/v2\/product_cat?post=2372"},{"taxonomy":"product_tag","embeddable":true,"href":"https:\/\/www.gotopess.com\/pt\/wp-json\/wp\/v2\/product_tag?post=2372"}],"curies":[{"name":"wp","href":"https:\/\/api.w.org\/{rel}","templated":true}]}}