{"id":2374,"date":"2025-10-19T12:22:15","date_gmt":"2025-10-19T04:22:15","guid":{"rendered":"https:\/\/www.gotopess.com\/?post_type=product&#038;p=2374"},"modified":"2025-10-19T12:33:38","modified_gmt":"2025-10-19T04:33:38","slug":"off-grid-control-cabinet-for-containerized-energy-storage-system","status":"publish","type":"product","link":"https:\/\/www.gotopess.com\/pt\/produto\/gabinete-de-controle-fora-da-rede-para-sistema-de-armazenamento-de-energia-em-conteiner\/","title":{"rendered":"Gabinete de controle fora da rede para sistema de armazenamento de energia em cont\u00eaineres"},"content":{"rendered":"<p><img decoding=\"async\" class=\"aligncenter size-full wp-image-2375\" src=\"https:\/\/www.gotopess.com\/wp-content\/uploads\/2025\/10\/Off-Grid-Control-Cabinet-for-Containerized-Energy-Storage-System-Gotopower.webp\" alt=\"\" width=\"1718\" height=\"2551\" srcset=\"https:\/\/www.gotopess.com\/wp-content\/uploads\/2025\/10\/Off-Grid-Control-Cabinet-for-Containerized-Energy-Storage-System-Gotopower.webp 1718w, https:\/\/www.gotopess.com\/wp-content\/uploads\/2025\/10\/Off-Grid-Control-Cabinet-for-Containerized-Energy-Storage-System-Gotopower-269x400.webp 269w, https:\/\/www.gotopess.com\/wp-content\/uploads\/2025\/10\/Off-Grid-Control-Cabinet-for-Containerized-Energy-Storage-System-Gotopower-539x800.webp 539w, https:\/\/www.gotopess.com\/wp-content\/uploads\/2025\/10\/Off-Grid-Control-Cabinet-for-Containerized-Energy-Storage-System-Gotopower-768x1140.webp 768w, https:\/\/www.gotopess.com\/wp-content\/uploads\/2025\/10\/Off-Grid-Control-Cabinet-for-Containerized-Energy-Storage-System-Gotopower-1034x1536.webp 1034w, https:\/\/www.gotopess.com\/wp-content\/uploads\/2025\/10\/Off-Grid-Control-Cabinet-for-Containerized-Energy-Storage-System-Gotopower-1379x2048.webp 1379w, https:\/\/www.gotopess.com\/wp-content\/uploads\/2025\/10\/Off-Grid-Control-Cabinet-for-Containerized-Energy-Storage-System-Gotopower-8x12.webp 8w, https:\/\/www.gotopess.com\/wp-content\/uploads\/2025\/10\/Off-Grid-Control-Cabinet-for-Containerized-Energy-Storage-System-Gotopower-600x891.webp 600w\" sizes=\"(max-width: 1718px) 100vw, 1718px\" \/> <img decoding=\"async\" class=\"aligncenter size-full wp-image-2376\" src=\"https:\/\/www.gotopess.com\/wp-content\/uploads\/2025\/10\/Off-Grid-Control-Cabinet-for-Containerized-Energy-Storage-System-Gotopower1.webp\" alt=\"\" width=\"1716\" height=\"2551\" srcset=\"https:\/\/www.gotopess.com\/wp-content\/uploads\/2025\/10\/Off-Grid-Control-Cabinet-for-Containerized-Energy-Storage-System-Gotopower1.webp 1716w, https:\/\/www.gotopess.com\/wp-content\/uploads\/2025\/10\/Off-Grid-Control-Cabinet-for-Containerized-Energy-Storage-System-Gotopower1-269x400.webp 269w, https:\/\/www.gotopess.com\/wp-content\/uploads\/2025\/10\/Off-Grid-Control-Cabinet-for-Containerized-Energy-Storage-System-Gotopower1-538x800.webp 538w, https:\/\/www.gotopess.com\/wp-content\/uploads\/2025\/10\/Off-Grid-Control-Cabinet-for-Containerized-Energy-Storage-System-Gotopower1-768x1142.webp 768w, https:\/\/www.gotopess.com\/wp-content\/uploads\/2025\/10\/Off-Grid-Control-Cabinet-for-Containerized-Energy-Storage-System-Gotopower1-1033x1536.webp 1033w, https:\/\/www.gotopess.com\/wp-content\/uploads\/2025\/10\/Off-Grid-Control-Cabinet-for-Containerized-Energy-Storage-System-Gotopower1-1378x2048.webp 1378w, https:\/\/www.gotopess.com\/wp-content\/uploads\/2025\/10\/Off-Grid-Control-Cabinet-for-Containerized-Energy-Storage-System-Gotopower1-8x12.webp 8w, https:\/\/www.gotopess.com\/wp-content\/uploads\/2025\/10\/Off-Grid-Control-Cabinet-for-Containerized-Energy-Storage-System-Gotopower1-600x892.webp 600w\" sizes=\"(max-width: 1716px) 100vw, 1716px\" \/><\/p>","protected":false},"excerpt":{"rendered":"<div class=\"page\" title=\"P\u00e1gina 9\">\n<div class=\"layoutArea\">\n<div class=\"column\">\n<p><strong>Cen\u00e1rios de aplicativos<\/strong><\/p>\n<div class=\"page\" title=\"P\u00e1gina 8\">\n<div class=\"layoutArea\">\n<div class=\"column\">\n<ul>\n<li>Fonte de alimenta\u00e7\u00e3o de emerg\u00eancia para uso industrial e comercial<\/li>\n<li><span style=\"font-size: 14.4px;\">Esta\u00e7\u00e3o de carregamento de armazenamento h\u00edbrido<\/span><\/li>\n<li>Micro rede em escala olfativa<\/li>\n<\/ul>\n<\/div>\n<\/div>\n<\/div>\n<p><strong>Recursos funcionais<\/strong><\/p>\n<div class=\"page\" title=\"P\u00e1gina 8\">\n<div class=\"layoutArea\">\n<div class=\"column\">\n<ul>\n<li>Comuta\u00e7\u00e3o ativa\/passiva fora da rede<\/li>\n<li>Configura\u00e7\u00e3o flex\u00edvel com base nas necessidades reais<\/li>\n<li>Integrar a funcionalidade do EMS para obter monitoramento inteligente e resposta r\u00e1pida<\/li>\n<\/ul>\n<\/div>\n<\/div>\n<\/div>\n<\/div>\n<\/div>\n<\/div>","protected":false},"featured_media":2377,"comment_status":"open","ping_status":"closed","template":"","meta":[],"product_brand":[145],"product_cat":[35,81],"product_tag":[207,285,206,205,184],"class_list":{"0":"post-2374","1":"product","2":"type-product","3":"status-publish","4":"has-post-thumbnail","6":"product_brand-gotopower","7":"product_cat-lifepo4-battery-energy-storage-system","8":"product_cat-containerized-solution-battery-energy-storage-system","9":"product_tag-commercial-ess","10":"product_tag-containerized-energy-storage-system","11":"product_tag-energy-storage","12":"product_tag-ess","13":"product_tag-off-grid","15":"first","16":"instock","17":"shipping-taxable","18":"product-type-simple"},"_links":{"self":[{"href":"https:\/\/www.gotopess.com\/pt\/wp-json\/wp\/v2\/product\/2374","targetHints":{"allow":["GET"]}}],"collection":[{"href":"https:\/\/www.gotopess.com\/pt\/wp-json\/wp\/v2\/product"}],"about":[{"href":"https:\/\/www.gotopess.com\/pt\/wp-json\/wp\/v2\/types\/product"}],"replies":[{"embeddable":true,"href":"https:\/\/www.gotopess.com\/pt\/wp-json\/wp\/v2\/comments?post=2374"}],"wp:featuredmedia":[{"embeddable":true,"href":"https:\/\/www.gotopess.com\/pt\/wp-json\/wp\/v2\/media\/2377"}],"wp:attachment":[{"href":"https:\/\/www.gotopess.com\/pt\/wp-json\/wp\/v2\/media?parent=2374"}],"wp:term":[{"taxonomy":"product_brand","embeddable":true,"href":"https:\/\/www.gotopess.com\/pt\/wp-json\/wp\/v2\/product_brand?post=2374"},{"taxonomy":"product_cat","embeddable":true,"href":"https:\/\/www.gotopess.com\/pt\/wp-json\/wp\/v2\/product_cat?post=2374"},{"taxonomy":"product_tag","embeddable":true,"href":"https:\/\/www.gotopess.com\/pt\/wp-json\/wp\/v2\/product_tag?post=2374"}],"curies":[{"name":"wp","href":"https:\/\/api.w.org\/{rel}","templated":true}]}}