{"id":2479,"date":"2025-10-20T22:58:37","date_gmt":"2025-10-20T14:58:37","guid":{"rendered":"https:\/\/www.gotopess.com\/?post_type=product&#038;p=2479"},"modified":"2025-10-20T23:05:33","modified_gmt":"2025-10-20T15:05:33","slug":"electric-bicycles-and-tricycles-48v-60v-sodium-ion-battery-high-energy-density","status":"publish","type":"product","link":"https:\/\/www.gotopess.com\/pt\/produto\/bicicletas-eletricas-e-triciclos-48v-60v-bateria-de-ions-de-sodio-alta-densidade-energetica\/","title":{"rendered":"Bicicletas e triciclos el\u00e9tricos Bateria de \u00edon de s\u00f3dio de 48V e 60V com alta densidade de energia"},"content":{"rendered":"<p><img decoding=\"async\" class=\"aligncenter size-full wp-image-2459\" src=\"https:\/\/www.gotopess.com\/wp-content\/uploads\/2025\/10\/Gotopower-Sodium-ion-Battery2-scaled.webp\" alt=\"\" width=\"1810\" height=\"2560\" srcset=\"https:\/\/www.gotopess.com\/wp-content\/uploads\/2025\/10\/Gotopower-Sodium-ion-Battery2-scaled.webp 1810w, https:\/\/www.gotopess.com\/wp-content\/uploads\/2025\/10\/Gotopower-Sodium-ion-Battery2-283x400.webp 283w, https:\/\/www.gotopess.com\/wp-content\/uploads\/2025\/10\/Gotopower-Sodium-ion-Battery2-566x800.webp 566w, https:\/\/www.gotopess.com\/wp-content\/uploads\/2025\/10\/Gotopower-Sodium-ion-Battery2-768x1086.webp 768w, https:\/\/www.gotopess.com\/wp-content\/uploads\/2025\/10\/Gotopower-Sodium-ion-Battery2-1086x1536.webp 1086w, https:\/\/www.gotopess.com\/wp-content\/uploads\/2025\/10\/Gotopower-Sodium-ion-Battery2-1448x2048.webp 1448w, https:\/\/www.gotopess.com\/wp-content\/uploads\/2025\/10\/Gotopower-Sodium-ion-Battery2-8x12.webp 8w, https:\/\/www.gotopess.com\/wp-content\/uploads\/2025\/10\/Gotopower-Sodium-ion-Battery2-600x848.webp 600w\" sizes=\"(max-width: 1810px) 100vw, 1810px\" \/><\/p>","protected":false},"excerpt":{"rendered":"<p>Explore as bicicletas e triciclos el\u00e9tricos da Gotopower Bateria de \u00edon de s\u00f3dio de 48V e 60V - que oferece alta densidade de energia, ciclo de vida longo e excelente seguran\u00e7a para aplica\u00e7\u00f5es de ESS, EV e armazenamento solar.<\/p>","protected":false},"featured_media":2465,"comment_status":"open","ping_status":"closed","template":"","meta":[],"product_brand":[145],"product_cat":[45,84,154],"product_tag":[293,294,297],"class_list":{"0":"post-2479","1":"product","2":"type-product","3":"status-publish","4":"has-post-thumbnail","6":"product_brand-gotopower","7":"product_cat-lifepo4-battery","8":"product_cat-sodium-ion","9":"product_cat-bicycle-tricycle","10":"product_tag-sodium","11":"product_tag-sodium-bess","12":"product_tag-sodium-ion-battery-cell","14":"first","15":"instock","16":"shipping-taxable","17":"product-type-simple"},"_links":{"self":[{"href":"https:\/\/www.gotopess.com\/pt\/wp-json\/wp\/v2\/product\/2479","targetHints":{"allow":["GET"]}}],"collection":[{"href":"https:\/\/www.gotopess.com\/pt\/wp-json\/wp\/v2\/product"}],"about":[{"href":"https:\/\/www.gotopess.com\/pt\/wp-json\/wp\/v2\/types\/product"}],"replies":[{"embeddable":true,"href":"https:\/\/www.gotopess.com\/pt\/wp-json\/wp\/v2\/comments?post=2479"}],"wp:featuredmedia":[{"embeddable":true,"href":"https:\/\/www.gotopess.com\/pt\/wp-json\/wp\/v2\/media\/2465"}],"wp:attachment":[{"href":"https:\/\/www.gotopess.com\/pt\/wp-json\/wp\/v2\/media?parent=2479"}],"wp:term":[{"taxonomy":"product_brand","embeddable":true,"href":"https:\/\/www.gotopess.com\/pt\/wp-json\/wp\/v2\/product_brand?post=2479"},{"taxonomy":"product_cat","embeddable":true,"href":"https:\/\/www.gotopess.com\/pt\/wp-json\/wp\/v2\/product_cat?post=2479"},{"taxonomy":"product_tag","embeddable":true,"href":"https:\/\/www.gotopess.com\/pt\/wp-json\/wp\/v2\/product_tag?post=2479"}],"curies":[{"name":"wp","href":"https:\/\/api.w.org\/{rel}","templated":true}]}}