{"id":2557,"date":"2025-10-23T00:17:36","date_gmt":"2025-10-22T16:17:36","guid":{"rendered":"https:\/\/www.gotopess.com\/?post_type=product&#038;p=2557"},"modified":"2025-10-23T00:27:15","modified_gmt":"2025-10-22T16:27:15","slug":"all-in-one-51-2v-280-5kw-10kwh","status":"publish","type":"product","link":"https:\/\/www.gotopess.com\/pt\/produto\/all-in-one-51-2v-280-5kw-10kwh\/","title":{"rendered":"Tudo em um 51,2V 200-5kw\/10Kwh"},"content":{"rendered":"","protected":false},"excerpt":{"rendered":"<div class=\"page\" title=\"P\u00e1gina 1\">\n<div class=\"layoutArea\">\n<div class=\"column\">\n<ul>\n<li>Design de m\u00f3dulo, expans\u00e3o flex\u00edvel<\/li>\n<li>Tier One, composi\u00e7\u00e3o da c\u00e9lula LiFePO4<\/li>\n<li>Design compacto, economia de espa\u00e7o<\/li>\n<li>Combina\u00e7\u00e3o com os principais inversores<\/li>\n<li>6000 ciclos @ 80% DOD<\/li>\n<li>Aplica\u00e7\u00f5es residenciais e comerciais<\/li>\n<\/ul>\n<\/div>\n<\/div>\n<\/div>","protected":false},"featured_media":2558,"comment_status":"open","ping_status":"closed","template":"","meta":[],"product_brand":[145],"product_cat":[45,83,150,35,263,267],"product_tag":[101,207,206,205,232,181],"class_list":{"0":"post-2557","1":"product","2":"type-product","3":"status-publish","4":"has-post-thumbnail","6":"product_brand-gotopower","7":"product_cat-lifepo4-battery","8":"product_cat-lithium-lifepo4-battery","9":"product_cat-48v-lifepo4-battery","10":"product_cat-lifepo4-battery-energy-storage-system","11":"product_cat-residential-energy-storage-system","12":"product_cat-floor-mounted-ess","13":"product_tag-bluetooth","14":"product_tag-commercial-ess","15":"product_tag-energy-storage","16":"product_tag-ess","17":"product_tag-floor-mounted","18":"product_tag-lithium-battery","20":"first","21":"instock","22":"downloadable","23":"shipping-taxable","24":"product-type-simple"},"_links":{"self":[{"href":"https:\/\/www.gotopess.com\/pt\/wp-json\/wp\/v2\/product\/2557","targetHints":{"allow":["GET"]}}],"collection":[{"href":"https:\/\/www.gotopess.com\/pt\/wp-json\/wp\/v2\/product"}],"about":[{"href":"https:\/\/www.gotopess.com\/pt\/wp-json\/wp\/v2\/types\/product"}],"replies":[{"embeddable":true,"href":"https:\/\/www.gotopess.com\/pt\/wp-json\/wp\/v2\/comments?post=2557"}],"wp:featuredmedia":[{"embeddable":true,"href":"https:\/\/www.gotopess.com\/pt\/wp-json\/wp\/v2\/media\/2558"}],"wp:attachment":[{"href":"https:\/\/www.gotopess.com\/pt\/wp-json\/wp\/v2\/media?parent=2557"}],"wp:term":[{"taxonomy":"product_brand","embeddable":true,"href":"https:\/\/www.gotopess.com\/pt\/wp-json\/wp\/v2\/product_brand?post=2557"},{"taxonomy":"product_cat","embeddable":true,"href":"https:\/\/www.gotopess.com\/pt\/wp-json\/wp\/v2\/product_cat?post=2557"},{"taxonomy":"product_tag","embeddable":true,"href":"https:\/\/www.gotopess.com\/pt\/wp-json\/wp\/v2\/product_tag?post=2557"}],"curies":[{"name":"wp","href":"https:\/\/api.w.org\/{rel}","templated":true}]}}