{"id":581,"date":"2025-09-15T09:32:17","date_gmt":"2025-09-15T09:32:17","guid":{"rendered":"http:\/\/8.218.239.88\/?post_type=product&#038;p=581"},"modified":"2025-10-27T13:38:27","modified_gmt":"2025-10-27T05:38:27","slug":"12-8v-100ah-lifepo4-lithium-battery-smart-bluetooth","status":"publish","type":"product","link":"https:\/\/www.gotopess.com\/pt\/produto\/12-8v-100ah-lifepo4-bateria-de-litio-smart-bluetooth-2\/","title":{"rendered":"Bateria de l\u00edtio LiFePO4 de 12,8V 100Ah com Bluetooth inteligente"},"content":{"rendered":"<p><img decoding=\"async\" class=\"aligncenter size-full wp-image-1802\" src=\"https:\/\/www.gotopess.com\/wp-content\/uploads\/2025\/09\/12.8V-100ah-LiFePO4-Lithium-Battery-Smart-Bluetooth1.webp\" alt=\"\" width=\"1920\" height=\"787\" srcset=\"https:\/\/www.gotopess.com\/wp-content\/uploads\/2025\/09\/12.8V-100ah-LiFePO4-Lithium-Battery-Smart-Bluetooth1.webp 1920w, https:\/\/www.gotopess.com\/wp-content\/uploads\/2025\/09\/12.8V-100ah-LiFePO4-Lithium-Battery-Smart-Bluetooth1-800x328.webp 800w, https:\/\/www.gotopess.com\/wp-content\/uploads\/2025\/09\/12.8V-100ah-LiFePO4-Lithium-Battery-Smart-Bluetooth1-1400x574.webp 1400w, https:\/\/www.gotopess.com\/wp-content\/uploads\/2025\/09\/12.8V-100ah-LiFePO4-Lithium-Battery-Smart-Bluetooth1-768x315.webp 768w, https:\/\/www.gotopess.com\/wp-content\/uploads\/2025\/09\/12.8V-100ah-LiFePO4-Lithium-Battery-Smart-Bluetooth1-1536x630.webp 1536w, https:\/\/www.gotopess.com\/wp-content\/uploads\/2025\/09\/12.8V-100ah-LiFePO4-Lithium-Battery-Smart-Bluetooth1-18x7.webp 18w, https:\/\/www.gotopess.com\/wp-content\/uploads\/2025\/09\/12.8V-100ah-LiFePO4-Lithium-Battery-Smart-Bluetooth1-600x246.webp 600w\" sizes=\"(max-width: 1920px) 100vw, 1920px\" \/> <img decoding=\"async\" class=\"aligncenter size-full wp-image-1803\" src=\"https:\/\/www.gotopess.com\/wp-content\/uploads\/2025\/09\/12.8V-100ah-LiFePO4-Lithium-Battery-Smart-Bluetooth2.webp\" alt=\"\" width=\"1920\" height=\"787\" srcset=\"https:\/\/www.gotopess.com\/wp-content\/uploads\/2025\/09\/12.8V-100ah-LiFePO4-Lithium-Battery-Smart-Bluetooth2.webp 1920w, https:\/\/www.gotopess.com\/wp-content\/uploads\/2025\/09\/12.8V-100ah-LiFePO4-Lithium-Battery-Smart-Bluetooth2-800x328.webp 800w, https:\/\/www.gotopess.com\/wp-content\/uploads\/2025\/09\/12.8V-100ah-LiFePO4-Lithium-Battery-Smart-Bluetooth2-1400x574.webp 1400w, https:\/\/www.gotopess.com\/wp-content\/uploads\/2025\/09\/12.8V-100ah-LiFePO4-Lithium-Battery-Smart-Bluetooth2-768x315.webp 768w, https:\/\/www.gotopess.com\/wp-content\/uploads\/2025\/09\/12.8V-100ah-LiFePO4-Lithium-Battery-Smart-Bluetooth2-1536x630.webp 1536w, https:\/\/www.gotopess.com\/wp-content\/uploads\/2025\/09\/12.8V-100ah-LiFePO4-Lithium-Battery-Smart-Bluetooth2-18x7.webp 18w, https:\/\/www.gotopess.com\/wp-content\/uploads\/2025\/09\/12.8V-100ah-LiFePO4-Lithium-Battery-Smart-Bluetooth2-600x246.webp 600w\" sizes=\"(max-width: 1920px) 100vw, 1920px\" \/> <img decoding=\"async\" class=\"aligncenter size-full wp-image-1804\" src=\"https:\/\/www.gotopess.com\/wp-content\/uploads\/2025\/09\/12.8V-100ah-LiFePO4-Lithium-Battery-Smart-Bluetooth3.webp\" alt=\"\" width=\"1920\" height=\"787\" srcset=\"https:\/\/www.gotopess.com\/wp-content\/uploads\/2025\/09\/12.8V-100ah-LiFePO4-Lithium-Battery-Smart-Bluetooth3.webp 1920w, https:\/\/www.gotopess.com\/wp-content\/uploads\/2025\/09\/12.8V-100ah-LiFePO4-Lithium-Battery-Smart-Bluetooth3-800x328.webp 800w, https:\/\/www.gotopess.com\/wp-content\/uploads\/2025\/09\/12.8V-100ah-LiFePO4-Lithium-Battery-Smart-Bluetooth3-1400x574.webp 1400w, https:\/\/www.gotopess.com\/wp-content\/uploads\/2025\/09\/12.8V-100ah-LiFePO4-Lithium-Battery-Smart-Bluetooth3-768x315.webp 768w, https:\/\/www.gotopess.com\/wp-content\/uploads\/2025\/09\/12.8V-100ah-LiFePO4-Lithium-Battery-Smart-Bluetooth3-1536x630.webp 1536w, https:\/\/www.gotopess.com\/wp-content\/uploads\/2025\/09\/12.8V-100ah-LiFePO4-Lithium-Battery-Smart-Bluetooth3-18x7.webp 18w, https:\/\/www.gotopess.com\/wp-content\/uploads\/2025\/09\/12.8V-100ah-LiFePO4-Lithium-Battery-Smart-Bluetooth3-600x246.webp 600w\" sizes=\"(max-width: 1920px) 100vw, 1920px\" \/> <img decoding=\"async\" class=\"aligncenter size-full wp-image-1805\" src=\"https:\/\/www.gotopess.com\/wp-content\/uploads\/2025\/09\/12.8V-100ah-LiFePO4-Lithium-Battery-Smart-Bluetooth4.webp\" alt=\"\" width=\"1920\" height=\"787\" srcset=\"https:\/\/www.gotopess.com\/wp-content\/uploads\/2025\/09\/12.8V-100ah-LiFePO4-Lithium-Battery-Smart-Bluetooth4.webp 1920w, https:\/\/www.gotopess.com\/wp-content\/uploads\/2025\/09\/12.8V-100ah-LiFePO4-Lithium-Battery-Smart-Bluetooth4-800x328.webp 800w, https:\/\/www.gotopess.com\/wp-content\/uploads\/2025\/09\/12.8V-100ah-LiFePO4-Lithium-Battery-Smart-Bluetooth4-1400x574.webp 1400w, https:\/\/www.gotopess.com\/wp-content\/uploads\/2025\/09\/12.8V-100ah-LiFePO4-Lithium-Battery-Smart-Bluetooth4-768x315.webp 768w, https:\/\/www.gotopess.com\/wp-content\/uploads\/2025\/09\/12.8V-100ah-LiFePO4-Lithium-Battery-Smart-Bluetooth4-1536x630.webp 1536w, https:\/\/www.gotopess.com\/wp-content\/uploads\/2025\/09\/12.8V-100ah-LiFePO4-Lithium-Battery-Smart-Bluetooth4-18x7.webp 18w, https:\/\/www.gotopess.com\/wp-content\/uploads\/2025\/09\/12.8V-100ah-LiFePO4-Lithium-Battery-Smart-Bluetooth4-600x246.webp 600w\" sizes=\"(max-width: 1920px) 100vw, 1920px\" \/> <img decoding=\"async\" class=\"aligncenter size-full wp-image-1806\" src=\"https:\/\/www.gotopess.com\/wp-content\/uploads\/2025\/09\/12.8V-100ah-LiFePO4-Lithium-Battery-Smart-Bluetooth5.webp\" alt=\"\" width=\"1920\" height=\"787\" srcset=\"https:\/\/www.gotopess.com\/wp-content\/uploads\/2025\/09\/12.8V-100ah-LiFePO4-Lithium-Battery-Smart-Bluetooth5.webp 1920w, https:\/\/www.gotopess.com\/wp-content\/uploads\/2025\/09\/12.8V-100ah-LiFePO4-Lithium-Battery-Smart-Bluetooth5-800x328.webp 800w, https:\/\/www.gotopess.com\/wp-content\/uploads\/2025\/09\/12.8V-100ah-LiFePO4-Lithium-Battery-Smart-Bluetooth5-1400x574.webp 1400w, https:\/\/www.gotopess.com\/wp-content\/uploads\/2025\/09\/12.8V-100ah-LiFePO4-Lithium-Battery-Smart-Bluetooth5-768x315.webp 768w, https:\/\/www.gotopess.com\/wp-content\/uploads\/2025\/09\/12.8V-100ah-LiFePO4-Lithium-Battery-Smart-Bluetooth5-1536x630.webp 1536w, https:\/\/www.gotopess.com\/wp-content\/uploads\/2025\/09\/12.8V-100ah-LiFePO4-Lithium-Battery-Smart-Bluetooth5-18x7.webp 18w, https:\/\/www.gotopess.com\/wp-content\/uploads\/2025\/09\/12.8V-100ah-LiFePO4-Lithium-Battery-Smart-Bluetooth5-600x246.webp 600w\" sizes=\"(max-width: 1920px) 100vw, 1920px\" \/> <img decoding=\"async\" class=\"aligncenter size-full wp-image-1807\" src=\"https:\/\/www.gotopess.com\/wp-content\/uploads\/2025\/09\/12.8V-100ah-LiFePO4-Lithium-Battery-Smart-Bluetooth6.webp\" alt=\"\" width=\"1920\" height=\"787\" srcset=\"https:\/\/www.gotopess.com\/wp-content\/uploads\/2025\/09\/12.8V-100ah-LiFePO4-Lithium-Battery-Smart-Bluetooth6.webp 1920w, https:\/\/www.gotopess.com\/wp-content\/uploads\/2025\/09\/12.8V-100ah-LiFePO4-Lithium-Battery-Smart-Bluetooth6-800x328.webp 800w, https:\/\/www.gotopess.com\/wp-content\/uploads\/2025\/09\/12.8V-100ah-LiFePO4-Lithium-Battery-Smart-Bluetooth6-1400x574.webp 1400w, https:\/\/www.gotopess.com\/wp-content\/uploads\/2025\/09\/12.8V-100ah-LiFePO4-Lithium-Battery-Smart-Bluetooth6-768x315.webp 768w, https:\/\/www.gotopess.com\/wp-content\/uploads\/2025\/09\/12.8V-100ah-LiFePO4-Lithium-Battery-Smart-Bluetooth6-1536x630.webp 1536w, https:\/\/www.gotopess.com\/wp-content\/uploads\/2025\/09\/12.8V-100ah-LiFePO4-Lithium-Battery-Smart-Bluetooth6-18x7.webp 18w, https:\/\/www.gotopess.com\/wp-content\/uploads\/2025\/09\/12.8V-100ah-LiFePO4-Lithium-Battery-Smart-Bluetooth6-600x246.webp 600w\" sizes=\"(max-width: 1920px) 100vw, 1920px\" \/> <img decoding=\"async\" class=\"aligncenter size-full wp-image-1808\" src=\"https:\/\/www.gotopess.com\/wp-content\/uploads\/2025\/09\/12.8V-100ah-LiFePO4-Lithium-Battery-Smart-Bluetooth7.webp\" alt=\"\" width=\"1920\" height=\"787\" srcset=\"https:\/\/www.gotopess.com\/wp-content\/uploads\/2025\/09\/12.8V-100ah-LiFePO4-Lithium-Battery-Smart-Bluetooth7.webp 1920w, https:\/\/www.gotopess.com\/wp-content\/uploads\/2025\/09\/12.8V-100ah-LiFePO4-Lithium-Battery-Smart-Bluetooth7-800x328.webp 800w, https:\/\/www.gotopess.com\/wp-content\/uploads\/2025\/09\/12.8V-100ah-LiFePO4-Lithium-Battery-Smart-Bluetooth7-1400x574.webp 1400w, https:\/\/www.gotopess.com\/wp-content\/uploads\/2025\/09\/12.8V-100ah-LiFePO4-Lithium-Battery-Smart-Bluetooth7-768x315.webp 768w, https:\/\/www.gotopess.com\/wp-content\/uploads\/2025\/09\/12.8V-100ah-LiFePO4-Lithium-Battery-Smart-Bluetooth7-1536x630.webp 1536w, https:\/\/www.gotopess.com\/wp-content\/uploads\/2025\/09\/12.8V-100ah-LiFePO4-Lithium-Battery-Smart-Bluetooth7-18x7.webp 18w, https:\/\/www.gotopess.com\/wp-content\/uploads\/2025\/09\/12.8V-100ah-LiFePO4-Lithium-Battery-Smart-Bluetooth7-600x246.webp 600w\" sizes=\"(max-width: 1920px) 100vw, 1920px\" \/><\/p>","protected":false},"excerpt":{"rendered":"<p>Integra-se perfeitamente aos sistemas Victron em ve\u00edculos recreativos e pode ser personalizado para Xantrex, AIMS, Go Power e muito mais.<\/p>\n<ul>\n<li><strong data-end=\"122\" data-start=\"81\">Plug-and-play com o sistema Victron:\u00a0<\/strong>Diferentemente das baterias sem comunica\u00e7\u00e3o, ela se conecta diretamente ao seu sistema Victron (CAN\/RS485 Comms) - n\u00e3o \u00e9 necess\u00e1rio o SmartShunt. Funciona perfeitamente com a Victron, n\u00e3o apenas monitorando e gerenciando facilmente todo o seu sistema, mas tamb\u00e9m otimizando automaticamente o desempenho e a seguran\u00e7a sem ajustes manuais.<\/li>\n<li><strong>Bluetooth de alta precis\u00e3o:\u00a0<\/strong>Verifique os dados em tempo real do sistema de bateria e controle a descarga ou o desligamento a partir do seu telefone.<\/li>\n<li><strong>Otimiza\u00e7\u00e3o inteligente do tempo de vida:\u00a0<\/strong>Informa automaticamente os valores ideais de carga com base no SOC\/temperatura para melhorar a sa\u00fade da bateria e aumentar a vida \u00fatil.<\/li>\n<li><strong>Gerencie 16 baterias facilmente como se fossem uma s\u00f3:\u00a0<\/strong>Ligue\/desligue todo o banco de baterias por meio de um \u00fanico bot\u00e3o quando estiver em comunica\u00e7\u00e3o. At\u00e9 16 baterias em paralelo (20,48 kW) no modo de comunica\u00e7\u00e3o; 4P4S suportado sem comunica\u00e7\u00e3o.<\/li>\n<\/ul>","protected":false},"featured_media":1809,"comment_status":"open","ping_status":"closed","template":"","meta":[],"product_brand":[145],"product_cat":[45,83,146],"product_tag":[99,101,103,100,186,106,102],"class_list":{"0":"post-581","1":"product","2":"type-product","3":"status-publish","4":"has-post-thumbnail","6":"product_brand-gotopower","7":"product_cat-lifepo4-battery","8":"product_cat-lithium-lifepo4-battery","9":"product_cat-12v-lifepo4-battery","10":"product_tag-battery","11":"product_tag-bluetooth","12":"product_tag-boat","13":"product_tag-lithium","14":"product_tag-marine","15":"product_tag-rv","16":"product_tag-trolling-motor","18":"first","19":"instock","20":"shipping-taxable","21":"product-type-simple"},"_links":{"self":[{"href":"https:\/\/www.gotopess.com\/pt\/wp-json\/wp\/v2\/product\/581","targetHints":{"allow":["GET"]}}],"collection":[{"href":"https:\/\/www.gotopess.com\/pt\/wp-json\/wp\/v2\/product"}],"about":[{"href":"https:\/\/www.gotopess.com\/pt\/wp-json\/wp\/v2\/types\/product"}],"replies":[{"embeddable":true,"href":"https:\/\/www.gotopess.com\/pt\/wp-json\/wp\/v2\/comments?post=581"}],"wp:featuredmedia":[{"embeddable":true,"href":"https:\/\/www.gotopess.com\/pt\/wp-json\/wp\/v2\/media\/1809"}],"wp:attachment":[{"href":"https:\/\/www.gotopess.com\/pt\/wp-json\/wp\/v2\/media?parent=581"}],"wp:term":[{"taxonomy":"product_brand","embeddable":true,"href":"https:\/\/www.gotopess.com\/pt\/wp-json\/wp\/v2\/product_brand?post=581"},{"taxonomy":"product_cat","embeddable":true,"href":"https:\/\/www.gotopess.com\/pt\/wp-json\/wp\/v2\/product_cat?post=581"},{"taxonomy":"product_tag","embeddable":true,"href":"https:\/\/www.gotopess.com\/pt\/wp-json\/wp\/v2\/product_tag?post=581"}],"curies":[{"name":"wp","href":"https:\/\/api.w.org\/{rel}","templated":true}]}}