{"id":640,"date":"2025-10-01T12:35:07","date_gmt":"2025-10-01T12:35:07","guid":{"rendered":"http:\/\/8.218.239.88\/?post_type=product&#038;p=640"},"modified":"2025-10-02T18:17:15","modified_gmt":"2025-10-02T18:17:15","slug":"48v-60ah-lithium-golf-cart-battery-up-to-30-miles-per-charge","status":"publish","type":"product","link":"https:\/\/www.gotopess.com\/pt\/produto\/bateria-de-litio-para-carrinho-de-golfe-48v-60ah-ate-30-milhas-por-carga-2\/","title":{"rendered":"Bateria de l\u00edtio para carrinhos de golfe 48V 60Ah at\u00e9 30 milhas por carga"},"content":{"rendered":"<p><img decoding=\"async\" class=\"aligncenter size-full wp-image-1741\" src=\"https:\/\/www.gotopess.com\/wp-content\/uploads\/2025\/09\/48V-60Ah-Golf-Cart-Lithium-Battery-Up-to-30-Miles-Per-Charge1.webp\" alt=\"\" width=\"1920\" height=\"787\" srcset=\"https:\/\/www.gotopess.com\/wp-content\/uploads\/2025\/09\/48V-60Ah-Golf-Cart-Lithium-Battery-Up-to-30-Miles-Per-Charge1.webp 1920w, https:\/\/www.gotopess.com\/wp-content\/uploads\/2025\/09\/48V-60Ah-Golf-Cart-Lithium-Battery-Up-to-30-Miles-Per-Charge1-800x328.webp 800w, https:\/\/www.gotopess.com\/wp-content\/uploads\/2025\/09\/48V-60Ah-Golf-Cart-Lithium-Battery-Up-to-30-Miles-Per-Charge1-1400x574.webp 1400w, https:\/\/www.gotopess.com\/wp-content\/uploads\/2025\/09\/48V-60Ah-Golf-Cart-Lithium-Battery-Up-to-30-Miles-Per-Charge1-768x315.webp 768w, https:\/\/www.gotopess.com\/wp-content\/uploads\/2025\/09\/48V-60Ah-Golf-Cart-Lithium-Battery-Up-to-30-Miles-Per-Charge1-1536x630.webp 1536w, https:\/\/www.gotopess.com\/wp-content\/uploads\/2025\/09\/48V-60Ah-Golf-Cart-Lithium-Battery-Up-to-30-Miles-Per-Charge1-18x7.webp 18w, https:\/\/www.gotopess.com\/wp-content\/uploads\/2025\/09\/48V-60Ah-Golf-Cart-Lithium-Battery-Up-to-30-Miles-Per-Charge1-600x246.webp 600w\" sizes=\"(max-width: 1920px) 100vw, 1920px\" \/> <img decoding=\"async\" class=\"aligncenter size-full wp-image-1742\" src=\"https:\/\/www.gotopess.com\/wp-content\/uploads\/2025\/09\/48V-60Ah-Golf-Cart-Lithium-Battery-Up-to-30-Miles-Per-Charge2.webp\" alt=\"\" width=\"1920\" height=\"787\" srcset=\"https:\/\/www.gotopess.com\/wp-content\/uploads\/2025\/09\/48V-60Ah-Golf-Cart-Lithium-Battery-Up-to-30-Miles-Per-Charge2.webp 1920w, https:\/\/www.gotopess.com\/wp-content\/uploads\/2025\/09\/48V-60Ah-Golf-Cart-Lithium-Battery-Up-to-30-Miles-Per-Charge2-800x328.webp 800w, https:\/\/www.gotopess.com\/wp-content\/uploads\/2025\/09\/48V-60Ah-Golf-Cart-Lithium-Battery-Up-to-30-Miles-Per-Charge2-1400x574.webp 1400w, https:\/\/www.gotopess.com\/wp-content\/uploads\/2025\/09\/48V-60Ah-Golf-Cart-Lithium-Battery-Up-to-30-Miles-Per-Charge2-768x315.webp 768w, https:\/\/www.gotopess.com\/wp-content\/uploads\/2025\/09\/48V-60Ah-Golf-Cart-Lithium-Battery-Up-to-30-Miles-Per-Charge2-1536x630.webp 1536w, https:\/\/www.gotopess.com\/wp-content\/uploads\/2025\/09\/48V-60Ah-Golf-Cart-Lithium-Battery-Up-to-30-Miles-Per-Charge2-18x7.webp 18w, https:\/\/www.gotopess.com\/wp-content\/uploads\/2025\/09\/48V-60Ah-Golf-Cart-Lithium-Battery-Up-to-30-Miles-Per-Charge2-600x246.webp 600w\" sizes=\"(max-width: 1920px) 100vw, 1920px\" \/> <img decoding=\"async\" class=\"aligncenter size-full wp-image-1743\" src=\"https:\/\/www.gotopess.com\/wp-content\/uploads\/2025\/09\/48V-60Ah-Golf-Cart-Lithium-Battery-Up-to-30-Miles-Per-Charge3.webp\" alt=\"\" width=\"1920\" height=\"787\" srcset=\"https:\/\/www.gotopess.com\/wp-content\/uploads\/2025\/09\/48V-60Ah-Golf-Cart-Lithium-Battery-Up-to-30-Miles-Per-Charge3.webp 1920w, https:\/\/www.gotopess.com\/wp-content\/uploads\/2025\/09\/48V-60Ah-Golf-Cart-Lithium-Battery-Up-to-30-Miles-Per-Charge3-800x328.webp 800w, https:\/\/www.gotopess.com\/wp-content\/uploads\/2025\/09\/48V-60Ah-Golf-Cart-Lithium-Battery-Up-to-30-Miles-Per-Charge3-1400x574.webp 1400w, https:\/\/www.gotopess.com\/wp-content\/uploads\/2025\/09\/48V-60Ah-Golf-Cart-Lithium-Battery-Up-to-30-Miles-Per-Charge3-768x315.webp 768w, https:\/\/www.gotopess.com\/wp-content\/uploads\/2025\/09\/48V-60Ah-Golf-Cart-Lithium-Battery-Up-to-30-Miles-Per-Charge3-1536x630.webp 1536w, https:\/\/www.gotopess.com\/wp-content\/uploads\/2025\/09\/48V-60Ah-Golf-Cart-Lithium-Battery-Up-to-30-Miles-Per-Charge3-18x7.webp 18w, https:\/\/www.gotopess.com\/wp-content\/uploads\/2025\/09\/48V-60Ah-Golf-Cart-Lithium-Battery-Up-to-30-Miles-Per-Charge3-600x246.webp 600w\" sizes=\"(max-width: 1920px) 100vw, 1920px\" \/> <img decoding=\"async\" class=\"aligncenter size-full wp-image-1744\" src=\"https:\/\/www.gotopess.com\/wp-content\/uploads\/2025\/09\/48V-60Ah-Golf-Cart-Lithium-Battery-Up-to-30-Miles-Per-Charge4.webp\" alt=\"\" width=\"1920\" height=\"787\" srcset=\"https:\/\/www.gotopess.com\/wp-content\/uploads\/2025\/09\/48V-60Ah-Golf-Cart-Lithium-Battery-Up-to-30-Miles-Per-Charge4.webp 1920w, https:\/\/www.gotopess.com\/wp-content\/uploads\/2025\/09\/48V-60Ah-Golf-Cart-Lithium-Battery-Up-to-30-Miles-Per-Charge4-800x328.webp 800w, https:\/\/www.gotopess.com\/wp-content\/uploads\/2025\/09\/48V-60Ah-Golf-Cart-Lithium-Battery-Up-to-30-Miles-Per-Charge4-1400x574.webp 1400w, https:\/\/www.gotopess.com\/wp-content\/uploads\/2025\/09\/48V-60Ah-Golf-Cart-Lithium-Battery-Up-to-30-Miles-Per-Charge4-768x315.webp 768w, https:\/\/www.gotopess.com\/wp-content\/uploads\/2025\/09\/48V-60Ah-Golf-Cart-Lithium-Battery-Up-to-30-Miles-Per-Charge4-1536x630.webp 1536w, https:\/\/www.gotopess.com\/wp-content\/uploads\/2025\/09\/48V-60Ah-Golf-Cart-Lithium-Battery-Up-to-30-Miles-Per-Charge4-18x7.webp 18w, https:\/\/www.gotopess.com\/wp-content\/uploads\/2025\/09\/48V-60Ah-Golf-Cart-Lithium-Battery-Up-to-30-Miles-Per-Charge4-600x246.webp 600w\" sizes=\"(max-width: 1920px) 100vw, 1920px\" \/> <img decoding=\"async\" class=\"aligncenter size-full wp-image-1745\" src=\"https:\/\/www.gotopess.com\/wp-content\/uploads\/2025\/09\/48V-60Ah-Golf-Cart-Lithium-Battery-Up-to-30-Miles-Per-Charge5.webp\" alt=\"\" width=\"1920\" height=\"787\" srcset=\"https:\/\/www.gotopess.com\/wp-content\/uploads\/2025\/09\/48V-60Ah-Golf-Cart-Lithium-Battery-Up-to-30-Miles-Per-Charge5.webp 1920w, https:\/\/www.gotopess.com\/wp-content\/uploads\/2025\/09\/48V-60Ah-Golf-Cart-Lithium-Battery-Up-to-30-Miles-Per-Charge5-800x328.webp 800w, https:\/\/www.gotopess.com\/wp-content\/uploads\/2025\/09\/48V-60Ah-Golf-Cart-Lithium-Battery-Up-to-30-Miles-Per-Charge5-1400x574.webp 1400w, https:\/\/www.gotopess.com\/wp-content\/uploads\/2025\/09\/48V-60Ah-Golf-Cart-Lithium-Battery-Up-to-30-Miles-Per-Charge5-768x315.webp 768w, https:\/\/www.gotopess.com\/wp-content\/uploads\/2025\/09\/48V-60Ah-Golf-Cart-Lithium-Battery-Up-to-30-Miles-Per-Charge5-1536x630.webp 1536w, https:\/\/www.gotopess.com\/wp-content\/uploads\/2025\/09\/48V-60Ah-Golf-Cart-Lithium-Battery-Up-to-30-Miles-Per-Charge5-18x7.webp 18w, https:\/\/www.gotopess.com\/wp-content\/uploads\/2025\/09\/48V-60Ah-Golf-Cart-Lithium-Battery-Up-to-30-Miles-Per-Charge5-600x246.webp 600w\" sizes=\"(max-width: 1920px) 100vw, 1920px\" \/> <img decoding=\"async\" class=\"aligncenter size-full wp-image-1746\" src=\"https:\/\/www.gotopess.com\/wp-content\/uploads\/2025\/09\/48V-60Ah-Golf-Cart-Lithium-Battery-Up-to-30-Miles-Per-Charge6.webp\" alt=\"\" width=\"1920\" height=\"787\" srcset=\"https:\/\/www.gotopess.com\/wp-content\/uploads\/2025\/09\/48V-60Ah-Golf-Cart-Lithium-Battery-Up-to-30-Miles-Per-Charge6.webp 1920w, https:\/\/www.gotopess.com\/wp-content\/uploads\/2025\/09\/48V-60Ah-Golf-Cart-Lithium-Battery-Up-to-30-Miles-Per-Charge6-800x328.webp 800w, https:\/\/www.gotopess.com\/wp-content\/uploads\/2025\/09\/48V-60Ah-Golf-Cart-Lithium-Battery-Up-to-30-Miles-Per-Charge6-1400x574.webp 1400w, https:\/\/www.gotopess.com\/wp-content\/uploads\/2025\/09\/48V-60Ah-Golf-Cart-Lithium-Battery-Up-to-30-Miles-Per-Charge6-768x315.webp 768w, https:\/\/www.gotopess.com\/wp-content\/uploads\/2025\/09\/48V-60Ah-Golf-Cart-Lithium-Battery-Up-to-30-Miles-Per-Charge6-1536x630.webp 1536w, https:\/\/www.gotopess.com\/wp-content\/uploads\/2025\/09\/48V-60Ah-Golf-Cart-Lithium-Battery-Up-to-30-Miles-Per-Charge6-18x7.webp 18w, https:\/\/www.gotopess.com\/wp-content\/uploads\/2025\/09\/48V-60Ah-Golf-Cart-Lithium-Battery-Up-to-30-Miles-Per-Charge6-600x246.webp 600w\" sizes=\"(max-width: 1920px) 100vw, 1920px\" \/> <img decoding=\"async\" class=\"aligncenter size-full wp-image-1747\" src=\"https:\/\/www.gotopess.com\/wp-content\/uploads\/2025\/09\/48V-60Ah-Golf-Cart-Lithium-Battery-Up-to-30-Miles-Per-Charge7.webp\" alt=\"\" width=\"1920\" height=\"787\" srcset=\"https:\/\/www.gotopess.com\/wp-content\/uploads\/2025\/09\/48V-60Ah-Golf-Cart-Lithium-Battery-Up-to-30-Miles-Per-Charge7.webp 1920w, https:\/\/www.gotopess.com\/wp-content\/uploads\/2025\/09\/48V-60Ah-Golf-Cart-Lithium-Battery-Up-to-30-Miles-Per-Charge7-800x328.webp 800w, https:\/\/www.gotopess.com\/wp-content\/uploads\/2025\/09\/48V-60Ah-Golf-Cart-Lithium-Battery-Up-to-30-Miles-Per-Charge7-1400x574.webp 1400w, https:\/\/www.gotopess.com\/wp-content\/uploads\/2025\/09\/48V-60Ah-Golf-Cart-Lithium-Battery-Up-to-30-Miles-Per-Charge7-768x315.webp 768w, https:\/\/www.gotopess.com\/wp-content\/uploads\/2025\/09\/48V-60Ah-Golf-Cart-Lithium-Battery-Up-to-30-Miles-Per-Charge7-1536x630.webp 1536w, https:\/\/www.gotopess.com\/wp-content\/uploads\/2025\/09\/48V-60Ah-Golf-Cart-Lithium-Battery-Up-to-30-Miles-Per-Charge7-18x7.webp 18w, https:\/\/www.gotopess.com\/wp-content\/uploads\/2025\/09\/48V-60Ah-Golf-Cart-Lithium-Battery-Up-to-30-Miles-Per-Charge7-600x246.webp 600w\" sizes=\"(max-width: 1920px) 100vw, 1920px\" \/> <img decoding=\"async\" class=\"aligncenter size-full wp-image-1748\" src=\"https:\/\/www.gotopess.com\/wp-content\/uploads\/2025\/09\/48V-60Ah-Golf-Cart-Lithium-Battery-Up-to-30-Miles-Per-Charge8.webp\" alt=\"\" width=\"1920\" height=\"787\" srcset=\"https:\/\/www.gotopess.com\/wp-content\/uploads\/2025\/09\/48V-60Ah-Golf-Cart-Lithium-Battery-Up-to-30-Miles-Per-Charge8.webp 1920w, https:\/\/www.gotopess.com\/wp-content\/uploads\/2025\/09\/48V-60Ah-Golf-Cart-Lithium-Battery-Up-to-30-Miles-Per-Charge8-800x328.webp 800w, https:\/\/www.gotopess.com\/wp-content\/uploads\/2025\/09\/48V-60Ah-Golf-Cart-Lithium-Battery-Up-to-30-Miles-Per-Charge8-1400x574.webp 1400w, https:\/\/www.gotopess.com\/wp-content\/uploads\/2025\/09\/48V-60Ah-Golf-Cart-Lithium-Battery-Up-to-30-Miles-Per-Charge8-768x315.webp 768w, https:\/\/www.gotopess.com\/wp-content\/uploads\/2025\/09\/48V-60Ah-Golf-Cart-Lithium-Battery-Up-to-30-Miles-Per-Charge8-1536x630.webp 1536w, https:\/\/www.gotopess.com\/wp-content\/uploads\/2025\/09\/48V-60Ah-Golf-Cart-Lithium-Battery-Up-to-30-Miles-Per-Charge8-18x7.webp 18w, https:\/\/www.gotopess.com\/wp-content\/uploads\/2025\/09\/48V-60Ah-Golf-Cart-Lithium-Battery-Up-to-30-Miles-Per-Charge8-600x246.webp 600w\" sizes=\"(max-width: 1920px) 100vw, 1920px\" \/> <img decoding=\"async\" class=\"aligncenter size-full wp-image-1749\" src=\"https:\/\/www.gotopess.com\/wp-content\/uploads\/2025\/09\/48V-60Ah-Golf-Cart-Lithium-Battery-Up-to-30-Miles-Per-Charge9.webp\" alt=\"\" width=\"1920\" height=\"787\" srcset=\"https:\/\/www.gotopess.com\/wp-content\/uploads\/2025\/09\/48V-60Ah-Golf-Cart-Lithium-Battery-Up-to-30-Miles-Per-Charge9.webp 1920w, https:\/\/www.gotopess.com\/wp-content\/uploads\/2025\/09\/48V-60Ah-Golf-Cart-Lithium-Battery-Up-to-30-Miles-Per-Charge9-800x328.webp 800w, https:\/\/www.gotopess.com\/wp-content\/uploads\/2025\/09\/48V-60Ah-Golf-Cart-Lithium-Battery-Up-to-30-Miles-Per-Charge9-1400x574.webp 1400w, https:\/\/www.gotopess.com\/wp-content\/uploads\/2025\/09\/48V-60Ah-Golf-Cart-Lithium-Battery-Up-to-30-Miles-Per-Charge9-768x315.webp 768w, https:\/\/www.gotopess.com\/wp-content\/uploads\/2025\/09\/48V-60Ah-Golf-Cart-Lithium-Battery-Up-to-30-Miles-Per-Charge9-1536x630.webp 1536w, https:\/\/www.gotopess.com\/wp-content\/uploads\/2025\/09\/48V-60Ah-Golf-Cart-Lithium-Battery-Up-to-30-Miles-Per-Charge9-18x7.webp 18w, https:\/\/www.gotopess.com\/wp-content\/uploads\/2025\/09\/48V-60Ah-Golf-Cart-Lithium-Battery-Up-to-30-Miles-Per-Charge9-600x246.webp 600w\" sizes=\"(max-width: 1920px) 100vw, 1920px\" \/><\/p>","protected":false},"excerpt":{"rendered":"<ul>\n<li><strong>Substitui\u00e7\u00e3o completa:\u00a0<\/strong>Uma solu\u00e7\u00e3o drop-in simplifica sua atualiza\u00e7\u00e3o, substituindo seis baterias de chumbo-\u00e1cido de 8V ou oito de 6V.<\/li>\n<li><strong>2C Descarga cont\u00ednua:<\/strong>\u00a0fornece 120A de corrente cont\u00ednua e 350A (1s) de corrente de descarga de pico para suportar surtos maiores e capacitar os carrinhos em qualquer declive.<\/li>\n<li><strong>Compatibilidade universal com carrinhos de golfe:\u00a0<\/strong>Compat\u00edvel com a maioria dos carrinhos de golfe de at\u00e9 4.000 W, incluindo os modelos Club Car, EZGO, ICON e Yamaha.<\/li>\n<li><strong>120A BMS:\u00a0<\/strong>Garante um desempenho confi\u00e1vel ao evitar sobrecorrente, sobrecarga, descarga excessiva, curtos-circuitos e superaquecimento.<\/li>\n<li><strong>3072Wh de energia:<\/strong>\u00a0Alimenta seu carrinho de golfe por aproximadamente 23-28 milhas, com um baixo consumo de energia de 71,68Wh\/km.<\/li>\n<li><strong>C\u00e9lulas de alta qualidade:\u00a0<\/strong>Utiliza c\u00e9lulas LiFePO4 de alto n\u00edvel para EV para maior resist\u00eancia ao estresse e dissipa\u00e7\u00e3o de calor, garantindo mais de 10 anos de vida \u00fatil e mais de 4.000 ciclos a 100% DOD.<\/li>\n<\/ul>","protected":false},"featured_media":1750,"comment_status":"open","ping_status":"closed","template":"","meta":[],"product_brand":[145],"product_cat":[45,83,150],"product_tag":[99,101,105,181],"class_list":{"0":"post-640","1":"product","2":"type-product","3":"status-publish","4":"has-post-thumbnail","6":"product_brand-gotopower","7":"product_cat-lifepo4-battery","8":"product_cat-lithium-lifepo4-battery","9":"product_cat-48v-lifepo4-battery","10":"product_tag-battery","11":"product_tag-bluetooth","12":"product_tag-golf-cart","13":"product_tag-lithium-battery","15":"first","16":"instock","17":"shipping-taxable","18":"product-type-simple"},"_links":{"self":[{"href":"https:\/\/www.gotopess.com\/pt\/wp-json\/wp\/v2\/product\/640","targetHints":{"allow":["GET"]}}],"collection":[{"href":"https:\/\/www.gotopess.com\/pt\/wp-json\/wp\/v2\/product"}],"about":[{"href":"https:\/\/www.gotopess.com\/pt\/wp-json\/wp\/v2\/types\/product"}],"replies":[{"embeddable":true,"href":"https:\/\/www.gotopess.com\/pt\/wp-json\/wp\/v2\/comments?post=640"}],"wp:featuredmedia":[{"embeddable":true,"href":"https:\/\/www.gotopess.com\/pt\/wp-json\/wp\/v2\/media\/1750"}],"wp:attachment":[{"href":"https:\/\/www.gotopess.com\/pt\/wp-json\/wp\/v2\/media?parent=640"}],"wp:term":[{"taxonomy":"product_brand","embeddable":true,"href":"https:\/\/www.gotopess.com\/pt\/wp-json\/wp\/v2\/product_brand?post=640"},{"taxonomy":"product_cat","embeddable":true,"href":"https:\/\/www.gotopess.com\/pt\/wp-json\/wp\/v2\/product_cat?post=640"},{"taxonomy":"product_tag","embeddable":true,"href":"https:\/\/www.gotopess.com\/pt\/wp-json\/wp\/v2\/product_tag?post=640"}],"curies":[{"name":"wp","href":"https:\/\/api.w.org\/{rel}","templated":true}]}}