{"id":757,"date":"2025-10-04T13:44:57","date_gmt":"2025-10-04T13:44:57","guid":{"rendered":"http:\/\/8.218.239.88\/?post_type=product&#038;p=757"},"modified":"2025-10-05T09:48:15","modified_gmt":"2025-10-05T09:48:15","slug":"12v-140ah-bluetooth-dual-purpose-lithium-battery","status":"publish","type":"product","link":"https:\/\/www.gotopess.com\/pt\/produto\/bateria-de-litio-12v-140ah-bluetooth-dual-purpose-2\/","title":{"rendered":"Bateria de l\u00edtio mar\u00edtima 12V 140Ah Bluetooth de dupla finalidade e 1000 CCA"},"content":{"rendered":"<p><img decoding=\"async\" class=\"aligncenter size-full wp-image-1702\" src=\"https:\/\/www.gotopess.com\/wp-content\/uploads\/2025\/09\/12V-140Ah-Bluetooth-Dual-Purpose-1000-CCA-Marine-Lithium-Battery1.webp\" alt=\"\" width=\"1920\" height=\"787\" srcset=\"https:\/\/www.gotopess.com\/wp-content\/uploads\/2025\/09\/12V-140Ah-Bluetooth-Dual-Purpose-1000-CCA-Marine-Lithium-Battery1.webp 1920w, https:\/\/www.gotopess.com\/wp-content\/uploads\/2025\/09\/12V-140Ah-Bluetooth-Dual-Purpose-1000-CCA-Marine-Lithium-Battery1-800x328.webp 800w, https:\/\/www.gotopess.com\/wp-content\/uploads\/2025\/09\/12V-140Ah-Bluetooth-Dual-Purpose-1000-CCA-Marine-Lithium-Battery1-1400x574.webp 1400w, https:\/\/www.gotopess.com\/wp-content\/uploads\/2025\/09\/12V-140Ah-Bluetooth-Dual-Purpose-1000-CCA-Marine-Lithium-Battery1-768x315.webp 768w, https:\/\/www.gotopess.com\/wp-content\/uploads\/2025\/09\/12V-140Ah-Bluetooth-Dual-Purpose-1000-CCA-Marine-Lithium-Battery1-1536x630.webp 1536w, https:\/\/www.gotopess.com\/wp-content\/uploads\/2025\/09\/12V-140Ah-Bluetooth-Dual-Purpose-1000-CCA-Marine-Lithium-Battery1-18x7.webp 18w, https:\/\/www.gotopess.com\/wp-content\/uploads\/2025\/09\/12V-140Ah-Bluetooth-Dual-Purpose-1000-CCA-Marine-Lithium-Battery1-600x246.webp 600w\" sizes=\"(max-width: 1920px) 100vw, 1920px\" \/> <img decoding=\"async\" class=\"aligncenter size-full wp-image-1703\" src=\"https:\/\/www.gotopess.com\/wp-content\/uploads\/2025\/09\/12V-140Ah-Bluetooth-Dual-Purpose-1000-CCA-Marine-Lithium-Battery2.webp\" alt=\"\" width=\"1920\" height=\"787\" srcset=\"https:\/\/www.gotopess.com\/wp-content\/uploads\/2025\/09\/12V-140Ah-Bluetooth-Dual-Purpose-1000-CCA-Marine-Lithium-Battery2.webp 1920w, https:\/\/www.gotopess.com\/wp-content\/uploads\/2025\/09\/12V-140Ah-Bluetooth-Dual-Purpose-1000-CCA-Marine-Lithium-Battery2-800x328.webp 800w, https:\/\/www.gotopess.com\/wp-content\/uploads\/2025\/09\/12V-140Ah-Bluetooth-Dual-Purpose-1000-CCA-Marine-Lithium-Battery2-1400x574.webp 1400w, https:\/\/www.gotopess.com\/wp-content\/uploads\/2025\/09\/12V-140Ah-Bluetooth-Dual-Purpose-1000-CCA-Marine-Lithium-Battery2-768x315.webp 768w, https:\/\/www.gotopess.com\/wp-content\/uploads\/2025\/09\/12V-140Ah-Bluetooth-Dual-Purpose-1000-CCA-Marine-Lithium-Battery2-1536x630.webp 1536w, https:\/\/www.gotopess.com\/wp-content\/uploads\/2025\/09\/12V-140Ah-Bluetooth-Dual-Purpose-1000-CCA-Marine-Lithium-Battery2-18x7.webp 18w, https:\/\/www.gotopess.com\/wp-content\/uploads\/2025\/09\/12V-140Ah-Bluetooth-Dual-Purpose-1000-CCA-Marine-Lithium-Battery2-600x246.webp 600w\" sizes=\"(max-width: 1920px) 100vw, 1920px\" \/> <img decoding=\"async\" class=\"aligncenter size-full wp-image-1704\" src=\"https:\/\/www.gotopess.com\/wp-content\/uploads\/2025\/09\/12V-140Ah-Bluetooth-Dual-Purpose-1000-CCA-Marine-Lithium-Battery3.webp\" alt=\"\" width=\"1920\" height=\"787\" srcset=\"https:\/\/www.gotopess.com\/wp-content\/uploads\/2025\/09\/12V-140Ah-Bluetooth-Dual-Purpose-1000-CCA-Marine-Lithium-Battery3.webp 1920w, https:\/\/www.gotopess.com\/wp-content\/uploads\/2025\/09\/12V-140Ah-Bluetooth-Dual-Purpose-1000-CCA-Marine-Lithium-Battery3-800x328.webp 800w, https:\/\/www.gotopess.com\/wp-content\/uploads\/2025\/09\/12V-140Ah-Bluetooth-Dual-Purpose-1000-CCA-Marine-Lithium-Battery3-1400x574.webp 1400w, https:\/\/www.gotopess.com\/wp-content\/uploads\/2025\/09\/12V-140Ah-Bluetooth-Dual-Purpose-1000-CCA-Marine-Lithium-Battery3-768x315.webp 768w, https:\/\/www.gotopess.com\/wp-content\/uploads\/2025\/09\/12V-140Ah-Bluetooth-Dual-Purpose-1000-CCA-Marine-Lithium-Battery3-1536x630.webp 1536w, https:\/\/www.gotopess.com\/wp-content\/uploads\/2025\/09\/12V-140Ah-Bluetooth-Dual-Purpose-1000-CCA-Marine-Lithium-Battery3-18x7.webp 18w, https:\/\/www.gotopess.com\/wp-content\/uploads\/2025\/09\/12V-140Ah-Bluetooth-Dual-Purpose-1000-CCA-Marine-Lithium-Battery3-600x246.webp 600w\" sizes=\"(max-width: 1920px) 100vw, 1920px\" \/> <img decoding=\"async\" class=\"aligncenter size-full wp-image-1705\" src=\"https:\/\/www.gotopess.com\/wp-content\/uploads\/2025\/09\/12V-140Ah-Bluetooth-Dual-Purpose-1000-CCA-Marine-Lithium-Battery4.webp\" alt=\"\" width=\"1920\" height=\"787\" srcset=\"https:\/\/www.gotopess.com\/wp-content\/uploads\/2025\/09\/12V-140Ah-Bluetooth-Dual-Purpose-1000-CCA-Marine-Lithium-Battery4.webp 1920w, https:\/\/www.gotopess.com\/wp-content\/uploads\/2025\/09\/12V-140Ah-Bluetooth-Dual-Purpose-1000-CCA-Marine-Lithium-Battery4-800x328.webp 800w, https:\/\/www.gotopess.com\/wp-content\/uploads\/2025\/09\/12V-140Ah-Bluetooth-Dual-Purpose-1000-CCA-Marine-Lithium-Battery4-1400x574.webp 1400w, https:\/\/www.gotopess.com\/wp-content\/uploads\/2025\/09\/12V-140Ah-Bluetooth-Dual-Purpose-1000-CCA-Marine-Lithium-Battery4-768x315.webp 768w, https:\/\/www.gotopess.com\/wp-content\/uploads\/2025\/09\/12V-140Ah-Bluetooth-Dual-Purpose-1000-CCA-Marine-Lithium-Battery4-1536x630.webp 1536w, https:\/\/www.gotopess.com\/wp-content\/uploads\/2025\/09\/12V-140Ah-Bluetooth-Dual-Purpose-1000-CCA-Marine-Lithium-Battery4-18x7.webp 18w, https:\/\/www.gotopess.com\/wp-content\/uploads\/2025\/09\/12V-140Ah-Bluetooth-Dual-Purpose-1000-CCA-Marine-Lithium-Battery4-600x246.webp 600w\" sizes=\"(max-width: 1920px) 100vw, 1920px\" \/> <img decoding=\"async\" class=\"aligncenter size-full wp-image-1706\" src=\"https:\/\/www.gotopess.com\/wp-content\/uploads\/2025\/09\/12V-140Ah-Bluetooth-Dual-Purpose-1000-CCA-Marine-Lithium-Battery5.webp\" alt=\"\" width=\"1920\" height=\"787\" srcset=\"https:\/\/www.gotopess.com\/wp-content\/uploads\/2025\/09\/12V-140Ah-Bluetooth-Dual-Purpose-1000-CCA-Marine-Lithium-Battery5.webp 1920w, https:\/\/www.gotopess.com\/wp-content\/uploads\/2025\/09\/12V-140Ah-Bluetooth-Dual-Purpose-1000-CCA-Marine-Lithium-Battery5-800x328.webp 800w, https:\/\/www.gotopess.com\/wp-content\/uploads\/2025\/09\/12V-140Ah-Bluetooth-Dual-Purpose-1000-CCA-Marine-Lithium-Battery5-1400x574.webp 1400w, https:\/\/www.gotopess.com\/wp-content\/uploads\/2025\/09\/12V-140Ah-Bluetooth-Dual-Purpose-1000-CCA-Marine-Lithium-Battery5-768x315.webp 768w, https:\/\/www.gotopess.com\/wp-content\/uploads\/2025\/09\/12V-140Ah-Bluetooth-Dual-Purpose-1000-CCA-Marine-Lithium-Battery5-1536x630.webp 1536w, https:\/\/www.gotopess.com\/wp-content\/uploads\/2025\/09\/12V-140Ah-Bluetooth-Dual-Purpose-1000-CCA-Marine-Lithium-Battery5-18x7.webp 18w, https:\/\/www.gotopess.com\/wp-content\/uploads\/2025\/09\/12V-140Ah-Bluetooth-Dual-Purpose-1000-CCA-Marine-Lithium-Battery5-600x246.webp 600w\" sizes=\"(max-width: 1920px) 100vw, 1920px\" \/> <img decoding=\"async\" class=\"aligncenter size-full wp-image-1707\" src=\"https:\/\/www.gotopess.com\/wp-content\/uploads\/2025\/09\/12V-140Ah-Bluetooth-Dual-Purpose-1000-CCA-Marine-Lithium-Battery6.webp\" alt=\"\" width=\"1920\" height=\"787\" srcset=\"https:\/\/www.gotopess.com\/wp-content\/uploads\/2025\/09\/12V-140Ah-Bluetooth-Dual-Purpose-1000-CCA-Marine-Lithium-Battery6.webp 1920w, https:\/\/www.gotopess.com\/wp-content\/uploads\/2025\/09\/12V-140Ah-Bluetooth-Dual-Purpose-1000-CCA-Marine-Lithium-Battery6-800x328.webp 800w, https:\/\/www.gotopess.com\/wp-content\/uploads\/2025\/09\/12V-140Ah-Bluetooth-Dual-Purpose-1000-CCA-Marine-Lithium-Battery6-1400x574.webp 1400w, https:\/\/www.gotopess.com\/wp-content\/uploads\/2025\/09\/12V-140Ah-Bluetooth-Dual-Purpose-1000-CCA-Marine-Lithium-Battery6-768x315.webp 768w, https:\/\/www.gotopess.com\/wp-content\/uploads\/2025\/09\/12V-140Ah-Bluetooth-Dual-Purpose-1000-CCA-Marine-Lithium-Battery6-1536x630.webp 1536w, https:\/\/www.gotopess.com\/wp-content\/uploads\/2025\/09\/12V-140Ah-Bluetooth-Dual-Purpose-1000-CCA-Marine-Lithium-Battery6-18x7.webp 18w, https:\/\/www.gotopess.com\/wp-content\/uploads\/2025\/09\/12V-140Ah-Bluetooth-Dual-Purpose-1000-CCA-Marine-Lithium-Battery6-600x246.webp 600w\" sizes=\"(max-width: 1920px) 100vw, 1920px\" \/> <img decoding=\"async\" class=\"aligncenter size-full wp-image-1708\" src=\"https:\/\/www.gotopess.com\/wp-content\/uploads\/2025\/09\/12V-140Ah-Bluetooth-Dual-Purpose-1000-CCA-Marine-Lithium-Battery7.webp\" alt=\"\" width=\"1920\" height=\"787\" srcset=\"https:\/\/www.gotopess.com\/wp-content\/uploads\/2025\/09\/12V-140Ah-Bluetooth-Dual-Purpose-1000-CCA-Marine-Lithium-Battery7.webp 1920w, https:\/\/www.gotopess.com\/wp-content\/uploads\/2025\/09\/12V-140Ah-Bluetooth-Dual-Purpose-1000-CCA-Marine-Lithium-Battery7-800x328.webp 800w, https:\/\/www.gotopess.com\/wp-content\/uploads\/2025\/09\/12V-140Ah-Bluetooth-Dual-Purpose-1000-CCA-Marine-Lithium-Battery7-1400x574.webp 1400w, https:\/\/www.gotopess.com\/wp-content\/uploads\/2025\/09\/12V-140Ah-Bluetooth-Dual-Purpose-1000-CCA-Marine-Lithium-Battery7-768x315.webp 768w, https:\/\/www.gotopess.com\/wp-content\/uploads\/2025\/09\/12V-140Ah-Bluetooth-Dual-Purpose-1000-CCA-Marine-Lithium-Battery7-1536x630.webp 1536w, https:\/\/www.gotopess.com\/wp-content\/uploads\/2025\/09\/12V-140Ah-Bluetooth-Dual-Purpose-1000-CCA-Marine-Lithium-Battery7-18x7.webp 18w, https:\/\/www.gotopess.com\/wp-content\/uploads\/2025\/09\/12V-140Ah-Bluetooth-Dual-Purpose-1000-CCA-Marine-Lithium-Battery7-600x246.webp 600w\" sizes=\"(max-width: 1920px) 100vw, 1920px\" \/><\/p>\n<table class=\"pdf-table\">\n<thead>\n<tr>\n<th>Especifica\u00e7\u00e3o<\/th>\n<th>Valor<\/th>\n<\/tr>\n<\/thead>\n<tbody>\n<tr class=\"pdf-table-category\">\n<td colspan=\"2\">BATERIA<\/td>\n<\/tr>\n<tr>\n<td class=\"pdf-table-spec-name\">Tipo de c\u00e9lula<\/td>\n<td class=\"pdf-table-spec-value\">LiFePO4<\/td>\n<\/tr>\n<tr>\n<td class=\"pdf-table-spec-name\">Garantia<\/td>\n<td class=\"pdf-table-spec-value\">5 anos<\/td>\n<\/tr>\n<tr>\n<td class=\"pdf-table-spec-name\">Ciclo de vida<\/td>\n<td class=\"pdf-table-spec-value\">\u22655000 tempos de partida<\/td>\n<\/tr>\n<tr>\n<td class=\"pdf-table-spec-name\">Tens\u00e3o nominal<\/td>\n<td class=\"pdf-table-spec-value\">12.8V<\/td>\n<\/tr>\n<tr>\n<td class=\"pdf-table-spec-name\">Capacidade nominal<\/td>\n<td class=\"pdf-table-spec-value\">140Ah<\/td>\n<\/tr>\n<tr>\n<td class=\"pdf-table-spec-name\">Energia<\/td>\n<td class=\"pdf-table-spec-value\">1792Wh<\/td>\n<\/tr>\n<tr>\n<td class=\"pdf-table-spec-name\">M\u00e1ximo. Expans\u00e3o (paralela e em s\u00e9rie)<\/td>\n<td class=\"pdf-table-spec-value\">Para partida e ciclo profundo: 4P1S; SOMENTE para armazenamento de energia: 4P4S<\/td>\n<\/tr>\n<tr>\n<td class=\"pdf-table-spec-name\">Resist\u00eancia interna<\/td>\n<td class=\"pdf-table-spec-value\">&lt;40m\u03a9<\/td>\n<\/tr>\n<tr>\n<td class=\"pdf-table-spec-name\">Certifica\u00e7\u00f5es<\/td>\n<td class=\"pdf-table-spec-value\">CE, ROHS, UN38.3, CE RED, FCC ID<\/td>\n<\/tr>\n<tr>\n<td class=\"pdf-table-spec-name\">Amperes de arranque a quente (HCA)<\/td>\n<td class=\"pdf-table-spec-value\">1500A<\/td>\n<\/tr>\n<tr>\n<td class=\"pdf-table-spec-name\">Amperes de arranque mar\u00edtimo (MCA)<\/td>\n<td class=\"pdf-table-spec-value\">1200A (0\u00b0C)<\/td>\n<\/tr>\n<tr>\n<td class=\"pdf-table-spec-name\">Amperes de arranque a frio (CCA)<\/td>\n<td class=\"pdf-table-spec-value\">1000A (-10\u00b0C); 900A (-18\u00b0C)<\/td>\n<\/tr>\n<tr>\n<td class=\"pdf-table-spec-name\">Bluetooth<\/td>\n<td class=\"pdf-table-spec-value\"><span class=\"pdf-table-checkmark\">\u2713<\/span><\/td>\n<\/tr>\n<tr>\n<td class=\"pdf-table-spec-name\">Auto-aquecimento<\/td>\n<td class=\"pdf-table-spec-value\"><span class=\"pdf-table-checkmark\">\u2713<\/span><\/td>\n<\/tr>\n<tr class=\"pdf-table-category\">\n<td colspan=\"2\">BMS<\/td>\n<\/tr>\n<tr>\n<td class=\"pdf-table-spec-name\">M\u00e1x. Pot\u00eancia de sa\u00edda cont\u00ednua<\/td>\n<td class=\"pdf-table-spec-value\">1792W<\/td>\n<\/tr>\n<tr>\n<td class=\"pdf-table-spec-name\">M\u00e1x. Corrente de carga cont\u00ednua<\/td>\n<td class=\"pdf-table-spec-value\">140A<\/td>\n<\/tr>\n<tr>\n<td class=\"pdf-table-spec-name\">M\u00e1x. Corrente de descarga cont\u00ednua<\/td>\n<td class=\"pdf-table-spec-value\">140A<\/td>\n<\/tr>\n<tr>\n<td class=\"pdf-table-spec-name\">Corrente de carga m\u00e1xima. Corrente de carga (alternador externo)<\/td>\n<td class=\"pdf-table-spec-value\"><span class=\"pdf-table-dash\">-<\/span><\/td>\n<\/tr>\n<tr class=\"pdf-table-category\">\n<td colspan=\"2\">CARGA<\/td>\n<\/tr>\n<tr>\n<td class=\"pdf-table-spec-name\">M\u00e9todo de cobran\u00e7a<\/td>\n<td class=\"pdf-table-spec-value\">CC\/CV<\/td>\n<\/tr>\n<tr>\n<td class=\"pdf-table-spec-name\">Tens\u00e3o de carga<\/td>\n<td class=\"pdf-table-spec-value\">14,4 V \u00b1 0,2 V (recomendado)<\/td>\n<\/tr>\n<tr>\n<td class=\"pdf-table-spec-name\">Corrente de carga recomendada<\/td>\n<td class=\"pdf-table-spec-value\">28A<\/td>\n<\/tr>\n<tr class=\"pdf-table-category\">\n<td colspan=\"2\">TEMPERATURA<\/td>\n<\/tr>\n<tr>\n<td class=\"pdf-table-spec-name\">Temperatura da carga<\/td>\n<td class=\"pdf-table-spec-value\">-20\u00b0C a 50\u00b0C \/ -4\u00b0F a 122\u00b0F<\/td>\n<\/tr>\n<tr>\n<td class=\"pdf-table-spec-name\">Temperatura de descarga<\/td>\n<td class=\"pdf-table-spec-value\">-20\u00b0C a 60\u00b0C \/ -4\u00b0F a 140\u00b0F<\/td>\n<\/tr>\n<tr>\n<td class=\"pdf-table-spec-name\">Temperatura de armazenamento<\/td>\n<td class=\"pdf-table-spec-value\">-10\u00b0C a 50\u00b0C \/ 14\u00b0F a 122\u00b0F<\/td>\n<\/tr>\n<tr>\n<td class=\"pdf-table-spec-name\">Prote\u00e7\u00e3o contra baixas temperaturas<\/td>\n<td class=\"pdf-table-spec-value\"><span class=\"pdf-table-checkmark\">\u2713<\/span><\/td>\n<\/tr>\n<tr>\n<td class=\"pdf-table-spec-name\">Descarga autom\u00e1tica desligada<\/td>\n<td class=\"pdf-table-spec-value\">&lt; -4\u00b0F \/ -20\u00b0C<\/td>\n<\/tr>\n<tr>\n<td class=\"pdf-table-spec-name\">Desligamento autom\u00e1tico da carga<\/td>\n<td class=\"pdf-table-spec-value\">&lt; 32\u00b0F \/ 0\u00b0C<\/td>\n<\/tr>\n<tr>\n<td class=\"pdf-table-spec-name\">Recupera\u00e7\u00e3o autom\u00e1tica de carga<\/td>\n<td class=\"pdf-table-spec-value\">\u2265 41\u00b0F \/ 5\u00b0C<\/td>\n<\/tr>\n<tr class=\"pdf-table-category\">\n<td colspan=\"2\">AQUECIMENTO AUTOM\u00c1TICO<\/td>\n<\/tr>\n<tr>\n<td class=\"pdf-table-spec-name\">Faixa de temperatura de aquecimento<\/td>\n<td class=\"pdf-table-spec-value\">Carga: -20\u00b0C a 5\u00b0C \/ -4\u00b0F a 41\u00b0F<\/td>\n<\/tr>\n<tr>\n<td class=\"pdf-table-spec-name\">Tempo aproximado de aquecimento<\/td>\n<td class=\"pdf-table-spec-value\">40-70 mins (a partir de -10\u00b0C \/ 14\u00b0F); 80-120 mins (a partir de -20\u00b0C \/ -4\u00b0F)<\/td>\n<\/tr>\n<tr>\n<td class=\"pdf-table-spec-name\">Corrente de carga m\u00ednima necess\u00e1ria para aquecimento<\/td>\n<td class=\"pdf-table-spec-value\">10A<\/td>\n<\/tr>\n<tr class=\"pdf-table-category\">\n<td colspan=\"2\">OUTROS<\/td>\n<\/tr>\n<tr>\n<td class=\"pdf-table-spec-name\">Terminais<\/td>\n<td class=\"pdf-table-spec-value\">Parafusos M8<\/td>\n<\/tr>\n<tr>\n<td class=\"pdf-table-spec-name\">Peso<\/td>\n<td class=\"pdf-table-spec-value\">Aprox. 36,56 lbs<\/td>\n<\/tr>\n<tr>\n<td class=\"pdf-table-spec-name\">Tamanho<\/td>\n<td class=\"pdf-table-spec-value\">L13 * H6,77 * W8,5 polegadas (tamanho do grupo 31)<\/td>\n<\/tr>\n<tr>\n<td class=\"pdf-table-spec-name\">Material do compartimento<\/td>\n<td class=\"pdf-table-spec-value\">ABS<\/td>\n<\/tr>\n<tr>\n<td class=\"pdf-table-spec-name\">Classe de prote\u00e7\u00e3o<\/td>\n<td class=\"pdf-table-spec-value\"><span class=\"pdf-table-dash\">-<\/span><\/td>\n<\/tr>\n<\/tbody>\n<\/table>","protected":false},"excerpt":{"rendered":"<ul>\n<li>Adapta-se \u00e0 maioria dos motores de popa movidos a combust\u00edvel; N\u00c3O use como bateria de partida para ve\u00edculos (carros, motocicletas, tratores etc.)<\/li>\n<li>Bluetooth 5.0 inteligente: Monitora facilmente o status da bateria no telefone<\/li>\n<li>Novo modo de reserva de energia: Corte autom\u00e1tico em caso de baixa pot\u00eancia, para reservar energia suficiente para a partida<\/li>\n<li>Auto-aquecimento: aquecimento de -4\u00b0F a 41\u00b0F ligado. Carregamento confi\u00e1vel em \u00e1reas com temperaturas abaixo de zero<\/li>\n<li>C\u00e9lulas de partida LiFePO4 de grau EV: mais de 5.000 tempos de partida e mais de 4.000 ciclos profundos@100%DOD<\/li>\n<li>Mais de 20 prote\u00e7\u00f5es: Recupera\u00e7\u00e3o autom\u00e1tica ap\u00f3s prote\u00e7\u00e3o contra sobrecarga (30s), resist\u00eancia a spray de sal e \u00e0 prova de umidade, etc.<\/li>\n<li>Uso em ciclo profundo: Alimente eletr\u00f4nicos de pesca de 12V como uma bateria mar\u00edtima de ciclo profundo<\/li>\n<\/ul>","protected":false},"featured_media":1709,"comment_status":"open","ping_status":"closed","template":"","meta":[],"product_brand":[145],"product_cat":[45,83,146],"product_tag":[99,103,100,186,106,102],"class_list":{"0":"post-757","1":"product","2":"type-product","3":"status-publish","4":"has-post-thumbnail","6":"product_brand-gotopower","7":"product_cat-lifepo4-battery","8":"product_cat-lithium-lifepo4-battery","9":"product_cat-12v-lifepo4-battery","10":"product_tag-battery","11":"product_tag-boat","12":"product_tag-lithium","13":"product_tag-marine","14":"product_tag-rv","15":"product_tag-trolling-motor","17":"first","18":"instock","19":"sale","20":"downloadable","21":"shipping-taxable","22":"purchasable","23":"product-type-simple"},"_links":{"self":[{"href":"https:\/\/www.gotopess.com\/pt\/wp-json\/wp\/v2\/product\/757","targetHints":{"allow":["GET"]}}],"collection":[{"href":"https:\/\/www.gotopess.com\/pt\/wp-json\/wp\/v2\/product"}],"about":[{"href":"https:\/\/www.gotopess.com\/pt\/wp-json\/wp\/v2\/types\/product"}],"replies":[{"embeddable":true,"href":"https:\/\/www.gotopess.com\/pt\/wp-json\/wp\/v2\/comments?post=757"}],"wp:featuredmedia":[{"embeddable":true,"href":"https:\/\/www.gotopess.com\/pt\/wp-json\/wp\/v2\/media\/1709"}],"wp:attachment":[{"href":"https:\/\/www.gotopess.com\/pt\/wp-json\/wp\/v2\/media?parent=757"}],"wp:term":[{"taxonomy":"product_brand","embeddable":true,"href":"https:\/\/www.gotopess.com\/pt\/wp-json\/wp\/v2\/product_brand?post=757"},{"taxonomy":"product_cat","embeddable":true,"href":"https:\/\/www.gotopess.com\/pt\/wp-json\/wp\/v2\/product_cat?post=757"},{"taxonomy":"product_tag","embeddable":true,"href":"https:\/\/www.gotopess.com\/pt\/wp-json\/wp\/v2\/product_tag?post=757"}],"curies":[{"name":"wp","href":"https:\/\/api.w.org\/{rel}","templated":true}]}}