{"id":801,"date":"2025-09-17T18:11:28","date_gmt":"2025-09-17T18:11:28","guid":{"rendered":"http:\/\/8.218.239.88\/?post_type=product&#038;p=801"},"modified":"2025-10-02T18:46:19","modified_gmt":"2025-10-02T18:46:19","slug":"12v-280ah-bluetooth-lithium-battery-3584wh-power-for-rv-home-off-grid","status":"publish","type":"product","link":"https:\/\/www.gotopess.com\/pt\/produto\/12v-280ah-bluetooth-lithium-battery-3584wh-power-for-rv-home-off-grid-2\/","title":{"rendered":"Bateria de l\u00edtio 12V 280Ah Bluetooth - 3584Wh de energia para ve\u00edculos recreativos dom\u00e9sticos fora da rede"},"content":{"rendered":"<p><img decoding=\"async\" class=\"aligncenter size-full wp-image-1787\" src=\"https:\/\/www.gotopess.com\/wp-content\/uploads\/2025\/09\/12v280ahlithiumbattery5-1.jpeg\" alt=\"\" width=\"1920\" height=\"787\" srcset=\"https:\/\/www.gotopess.com\/wp-content\/uploads\/2025\/09\/12v280ahlithiumbattery5-1.jpeg 1920w, https:\/\/www.gotopess.com\/wp-content\/uploads\/2025\/09\/12v280ahlithiumbattery5-1-800x328.jpeg 800w, https:\/\/www.gotopess.com\/wp-content\/uploads\/2025\/09\/12v280ahlithiumbattery5-1-1400x574.jpeg 1400w, https:\/\/www.gotopess.com\/wp-content\/uploads\/2025\/09\/12v280ahlithiumbattery5-1-768x315.jpeg 768w, https:\/\/www.gotopess.com\/wp-content\/uploads\/2025\/09\/12v280ahlithiumbattery5-1-1536x630.jpeg 1536w, https:\/\/www.gotopess.com\/wp-content\/uploads\/2025\/09\/12v280ahlithiumbattery5-1-18x7.jpeg 18w, https:\/\/www.gotopess.com\/wp-content\/uploads\/2025\/09\/12v280ahlithiumbattery5-1-600x246.jpeg 600w\" sizes=\"(max-width: 1920px) 100vw, 1920px\" \/><img decoding=\"async\" class=\"aligncenter size-full wp-image-1786\" src=\"https:\/\/www.gotopess.com\/wp-content\/uploads\/2025\/09\/12v280ahlithiumbattery4-1.jpeg\" alt=\"\" width=\"1920\" height=\"787\" srcset=\"https:\/\/www.gotopess.com\/wp-content\/uploads\/2025\/09\/12v280ahlithiumbattery4-1.jpeg 1920w, https:\/\/www.gotopess.com\/wp-content\/uploads\/2025\/09\/12v280ahlithiumbattery4-1-800x328.jpeg 800w, https:\/\/www.gotopess.com\/wp-content\/uploads\/2025\/09\/12v280ahlithiumbattery4-1-1400x574.jpeg 1400w, https:\/\/www.gotopess.com\/wp-content\/uploads\/2025\/09\/12v280ahlithiumbattery4-1-768x315.jpeg 768w, https:\/\/www.gotopess.com\/wp-content\/uploads\/2025\/09\/12v280ahlithiumbattery4-1-1536x630.jpeg 1536w, https:\/\/www.gotopess.com\/wp-content\/uploads\/2025\/09\/12v280ahlithiumbattery4-1-18x7.jpeg 18w, https:\/\/www.gotopess.com\/wp-content\/uploads\/2025\/09\/12v280ahlithiumbattery4-1-600x246.jpeg 600w\" sizes=\"(max-width: 1920px) 100vw, 1920px\" \/><img decoding=\"async\" class=\"aligncenter size-full wp-image-1783\" src=\"https:\/\/www.gotopess.com\/wp-content\/uploads\/2025\/09\/12v280ahlithiumbattery1-1.jpeg\" alt=\"\" width=\"1920\" height=\"787\" srcset=\"https:\/\/www.gotopess.com\/wp-content\/uploads\/2025\/09\/12v280ahlithiumbattery1-1.jpeg 1920w, https:\/\/www.gotopess.com\/wp-content\/uploads\/2025\/09\/12v280ahlithiumbattery1-1-800x328.jpeg 800w, https:\/\/www.gotopess.com\/wp-content\/uploads\/2025\/09\/12v280ahlithiumbattery1-1-1400x574.jpeg 1400w, https:\/\/www.gotopess.com\/wp-content\/uploads\/2025\/09\/12v280ahlithiumbattery1-1-768x315.jpeg 768w, https:\/\/www.gotopess.com\/wp-content\/uploads\/2025\/09\/12v280ahlithiumbattery1-1-1536x630.jpeg 1536w, https:\/\/www.gotopess.com\/wp-content\/uploads\/2025\/09\/12v280ahlithiumbattery1-1-18x7.jpeg 18w, https:\/\/www.gotopess.com\/wp-content\/uploads\/2025\/09\/12v280ahlithiumbattery1-1-600x246.jpeg 600w\" sizes=\"(max-width: 1920px) 100vw, 1920px\" \/> <img decoding=\"async\" class=\"aligncenter size-full wp-image-1784\" src=\"https:\/\/www.gotopess.com\/wp-content\/uploads\/2025\/09\/12v280ahlithiumbattery2-1.jpeg\" alt=\"\" width=\"1920\" height=\"787\" srcset=\"https:\/\/www.gotopess.com\/wp-content\/uploads\/2025\/09\/12v280ahlithiumbattery2-1.jpeg 1920w, https:\/\/www.gotopess.com\/wp-content\/uploads\/2025\/09\/12v280ahlithiumbattery2-1-800x328.jpeg 800w, https:\/\/www.gotopess.com\/wp-content\/uploads\/2025\/09\/12v280ahlithiumbattery2-1-1400x574.jpeg 1400w, https:\/\/www.gotopess.com\/wp-content\/uploads\/2025\/09\/12v280ahlithiumbattery2-1-768x315.jpeg 768w, https:\/\/www.gotopess.com\/wp-content\/uploads\/2025\/09\/12v280ahlithiumbattery2-1-1536x630.jpeg 1536w, https:\/\/www.gotopess.com\/wp-content\/uploads\/2025\/09\/12v280ahlithiumbattery2-1-18x7.jpeg 18w, https:\/\/www.gotopess.com\/wp-content\/uploads\/2025\/09\/12v280ahlithiumbattery2-1-600x246.jpeg 600w\" sizes=\"(max-width: 1920px) 100vw, 1920px\" \/> <img decoding=\"async\" class=\"aligncenter size-full wp-image-1785\" src=\"https:\/\/www.gotopess.com\/wp-content\/uploads\/2025\/09\/12v280ahlithiumbattery3-1.jpeg\" alt=\"\" width=\"1920\" height=\"787\" srcset=\"https:\/\/www.gotopess.com\/wp-content\/uploads\/2025\/09\/12v280ahlithiumbattery3-1.jpeg 1920w, https:\/\/www.gotopess.com\/wp-content\/uploads\/2025\/09\/12v280ahlithiumbattery3-1-800x328.jpeg 800w, https:\/\/www.gotopess.com\/wp-content\/uploads\/2025\/09\/12v280ahlithiumbattery3-1-1400x574.jpeg 1400w, https:\/\/www.gotopess.com\/wp-content\/uploads\/2025\/09\/12v280ahlithiumbattery3-1-768x315.jpeg 768w, https:\/\/www.gotopess.com\/wp-content\/uploads\/2025\/09\/12v280ahlithiumbattery3-1-1536x630.jpeg 1536w, https:\/\/www.gotopess.com\/wp-content\/uploads\/2025\/09\/12v280ahlithiumbattery3-1-18x7.jpeg 18w, https:\/\/www.gotopess.com\/wp-content\/uploads\/2025\/09\/12v280ahlithiumbattery3-1-600x246.jpeg 600w\" sizes=\"(max-width: 1920px) 100vw, 1920px\" \/> <img decoding=\"async\" class=\"aligncenter size-full wp-image-1788\" src=\"https:\/\/www.gotopess.com\/wp-content\/uploads\/2025\/09\/12v280ahlithiumbattery6-1.jpeg\" alt=\"\" width=\"1920\" height=\"787\" srcset=\"https:\/\/www.gotopess.com\/wp-content\/uploads\/2025\/09\/12v280ahlithiumbattery6-1.jpeg 1920w, https:\/\/www.gotopess.com\/wp-content\/uploads\/2025\/09\/12v280ahlithiumbattery6-1-800x328.jpeg 800w, https:\/\/www.gotopess.com\/wp-content\/uploads\/2025\/09\/12v280ahlithiumbattery6-1-1400x574.jpeg 1400w, https:\/\/www.gotopess.com\/wp-content\/uploads\/2025\/09\/12v280ahlithiumbattery6-1-768x315.jpeg 768w, https:\/\/www.gotopess.com\/wp-content\/uploads\/2025\/09\/12v280ahlithiumbattery6-1-1536x630.jpeg 1536w, https:\/\/www.gotopess.com\/wp-content\/uploads\/2025\/09\/12v280ahlithiumbattery6-1-18x7.jpeg 18w, https:\/\/www.gotopess.com\/wp-content\/uploads\/2025\/09\/12v280ahlithiumbattery6-1-600x246.jpeg 600w\" sizes=\"(max-width: 1920px) 100vw, 1920px\" \/> <img decoding=\"async\" class=\"aligncenter size-full wp-image-1789\" src=\"https:\/\/www.gotopess.com\/wp-content\/uploads\/2025\/09\/12v280ahlithiumbattery7-1.jpeg\" alt=\"\" width=\"1920\" height=\"787\" srcset=\"https:\/\/www.gotopess.com\/wp-content\/uploads\/2025\/09\/12v280ahlithiumbattery7-1.jpeg 1920w, https:\/\/www.gotopess.com\/wp-content\/uploads\/2025\/09\/12v280ahlithiumbattery7-1-800x328.jpeg 800w, https:\/\/www.gotopess.com\/wp-content\/uploads\/2025\/09\/12v280ahlithiumbattery7-1-1400x574.jpeg 1400w, https:\/\/www.gotopess.com\/wp-content\/uploads\/2025\/09\/12v280ahlithiumbattery7-1-768x315.jpeg 768w, https:\/\/www.gotopess.com\/wp-content\/uploads\/2025\/09\/12v280ahlithiumbattery7-1-1536x630.jpeg 1536w, https:\/\/www.gotopess.com\/wp-content\/uploads\/2025\/09\/12v280ahlithiumbattery7-1-18x7.jpeg 18w, https:\/\/www.gotopess.com\/wp-content\/uploads\/2025\/09\/12v280ahlithiumbattery7-1-600x246.jpeg 600w\" sizes=\"(max-width: 1920px) 100vw, 1920px\" \/> <img decoding=\"async\" class=\"aligncenter size-full wp-image-1790\" src=\"https:\/\/www.gotopess.com\/wp-content\/uploads\/2025\/09\/12v280ahlithiumbattery8-1.jpeg\" alt=\"\" width=\"1920\" height=\"787\" srcset=\"https:\/\/www.gotopess.com\/wp-content\/uploads\/2025\/09\/12v280ahlithiumbattery8-1.jpeg 1920w, https:\/\/www.gotopess.com\/wp-content\/uploads\/2025\/09\/12v280ahlithiumbattery8-1-800x328.jpeg 800w, https:\/\/www.gotopess.com\/wp-content\/uploads\/2025\/09\/12v280ahlithiumbattery8-1-1400x574.jpeg 1400w, https:\/\/www.gotopess.com\/wp-content\/uploads\/2025\/09\/12v280ahlithiumbattery8-1-768x315.jpeg 768w, https:\/\/www.gotopess.com\/wp-content\/uploads\/2025\/09\/12v280ahlithiumbattery8-1-1536x630.jpeg 1536w, https:\/\/www.gotopess.com\/wp-content\/uploads\/2025\/09\/12v280ahlithiumbattery8-1-18x7.jpeg 18w, https:\/\/www.gotopess.com\/wp-content\/uploads\/2025\/09\/12v280ahlithiumbattery8-1-600x246.jpeg 600w\" sizes=\"(max-width: 1920px) 100vw, 1920px\" \/> <img decoding=\"async\" class=\"aligncenter size-full wp-image-1791\" src=\"https:\/\/www.gotopess.com\/wp-content\/uploads\/2025\/09\/12v280ahlithiumbattery9-1.jpeg\" alt=\"\" width=\"1920\" height=\"787\" srcset=\"https:\/\/www.gotopess.com\/wp-content\/uploads\/2025\/09\/12v280ahlithiumbattery9-1.jpeg 1920w, https:\/\/www.gotopess.com\/wp-content\/uploads\/2025\/09\/12v280ahlithiumbattery9-1-800x328.jpeg 800w, https:\/\/www.gotopess.com\/wp-content\/uploads\/2025\/09\/12v280ahlithiumbattery9-1-1400x574.jpeg 1400w, https:\/\/www.gotopess.com\/wp-content\/uploads\/2025\/09\/12v280ahlithiumbattery9-1-768x315.jpeg 768w, https:\/\/www.gotopess.com\/wp-content\/uploads\/2025\/09\/12v280ahlithiumbattery9-1-1536x630.jpeg 1536w, https:\/\/www.gotopess.com\/wp-content\/uploads\/2025\/09\/12v280ahlithiumbattery9-1-18x7.jpeg 18w, https:\/\/www.gotopess.com\/wp-content\/uploads\/2025\/09\/12v280ahlithiumbattery9-1-600x246.jpeg 600w\" sizes=\"(max-width: 1920px) 100vw, 1920px\" \/> <img decoding=\"async\" class=\"aligncenter size-full wp-image-1792\" src=\"https:\/\/www.gotopess.com\/wp-content\/uploads\/2025\/09\/12v280ahlithiumbattery10-1.jpeg\" alt=\"\" width=\"1920\" height=\"787\" srcset=\"https:\/\/www.gotopess.com\/wp-content\/uploads\/2025\/09\/12v280ahlithiumbattery10-1.jpeg 1920w, https:\/\/www.gotopess.com\/wp-content\/uploads\/2025\/09\/12v280ahlithiumbattery10-1-800x328.jpeg 800w, https:\/\/www.gotopess.com\/wp-content\/uploads\/2025\/09\/12v280ahlithiumbattery10-1-1400x574.jpeg 1400w, https:\/\/www.gotopess.com\/wp-content\/uploads\/2025\/09\/12v280ahlithiumbattery10-1-768x315.jpeg 768w, https:\/\/www.gotopess.com\/wp-content\/uploads\/2025\/09\/12v280ahlithiumbattery10-1-1536x630.jpeg 1536w, https:\/\/www.gotopess.com\/wp-content\/uploads\/2025\/09\/12v280ahlithiumbattery10-1-18x7.jpeg 18w, https:\/\/www.gotopess.com\/wp-content\/uploads\/2025\/09\/12v280ahlithiumbattery10-1-600x246.jpeg 600w\" sizes=\"(max-width: 1920px) 100vw, 1920px\" \/><\/p>","protected":false},"excerpt":{"rendered":"<ul>\n<li>Bluetooth 5.0 inteligente - verifique o sistema e os dados da bateria, controle a descarga e desligue a bateria.<\/li>\n<li>Prote\u00e7\u00e3o contra corte por baixa temperatura, 32\u2109 de carga desligada, -4\u2109 de descarga desligada e 41\u2109 de retomada de carga.<\/li>\n<li>BMS de 200A, fornece prote\u00e7\u00e3o atualizada para mais de 20.<\/li>\n<li>M\u00e1x. Corrente cont\u00ednua de carga\/descarga de 200 A, para requisitos de alta pot\u00eancia. C\u00e9lulas LiFePO4 de grau EV.<\/li>\n<li>4 formas de carregamento - carregador LiFePO4\/painel solar\/gerador\/alternador.<\/li>\n<li>Mais de 4000 ciclos@100% DOD, 10 anos de vida \u00fatil, taxa de autodescarga de 3% (por m\u00eas).<\/li>\n<\/ul>","protected":false},"featured_media":1793,"comment_status":"open","ping_status":"closed","template":"","meta":[],"product_brand":[145],"product_cat":[45,83,146],"product_tag":[99,103,230,105,183,100,184,106],"class_list":{"0":"post-801","1":"product","2":"type-product","3":"status-publish","4":"has-post-thumbnail","6":"product_brand-gotopower","7":"product_cat-lifepo4-battery","8":"product_cat-lithium-lifepo4-battery","9":"product_cat-12v-lifepo4-battery","10":"product_tag-battery","11":"product_tag-boat","12":"product_tag-camper","13":"product_tag-golf-cart","14":"product_tag-home","15":"product_tag-lithium","16":"product_tag-off-grid","17":"product_tag-rv","19":"first","20":"instock","21":"featured","22":"downloadable","23":"shipping-taxable","24":"product-type-simple"},"_links":{"self":[{"href":"https:\/\/www.gotopess.com\/pt\/wp-json\/wp\/v2\/product\/801","targetHints":{"allow":["GET"]}}],"collection":[{"href":"https:\/\/www.gotopess.com\/pt\/wp-json\/wp\/v2\/product"}],"about":[{"href":"https:\/\/www.gotopess.com\/pt\/wp-json\/wp\/v2\/types\/product"}],"replies":[{"embeddable":true,"href":"https:\/\/www.gotopess.com\/pt\/wp-json\/wp\/v2\/comments?post=801"}],"wp:featuredmedia":[{"embeddable":true,"href":"https:\/\/www.gotopess.com\/pt\/wp-json\/wp\/v2\/media\/1793"}],"wp:attachment":[{"href":"https:\/\/www.gotopess.com\/pt\/wp-json\/wp\/v2\/media?parent=801"}],"wp:term":[{"taxonomy":"product_brand","embeddable":true,"href":"https:\/\/www.gotopess.com\/pt\/wp-json\/wp\/v2\/product_brand?post=801"},{"taxonomy":"product_cat","embeddable":true,"href":"https:\/\/www.gotopess.com\/pt\/wp-json\/wp\/v2\/product_cat?post=801"},{"taxonomy":"product_tag","embeddable":true,"href":"https:\/\/www.gotopess.com\/pt\/wp-json\/wp\/v2\/product_tag?post=801"}],"curies":[{"name":"wp","href":"https:\/\/api.w.org\/{rel}","templated":true}]}}