{"id":987,"date":"2025-10-10T09:15:00","date_gmt":"2025-10-10T01:15:00","guid":{"rendered":"http:\/\/8.218.239.88\/?post_type=product&#038;p=987"},"modified":"2025-10-18T21:14:05","modified_gmt":"2025-10-18T13:14:05","slug":"gt-series-ip54-waterproof-4000w-11000w-hybrid-inverterparallel","status":"publish","type":"product","link":"https:\/\/www.gotopess.com\/pt\/produto\/4000w11000w-hybrid-inverter-gt-series-2\/","title":{"rendered":"S\u00e9rie GT +IP54 \u00e0 prova d'\u00e1gua Inversor h\u00edbrido de 4000W-11000W + paralelo"},"content":{"rendered":"<p><img decoding=\"async\" class=\"aligncenter wp-image-988 size-full\" src=\"https:\/\/www.gotopess.com\/wp-content\/uploads\/2025\/09\/\u5f69\u9875A4-4000W11000W-HYBRID-INVERTER-GT-SERIES_0-scaled.jpg\" alt=\"\" width=\"1886\" height=\"2560\" srcset=\"https:\/\/www.gotopess.com\/wp-content\/uploads\/2025\/09\/\u5f69\u9875A4-4000W11000W-HYBRID-INVERTER-GT-SERIES_0-scaled.jpg 1886w, https:\/\/www.gotopess.com\/wp-content\/uploads\/2025\/09\/\u5f69\u9875A4-4000W11000W-HYBRID-INVERTER-GT-SERIES_0-295x400.jpg 295w, https:\/\/www.gotopess.com\/wp-content\/uploads\/2025\/09\/\u5f69\u9875A4-4000W11000W-HYBRID-INVERTER-GT-SERIES_0-589x800.jpg 589w, https:\/\/www.gotopess.com\/wp-content\/uploads\/2025\/09\/\u5f69\u9875A4-4000W11000W-HYBRID-INVERTER-GT-SERIES_0-768x1042.jpg 768w, https:\/\/www.gotopess.com\/wp-content\/uploads\/2025\/09\/\u5f69\u9875A4-4000W11000W-HYBRID-INVERTER-GT-SERIES_0-1132x1536.jpg 1132w, https:\/\/www.gotopess.com\/wp-content\/uploads\/2025\/09\/\u5f69\u9875A4-4000W11000W-HYBRID-INVERTER-GT-SERIES_0-1509x2048.jpg 1509w, https:\/\/www.gotopess.com\/wp-content\/uploads\/2025\/09\/\u5f69\u9875A4-4000W11000W-HYBRID-INVERTER-GT-SERIES_0-600x814.jpg 600w\" sizes=\"(max-width: 1886px) 100vw, 1886px\" \/><br \/>\n<img decoding=\"async\" class=\"aligncenter wp-image-989 size-full\" src=\"https:\/\/www.gotopess.com\/wp-content\/uploads\/2025\/09\/\u5f69\u9875A4-4000W11000W-HYBRID-INVERTER-GT-SERIES_1-scaled.jpg\" alt=\"\" width=\"1886\" height=\"2560\" srcset=\"https:\/\/www.gotopess.com\/wp-content\/uploads\/2025\/09\/\u5f69\u9875A4-4000W11000W-HYBRID-INVERTER-GT-SERIES_1-scaled.jpg 1886w, https:\/\/www.gotopess.com\/wp-content\/uploads\/2025\/09\/\u5f69\u9875A4-4000W11000W-HYBRID-INVERTER-GT-SERIES_1-295x400.jpg 295w, https:\/\/www.gotopess.com\/wp-content\/uploads\/2025\/09\/\u5f69\u9875A4-4000W11000W-HYBRID-INVERTER-GT-SERIES_1-589x800.jpg 589w, https:\/\/www.gotopess.com\/wp-content\/uploads\/2025\/09\/\u5f69\u9875A4-4000W11000W-HYBRID-INVERTER-GT-SERIES_1-768x1042.jpg 768w, https:\/\/www.gotopess.com\/wp-content\/uploads\/2025\/09\/\u5f69\u9875A4-4000W11000W-HYBRID-INVERTER-GT-SERIES_1-1132x1536.jpg 1132w, https:\/\/www.gotopess.com\/wp-content\/uploads\/2025\/09\/\u5f69\u9875A4-4000W11000W-HYBRID-INVERTER-GT-SERIES_1-1509x2048.jpg 1509w, https:\/\/www.gotopess.com\/wp-content\/uploads\/2025\/09\/\u5f69\u9875A4-4000W11000W-HYBRID-INVERTER-GT-SERIES_1-600x814.jpg 600w\" sizes=\"(max-width: 1886px) 100vw, 1886px\" \/><\/p>","protected":false},"excerpt":{"rendered":"<ul>\n<li>N\u00edvel de prote\u00e7\u00e3o IP54, \u00e0 prova d'\u00e1gua, \u00e0 prova de poeira, \u00e0 prova de n\u00e9voa salina, \u00e0 prova de corros\u00e3o<\/li>\n<li>3 anos de garantia, dur\u00e1vel e confi\u00e1vel<\/li>\n<li>Oferece suporte \u00e0 certifica\u00e7\u00e3o CE e est\u00e1 em conformidade com os padr\u00f5es da UE<\/li>\n<li>Suporta conex\u00e3o paralela de 11 unidades<\/li>\n<li>Suporte \u00e0 fun\u00e7\u00e3o Wi-Fi para verificar a gera\u00e7\u00e3o de energia e o status de alimenta\u00e7\u00e3o da rede<\/li>\n<li>Suporte \u00e0 fun\u00e7\u00e3o anti-refluxo do CT, uso pr\u00f3prio, legal e em conformidade<\/li>\n<li>funcionalidade de modo duplo fora da rede e na rede, permitindo que a gera\u00e7\u00e3o de energia Pv seja alimentada na rede, economizando custos de eletricidade<\/li>\n<li>Exibe 6 par\u00e2metros principais em tempo real no LCD (entrada fotovoltaica\/estado da rede\/efici\u00eancia de convers\u00e3o de energia de carga\/temperatura\/modo de opera\u00e7\u00e3o)<\/li>\n<\/ul>","protected":false},"featured_media":1071,"comment_status":"open","ping_status":"closed","template":"","meta":[],"product_brand":[145],"product_cat":[60,61],"product_tag":[276,177,275,178],"class_list":{"0":"post-987","1":"product","2":"type-product","3":"status-publish","4":"has-post-thumbnail","6":"product_brand-gotopower","7":"product_cat-inverters-battery-energy-storage-system","8":"product_cat-hybrid-inverter-battery-energy-storage-system","9":"product_tag-high-frequency-inverter","10":"product_tag-ip54","11":"product_tag-solar-inverter","12":"product_tag-waterproof","14":"first","15":"instock","16":"downloadable","17":"shipping-taxable","18":"product-type-simple"},"_links":{"self":[{"href":"https:\/\/www.gotopess.com\/pt\/wp-json\/wp\/v2\/product\/987","targetHints":{"allow":["GET"]}}],"collection":[{"href":"https:\/\/www.gotopess.com\/pt\/wp-json\/wp\/v2\/product"}],"about":[{"href":"https:\/\/www.gotopess.com\/pt\/wp-json\/wp\/v2\/types\/product"}],"replies":[{"embeddable":true,"href":"https:\/\/www.gotopess.com\/pt\/wp-json\/wp\/v2\/comments?post=987"}],"wp:featuredmedia":[{"embeddable":true,"href":"https:\/\/www.gotopess.com\/pt\/wp-json\/wp\/v2\/media\/1071"}],"wp:attachment":[{"href":"https:\/\/www.gotopess.com\/pt\/wp-json\/wp\/v2\/media?parent=987"}],"wp:term":[{"taxonomy":"product_brand","embeddable":true,"href":"https:\/\/www.gotopess.com\/pt\/wp-json\/wp\/v2\/product_brand?post=987"},{"taxonomy":"product_cat","embeddable":true,"href":"https:\/\/www.gotopess.com\/pt\/wp-json\/wp\/v2\/product_cat?post=987"},{"taxonomy":"product_tag","embeddable":true,"href":"https:\/\/www.gotopess.com\/pt\/wp-json\/wp\/v2\/product_tag?post=987"}],"curies":[{"name":"wp","href":"https:\/\/api.w.org\/{rel}","templated":true}]}}